{"id":504878,"date":"2022-06-20T07:14:17","date_gmt":"2022-06-20T05:14:17","guid":{"rendered":"https:\/\/lucacastelli.com\/prodotto\/trabaldo-alpenguertel\/"},"modified":"2022-06-20T07:14:17","modified_gmt":"2022-06-20T05:14:17","slug":"trabaldo-alpenguertel","status":"publish","type":"product","link":"https:\/\/lucacastelli.com\/de\/produkt\/trabaldo-alpenguertel\/","title":{"rendered":"TRABALDO ALPENG\u00dcRTEL"},"content":{"rendered":"<p>Ein unverzichtbares Accessoire, um unsere ALPINE CHALLENGE-Serie zu vervollst\u00e4ndigen. Der ALPINE-G\u00fcrtel richtet sich an die anspruchsvollsten J\u00e4ger, die einen G\u00fcrtel mit geringem Volumen und Komfort in Kombination mit der Verwendung eines Rucksacks suchen, und macht Leichtigkeit und Praktikabilit\u00e4t zu seinen St\u00e4rken. Das Gewicht von nur 65 Gramm wird durch die Verwendung der Aluminium-Verschlussschnalle und das einfache, schnelle und effektive Knopfloch-Befestigungssystem erm\u00f6glicht. 3 cm hohes Band aus Polyester\/Baumwolle, mit Jacquard-Verarbeitung in einer Gesamtl\u00e4nge von 110 cm. Erh\u00e4ltlich in zwei Farbvarianten: SCHWARZ\/BEIGE und GR\u00dcN\/SCHWARZ.    <\/p>\n","protected":false},"excerpt":{"rendered":"<p>Ein unverzichtbares Accessoire, um unsere ALPINE CHALLENGE-Serie zu vervollst\u00e4ndigen. Der ALPINE-G\u00fcrtel richtet sich an die anspruchsvollsten J\u00e4ger, die einen G\u00fcrtel<\/p>\n","protected":false},"featured_media":71196,"template":"","meta":{"_seopress_robots_primary_cat":"","_seopress_titles_title":"","_seopress_titles_desc":"","_seopress_robots_index":""},"product_brand":[3410],"product_cat":[21,186],"product_tag":[],"class_list":{"0":"post-504878","1":"product","2":"type-product","3":"status-publish","4":"has-post-thumbnail","6":"product_brand-trabaldo-gino","7":"product_cat-abbigliamento","8":"product_cat-accessori-per-labbigliamento","9":"sws-gruppo-abb-libero-de","10":"sws-conto-ricavi-merci-rivendita-abbigliamento-de","11":"sws-gruppo-iva-iva81-de","13":"first","14":"instock","15":"shipping-taxable","16":"purchasable","17":"product-type-variable"},"_links":{"self":[{"href":"https:\/\/lucacastelli.com\/de\/wp-json\/wp\/v2\/product\/504878","targetHints":{"allow":["GET"]}}],"collection":[{"href":"https:\/\/lucacastelli.com\/de\/wp-json\/wp\/v2\/product"}],"about":[{"href":"https:\/\/lucacastelli.com\/de\/wp-json\/wp\/v2\/types\/product"}],"wp:featuredmedia":[{"embeddable":true,"href":"https:\/\/lucacastelli.com\/de\/wp-json\/wp\/v2\/media\/71196"}],"wp:attachment":[{"href":"https:\/\/lucacastelli.com\/de\/wp-json\/wp\/v2\/media?parent=504878"}],"wp:term":[{"taxonomy":"product_brand","embeddable":true,"href":"https:\/\/lucacastelli.com\/de\/wp-json\/wp\/v2\/product_brand?post=504878"},{"taxonomy":"product_cat","embeddable":true,"href":"https:\/\/lucacastelli.com\/de\/wp-json\/wp\/v2\/product_cat?post=504878"},{"taxonomy":"product_tag","embeddable":true,"href":"https:\/\/lucacastelli.com\/de\/wp-json\/wp\/v2\/product_tag?post=504878"}],"curies":[{"name":"wp","href":"https:\/\/api.w.org\/{rel}","templated":true}]}}