{"id":504842,"date":"2022-06-20T06:25:10","date_gmt":"2022-06-20T04:25:10","guid":{"rendered":"https:\/\/lucacastelli.com\/prodotto\/trabaldo-schlangenalp\/"},"modified":"2026-03-01T00:25:10","modified_gmt":"2026-02-28T23:25:10","slug":"trabaldo-schlangenalp","status":"publish","type":"product","link":"https:\/\/lucacastelli.com\/de\/produkt\/trabaldo-schlangenalp\/","title":{"rendered":"TRABALDO SCHLANGENALP"},"content":{"rendered":"<p>Winter-Thermohandschuh, der der ALPINE CHALLENGE-Serie f\u00fcr Bergj\u00e4ger gewidmet ist. Wer hat sich noch nie den perfekten Kompromiss zwischen W\u00e4rme und Sensibilit\u00e4t gew\u00fcnscht? SNAKE ALP macht dieses Gleichgewicht zu seiner St\u00e4rke und garantiert ein begrenztes Volumen und hohe Isoliereigenschaften dank eines Innenfutters aus POLARTEC\u00ae ALPHA, dem Spezialfleece des amerikanischen Unternehmens, \u00ae das dem Handschuh ein angenehmes Gef\u00fchl von Weichheit verleiht. Die Kombination aus SCHOELLER\u00ae DRYSKIN und CORDURA\u00ae Ripstop-Stretch auf der R\u00fcckseite sorgt f\u00fcr Festigkeit und Elastizit\u00e4t, w\u00e4hrend zwischen den Fingern unser KETRATEX Stretch f\u00fcr Widerstandsf\u00e4higkeit und Bewegungsfreiheit sorgt. Robuster und weicher Kunstledereinsatz auf der Handfl\u00e4che, um Verschlei\u00df zu widerstehen, ohne die Sensibilit\u00e4t und den Griff zu beeintr\u00e4chtigen. Schlie\u00dflich gibt Ihnen das elastische und verstellbare Neoprenb\u00fcndchen das angenehme Gef\u00fchl eines soliden Verschlusses ohne W\u00f6lbungen.       <\/p>\n","protected":false},"excerpt":{"rendered":"<p>Winter-Thermohandschuh, der der ALPINE CHALLENGE-Serie f\u00fcr Bergj\u00e4ger gewidmet ist. Wer hat sich noch nie den perfekten Kompromiss zwischen W\u00e4rme und<\/p>\n","protected":false},"featured_media":71170,"template":"","meta":{"_seopress_robots_primary_cat":"","_seopress_titles_title":"","_seopress_titles_desc":"","_seopress_robots_index":""},"product_brand":[3410],"product_cat":[21,186],"product_tag":[],"class_list":{"0":"post-504842","1":"product","2":"type-product","3":"status-publish","4":"has-post-thumbnail","6":"product_brand-trabaldo-gino","7":"product_cat-abbigliamento","8":"product_cat-accessori-per-labbigliamento","9":"sws-gruppo-abb-libero-de","10":"sws-conto-ricavi-merci-rivendita-abbigliamento","11":"sws-gruppo-iva-iva81","13":"first","14":"instock","15":"shipping-taxable","16":"purchasable","17":"product-type-variable"},"_links":{"self":[{"href":"https:\/\/lucacastelli.com\/de\/wp-json\/wp\/v2\/product\/504842","targetHints":{"allow":["GET"]}}],"collection":[{"href":"https:\/\/lucacastelli.com\/de\/wp-json\/wp\/v2\/product"}],"about":[{"href":"https:\/\/lucacastelli.com\/de\/wp-json\/wp\/v2\/types\/product"}],"wp:featuredmedia":[{"embeddable":true,"href":"https:\/\/lucacastelli.com\/de\/wp-json\/wp\/v2\/media\/71170"}],"wp:attachment":[{"href":"https:\/\/lucacastelli.com\/de\/wp-json\/wp\/v2\/media?parent=504842"}],"wp:term":[{"taxonomy":"product_brand","embeddable":true,"href":"https:\/\/lucacastelli.com\/de\/wp-json\/wp\/v2\/product_brand?post=504842"},{"taxonomy":"product_cat","embeddable":true,"href":"https:\/\/lucacastelli.com\/de\/wp-json\/wp\/v2\/product_cat?post=504842"},{"taxonomy":"product_tag","embeddable":true,"href":"https:\/\/lucacastelli.com\/de\/wp-json\/wp\/v2\/product_tag?post=504842"}],"curies":[{"name":"wp","href":"https:\/\/api.w.org\/{rel}","templated":true}]}}