{"id":504805,"date":"2022-06-20T06:19:10","date_gmt":"2022-06-20T04:19:10","guid":{"rendered":"https:\/\/lucacastelli.com\/prodotto\/trabaldo-gipfel\/"},"modified":"2026-03-01T00:25:10","modified_gmt":"2026-02-28T23:25:10","slug":"trabaldo-gipfel","status":"publish","type":"product","link":"https:\/\/lucacastelli.com\/de\/produkt\/trabaldo-gipfel\/","title":{"rendered":"TRABALDO GIPFEL"},"content":{"rendered":"<p>Thermohandschuh f\u00fcr den Winter, wenn wir unsere H\u00e4nde warm halten und vor bitterer K\u00e4lte sch\u00fctzen m\u00fcssen. PEAK ist mit THINDOWN-Daunen\u00ae gepolstert, die bei gleichem Gewicht w\u00e4rmer sind als herk\u00f6mmliche synthetische Watte und dank der Reduzierung des Volumens die Dicke verringern, so dass der Handschuh empfindlich bleibt. Im Vergleich zu einer Polyesterwatte ist THINDOWN\u00ae bei gleichem Gewicht bis zu 400% w\u00e4rmer. PEAK ist an den am st\u00e4rksten beanspruchten Stellen mit TITANIAL- und KETRATEX-Gewebeeins\u00e4tzen verst\u00e4rkt, w\u00e4hrend die Innenhand aus robustem, leisem und wasserdichtem Kunstleder besteht. Der Gummizug am Handgelenk und der Velcro-Verschluss sorgen f\u00fcr eine optimale Passform. Handschuh geeignet f\u00fcr lange und kalte Wartezeiten bei der Post oder f\u00fcr den Einsatz in den Bergen in der kalten Jahreszeit.     <\/p>\n","protected":false},"excerpt":{"rendered":"<p>Thermohandschuh f\u00fcr den Winter, wenn wir unsere H\u00e4nde warm halten und vor bitterer K\u00e4lte sch\u00fctzen m\u00fcssen. PEAK ist mit THINDOWN-Daunen\u00ae<\/p>\n","protected":false},"featured_media":71161,"template":"","meta":{"_seopress_robots_primary_cat":"","_seopress_titles_title":"","_seopress_titles_desc":"","_seopress_robots_index":""},"product_brand":[3674],"product_cat":[1391,82],"product_tag":[],"class_list":{"0":"post-504805","1":"product","2":"type-product","3":"status-publish","4":"has-post-thumbnail","6":"product_brand-trabaldo-gino-de","7":"product_cat-bekleidungs-accessoires","8":"product_cat-kleidung","9":"sws-gruppo-abb-libero-de","10":"sws-conto-ricavi-merci-rivendita-abbigliamento-de","11":"sws-gruppo-iva-iva81-de","13":"first","14":"instock","15":"shipping-taxable","16":"purchasable","17":"product-type-variable"},"_links":{"self":[{"href":"https:\/\/lucacastelli.com\/de\/wp-json\/wp\/v2\/product\/504805","targetHints":{"allow":["GET"]}}],"collection":[{"href":"https:\/\/lucacastelli.com\/de\/wp-json\/wp\/v2\/product"}],"about":[{"href":"https:\/\/lucacastelli.com\/de\/wp-json\/wp\/v2\/types\/product"}],"wp:featuredmedia":[{"embeddable":true,"href":"https:\/\/lucacastelli.com\/de\/wp-json\/wp\/v2\/media\/71161"}],"wp:attachment":[{"href":"https:\/\/lucacastelli.com\/de\/wp-json\/wp\/v2\/media?parent=504805"}],"wp:term":[{"taxonomy":"product_brand","embeddable":true,"href":"https:\/\/lucacastelli.com\/de\/wp-json\/wp\/v2\/product_brand?post=504805"},{"taxonomy":"product_cat","embeddable":true,"href":"https:\/\/lucacastelli.com\/de\/wp-json\/wp\/v2\/product_cat?post=504805"},{"taxonomy":"product_tag","embeddable":true,"href":"https:\/\/lucacastelli.com\/de\/wp-json\/wp\/v2\/product_tag?post=504805"}],"curies":[{"name":"wp","href":"https:\/\/api.w.org\/{rel}","templated":true}]}}