{"id":504770,"date":"2022-06-18T15:13:10","date_gmt":"2022-06-18T13:13:10","guid":{"rendered":"https:\/\/lucacastelli.com\/prodotto\/trabaldo-wanderweg\/"},"modified":"2026-03-01T00:25:06","modified_gmt":"2026-02-28T23:25:06","slug":"trabaldo-wanderweg","status":"publish","type":"product","link":"https:\/\/lucacastelli.com\/de\/produkt\/trabaldo-wanderweg\/","title":{"rendered":"TRABALDO-WANDERWEG"},"content":{"rendered":"<p>TRAIL ist die am besten ausgestattete und vollst\u00e4ndig zu \u00f6ffnende Variante des SERAK-Modells. Eine Zwischenschicht, die der ALPINE CHALLENGE-Serie gewidmet ist und sich dank der Verwendung des innovativen POLARTEC\u00ae POWER AIR\u2122 (100% recycelt) von normalen Fleeces abhebt. In jeder einzelnen Zelle ist ein Polyestergarn eingekapselt, um eine Lufttasche zu schaffen, die als W\u00e4rmeisolator dient. Das Ergebnis ist ein Gewebe mit weichem Griff und hohen isolierenden Eigenschaften in Bezug auf reduziertes Volumen und hohe Elastizit\u00e4t. Die Hard-Face-Ausr\u00fcstung, die in den Bereichen mit der gr\u00f6\u00dften Beanspruchung aufgetragen wird, reduziert das Auftreten von Pilling, das durch das Reiben von Gurten und Rucks\u00e4cken entsteht, w\u00e4hrend die KETRATEX-Stretcheins\u00e4tze an Schultern und Ellbogen an den Stellen mit der gr\u00f6\u00dften Beanspruchung Widerstand leisten. Zwei Fronttaschen, die praktischerweise im unteren Teil untergebracht sind, bieten den n\u00f6tigen Platz, um Zubeh\u00f6r zu verstauen, ohne dass im f\u00fcr das Schie\u00dfen verantwortlichen Schulterbereich Hindernisse entstehen.     <\/p>\n","protected":false},"excerpt":{"rendered":"<p>TRAIL ist die am besten ausgestattete und vollst\u00e4ndig zu \u00f6ffnende Variante des SERAK-Modells. Eine Zwischenschicht, die der ALPINE CHALLENGE-Serie gewidmet<\/p>\n","protected":false},"featured_media":69939,"template":"","meta":{"_seopress_robots_primary_cat":"","_seopress_titles_title":"","_seopress_titles_desc":"","_seopress_robots_index":""},"product_brand":[3674],"product_cat":[974,975,82],"product_tag":[],"class_list":{"0":"post-504770","1":"product","2":"type-product","3":"status-publish","4":"has-post-thumbnail","6":"product_brand-trabaldo-gino-de","7":"product_cat-freizeitkleidung","8":"product_cat-herrenbekleidung","9":"product_cat-kleidung","10":"sws-gruppo-abb-libero-de","11":"sws-conto-ricavi-merci-rivendita-abbigliamento-de","12":"sws-gruppo-iva-iva81-de","14":"first","15":"instock","16":"shipping-taxable","17":"purchasable","18":"product-type-variable"},"_links":{"self":[{"href":"https:\/\/lucacastelli.com\/de\/wp-json\/wp\/v2\/product\/504770","targetHints":{"allow":["GET"]}}],"collection":[{"href":"https:\/\/lucacastelli.com\/de\/wp-json\/wp\/v2\/product"}],"about":[{"href":"https:\/\/lucacastelli.com\/de\/wp-json\/wp\/v2\/types\/product"}],"wp:featuredmedia":[{"embeddable":true,"href":"https:\/\/lucacastelli.com\/de\/wp-json\/wp\/v2\/media\/69939"}],"wp:attachment":[{"href":"https:\/\/lucacastelli.com\/de\/wp-json\/wp\/v2\/media?parent=504770"}],"wp:term":[{"taxonomy":"product_brand","embeddable":true,"href":"https:\/\/lucacastelli.com\/de\/wp-json\/wp\/v2\/product_brand?post=504770"},{"taxonomy":"product_cat","embeddable":true,"href":"https:\/\/lucacastelli.com\/de\/wp-json\/wp\/v2\/product_cat?post=504770"},{"taxonomy":"product_tag","embeddable":true,"href":"https:\/\/lucacastelli.com\/de\/wp-json\/wp\/v2\/product_tag?post=504770"}],"curies":[{"name":"wp","href":"https:\/\/api.w.org\/{rel}","templated":true}]}}