{"id":504728,"date":"2022-06-18T15:00:14","date_gmt":"2022-06-18T13:00:14","guid":{"rendered":"https:\/\/lucacastelli.com\/prodotto\/trabaldo-cirrus-leuchte\/"},"modified":"2026-03-01T00:25:07","modified_gmt":"2026-02-28T23:25:07","slug":"trabaldo-cirrus-leuchte","status":"publish","type":"product","link":"https:\/\/lucacastelli.com\/de\/produkt\/trabaldo-cirrus-leuchte\/","title":{"rendered":"TRABALDO CIRRUS LEUCHTE"},"content":{"rendered":"<p>Wie viel wiegt eine Wolke? CIRRUS LIGHT kommt mit seinen nur 120 g dem sehr nahe. (Gr\u00f6\u00dfe L). Ideales technisches Trikot, wenn die Hitze keine Pause bietet und jedes Kleidungsst\u00fcck bereits zu viel ist. Grundgewebe aus DRYFAST, einer Mischung aus Polypropylen auf der Innenseite und Polyester auf der Au\u00dfenseite. Diese besondere Kopplung erm\u00f6glicht es, dass der Teil des Kleidungsst\u00fccks bei intensiver Aktivit\u00e4t trocken mit der Haut in Kontakt bleibt und der Schwei\u00df nach au\u00dfen transportiert wird, wo er schnell verdunsten kann. Seitliche Eins\u00e4tze aus Lyocell, das aus Zellulose gewonnen wird, um auch in diesem Fall Weichheit und Atmungsaktivit\u00e4t zu gew\u00e4hrleisten. ALPINE CHALLENGE-Personalisierung auf der linken Schulter, passend zu den Kleidungsst\u00fccken der Serie.        <\/p>\n","protected":false},"excerpt":{"rendered":"<p>Wie viel wiegt eine Wolke? CIRRUS LIGHT kommt mit seinen nur 120 g dem sehr nahe. (Gr\u00f6\u00dfe L). Ideales technisches<\/p>\n","protected":false},"featured_media":69911,"template":"","meta":{"_seopress_robots_primary_cat":"","_seopress_titles_title":"","_seopress_titles_desc":"","_seopress_robots_index":""},"product_brand":[3674],"product_cat":[974,975,82],"product_tag":[],"class_list":{"0":"post-504728","1":"product","2":"type-product","3":"status-publish","4":"has-post-thumbnail","6":"product_brand-trabaldo-gino-de","7":"product_cat-freizeitkleidung","8":"product_cat-herrenbekleidung","9":"product_cat-kleidung","10":"sws-gruppo-abb-libero-de","11":"sws-conto-ricavi-merci-rivendita-abbigliamento-de","12":"sws-gruppo-iva-iva81-de","14":"first","15":"instock","16":"shipping-taxable","17":"purchasable","18":"product-type-variable"},"_links":{"self":[{"href":"https:\/\/lucacastelli.com\/de\/wp-json\/wp\/v2\/product\/504728","targetHints":{"allow":["GET"]}}],"collection":[{"href":"https:\/\/lucacastelli.com\/de\/wp-json\/wp\/v2\/product"}],"about":[{"href":"https:\/\/lucacastelli.com\/de\/wp-json\/wp\/v2\/types\/product"}],"wp:featuredmedia":[{"embeddable":true,"href":"https:\/\/lucacastelli.com\/de\/wp-json\/wp\/v2\/media\/69911"}],"wp:attachment":[{"href":"https:\/\/lucacastelli.com\/de\/wp-json\/wp\/v2\/media?parent=504728"}],"wp:term":[{"taxonomy":"product_brand","embeddable":true,"href":"https:\/\/lucacastelli.com\/de\/wp-json\/wp\/v2\/product_brand?post=504728"},{"taxonomy":"product_cat","embeddable":true,"href":"https:\/\/lucacastelli.com\/de\/wp-json\/wp\/v2\/product_cat?post=504728"},{"taxonomy":"product_tag","embeddable":true,"href":"https:\/\/lucacastelli.com\/de\/wp-json\/wp\/v2\/product_tag?post=504728"}],"curies":[{"name":"wp","href":"https:\/\/api.w.org\/{rel}","templated":true}]}}