{"id":504721,"date":"2023-12-14T13:28:08","date_gmt":"2023-12-14T12:28:08","guid":{"rendered":"https:\/\/lucacastelli.com\/prodotto\/tsl-305-original-boa-celestial\/"},"modified":"2023-12-14T13:28:08","modified_gmt":"2023-12-14T12:28:08","slug":"tsl-305-original-boa-celestial","status":"publish","type":"product","link":"https:\/\/lucacastelli.com\/de\/produkt\/tsl-305-original-boa-celestial\/","title":{"rendered":"TSL 305 Original BOA Celestial"},"content":{"rendered":"<p>Schneeschuh TSL 305 Original (Hellblau)<br \/>\nDie Kombination aus dem 3D-Rahmen und der TSL Original 305 Schneeschuhbindung erm\u00f6glicht es Ihnen, verschiedene Spielfelder einfach zu verbinden.<\/p>\n<p>Vorteile:<br \/>\nGuter R\u00fcckruf<br \/>\nLicht<br \/>\nEinfach zu bedienen<br \/>\nTechnische Daten :<br \/>\nVespa-Taille = nat\u00fcrliches<br \/>\nGehen 3D-Design f\u00fcr guten Halt an H\u00e4ngen<br \/>\nFlexible Teleskopbefestigung, die die Entwicklung des Fu\u00dfes<br \/>\nrespektiert Lock-Einstellung: Diese Einstellung ist einfach durchzuf\u00fchren und erm\u00f6glicht es Ihnen, sich die Schuhgr\u00f6\u00dfe f\u00fcr alle Schneeschuhausfl\u00fcge zu merken.<br \/>\nBOA\u00ae Fit System: ERM\u00d6GLICHT EINEN SCHNELLEN, EINFACHEN UND PR\u00c4ZISEN GRIFF MIT EINER HAND.<br \/>\n&#8211; AGILIT\u00c4T UND GESCHWINDIGKEIT: Das BOA\u00ae Fit System erm\u00f6glicht schnellere und kraftvollere Richtungswechsel dank einer besseren Verbindung zwischen dem Ger\u00e4t und dem K\u00f6rper.<br \/>\n&#8211; POWER UND ACCURACY: Power ohne Kompromisse bei der Pr\u00e4zision: Das BOA\u00ae Fit System bietet mehr Explosivit\u00e4t und unvergleichliche Pr\u00e4zision.<br \/>\nSeitliche Verstellung: Seitliche Verstellung mit Memory, um sich an jede Schuhbreite anzupassen.<br \/>\nZahnstangenklemme f\u00fcr die Ferse f\u00fcr pr\u00e4zises und schnelles<br \/>\nSpiel Bi-Material-Komfortgurt<br \/>\nEASY ASSIGN Ger\u00e4usch- und Sto\u00dfd\u00e4mpfer<br \/>\n: automatischer Kletterkeil, der an der Stange befestigt werden kann. Beim Klettern gibt es kein Gef\u00fchl des Schlagens unter dem Fu\u00df, das Gewicht verteilt sich auf die gesamte Ferse der Bindung.<br \/>\nSehr starker Grip auf der Piste dank 3D-Design<br \/>\nFrontklaue<br \/>\n6 austauschbare<br \/>\nStahlstollen Alle TSL-Schneeschuhpaare werden mit Abdeckungen f\u00fcr Transport und Lagerung geliefert. <\/p>\n<p>Gr\u00f6\u00dfen: 37 &gt; 45<br \/>\nBenutzergewicht: 30 &gt; 80 kg<br \/>\nAbmessungen: 55 x 20,5 cm<br \/>\nGewicht: 800 g x 2<br \/>\nBolzen: 2 x 6<br \/>\nVordere Klaue: ok<\/p>\n","protected":false},"excerpt":{"rendered":"<p>Schneeschuh TSL 305 Original (Hellblau) Die Kombination aus dem 3D-Rahmen und der TSL Original 305 Schneeschuhbindung erm\u00f6glicht es Ihnen, verschiedene<\/p>\n","protected":false},"featured_media":94892,"template":"","meta":{"_seopress_robots_primary_cat":"","_seopress_titles_title":"","_seopress_titles_desc":"","_seopress_robots_index":""},"product_brand":[4403],"product_cat":[33,211,212],"product_tag":[],"class_list":{"0":"post-504721","1":"product","2":"type-product","3":"status-publish","4":"has-post-thumbnail","6":"product_brand-tsl","7":"product_cat-attrezzature","8":"product_cat-attrezzatura-per-il-tempo-libero","9":"product_cat-altro","11":"first","12":"instock","13":"shipping-taxable","14":"purchasable","15":"product-type-simple"},"_links":{"self":[{"href":"https:\/\/lucacastelli.com\/de\/wp-json\/wp\/v2\/product\/504721","targetHints":{"allow":["GET"]}}],"collection":[{"href":"https:\/\/lucacastelli.com\/de\/wp-json\/wp\/v2\/product"}],"about":[{"href":"https:\/\/lucacastelli.com\/de\/wp-json\/wp\/v2\/types\/product"}],"wp:featuredmedia":[{"embeddable":true,"href":"https:\/\/lucacastelli.com\/de\/wp-json\/wp\/v2\/media\/94892"}],"wp:attachment":[{"href":"https:\/\/lucacastelli.com\/de\/wp-json\/wp\/v2\/media?parent=504721"}],"wp:term":[{"taxonomy":"product_brand","embeddable":true,"href":"https:\/\/lucacastelli.com\/de\/wp-json\/wp\/v2\/product_brand?post=504721"},{"taxonomy":"product_cat","embeddable":true,"href":"https:\/\/lucacastelli.com\/de\/wp-json\/wp\/v2\/product_cat?post=504721"},{"taxonomy":"product_tag","embeddable":true,"href":"https:\/\/lucacastelli.com\/de\/wp-json\/wp\/v2\/product_tag?post=504721"}],"curies":[{"name":"wp","href":"https:\/\/api.w.org\/{rel}","templated":true}]}}