{"id":504706,"date":"2024-08-18T08:14:08","date_gmt":"2024-08-18T06:14:08","guid":{"rendered":"https:\/\/lucacastelli.com\/prodotto\/trabaldo-audax\/"},"modified":"2026-03-01T00:25:08","modified_gmt":"2026-02-28T23:25:08","slug":"trabaldo-audax","status":"publish","type":"product","link":"https:\/\/lucacastelli.com\/de\/produkt\/trabaldo-audax\/","title":{"rendered":"TRABALDO AUDAX"},"content":{"rendered":"<p>Technischer Handschuh, der in der Lage ist, St\u00e4rke, Sensibilit\u00e4t und W\u00e4rme zu vereinen. Alle Thermohandschuhe berauben uns aufgrund der darin verwendeten Polsterung teilweise der notwendigen Sensibilit\u00e4t an der Waffe. AUDAX bietet eine praktische und funktionelle L\u00f6sung f\u00fcr das Problem: Der herausnehmbare Thermo-Unterhandschuh aus Merinowolle vermeidet dank seiner trockenen Passform l\u00e4stige W\u00f6lbungen, minimiert den Verlust der Sensibilit\u00e4t an den Fingern und sorgt f\u00fcr W\u00e4rme und Komfort. Der Au\u00dfenhandschuh hingegen verwendet unser neues TITANIAL STRETCH auf der R\u00fcckseite, das dank des Elastizit\u00e4tsmoduls des Materials eine eng anliegende Passform und eine hohe Rei\u00df- und H\u00e4ngenbliebf\u00e4higkeit gew\u00e4hrleistet. Schlie\u00dflich besteht die Handfl\u00e4che aus robustem und weichem \u00d6ko-Leder, um Verschlei\u00df zu widerstehen, ohne die Sensibilit\u00e4t und den Griff zu beeintr\u00e4chtigen. Dank seiner Modularit\u00e4t wird Sie dieser Handschuh vom Anfang bis zum Ende der Jagdsaison begleiten: Sie k\u00f6nnen AUDAX in Kombination mit dem Thermo-Unterhandschuh in der Wintersaison oder direkt auf der Haut w\u00e4hrend der milden Tage zu Beginn der Saison verwenden.     <\/p>\n","protected":false},"excerpt":{"rendered":"<p>Technischer Handschuh, der in der Lage ist, St\u00e4rke, Sensibilit\u00e4t und W\u00e4rme zu vereinen. Alle Thermohandschuhe berauben uns aufgrund der darin<\/p>\n","protected":false},"featured_media":97149,"template":"","meta":{"_seopress_robots_primary_cat":"","_seopress_titles_title":"","_seopress_titles_desc":"","_seopress_robots_index":""},"product_brand":[3674],"product_cat":[1391,82],"product_tag":[],"class_list":{"0":"post-504706","1":"product","2":"type-product","3":"status-publish","4":"has-post-thumbnail","6":"product_brand-trabaldo-gino-de","7":"product_cat-bekleidungs-accessoires","8":"product_cat-kleidung","10":"first","11":"instock","12":"shipping-taxable","13":"purchasable","14":"product-type-variable"},"_links":{"self":[{"href":"https:\/\/lucacastelli.com\/de\/wp-json\/wp\/v2\/product\/504706","targetHints":{"allow":["GET"]}}],"collection":[{"href":"https:\/\/lucacastelli.com\/de\/wp-json\/wp\/v2\/product"}],"about":[{"href":"https:\/\/lucacastelli.com\/de\/wp-json\/wp\/v2\/types\/product"}],"wp:featuredmedia":[{"embeddable":true,"href":"https:\/\/lucacastelli.com\/de\/wp-json\/wp\/v2\/media\/97149"}],"wp:attachment":[{"href":"https:\/\/lucacastelli.com\/de\/wp-json\/wp\/v2\/media?parent=504706"}],"wp:term":[{"taxonomy":"product_brand","embeddable":true,"href":"https:\/\/lucacastelli.com\/de\/wp-json\/wp\/v2\/product_brand?post=504706"},{"taxonomy":"product_cat","embeddable":true,"href":"https:\/\/lucacastelli.com\/de\/wp-json\/wp\/v2\/product_cat?post=504706"},{"taxonomy":"product_tag","embeddable":true,"href":"https:\/\/lucacastelli.com\/de\/wp-json\/wp\/v2\/product_tag?post=504706"}],"curies":[{"name":"wp","href":"https:\/\/api.w.org\/{rel}","templated":true}]}}