{"id":504703,"date":"2024-06-03T13:57:22","date_gmt":"2024-06-03T11:57:22","guid":{"rendered":"https:\/\/lucacastelli.com\/prodotto\/trabaldo-warmer-halswaermer-gruen-orange\/"},"modified":"2024-06-03T13:57:22","modified_gmt":"2024-06-03T11:57:22","slug":"trabaldo-warmer-halswaermer-gruen-orange","status":"publish","type":"product","link":"https:\/\/lucacastelli.com\/de\/produkt\/trabaldo-warmer-halswaermer-gruen-orange\/","title":{"rendered":"TRABALDO WARMER HALSW\u00c4RMER &#8211; Gr\u00fcn Orange"},"content":{"rendered":"<p>Vielseitiger Halsw\u00e4rmer mit SEAMLESS-Technologie in drei Farbvarianten. In den Versionen 298\/gr\u00fcn und 298\/neon k\u00f6nnen Sie w\u00e4hlen, ob Sie es auf der gr\u00fcnen Seite oder auf der fluoreszierenden Seite tragen m\u00f6chten, um im Wald besser sichtbar zu sein, w\u00e4hrend die Version 298\/188 ideal mit Kleidungsst\u00fccken aus unserer ALPINE CHALLENGE-Linie kombiniert werden kann.   <\/p>\n","protected":false},"excerpt":{"rendered":"<p>Vielseitiger Halsw\u00e4rmer mit SEAMLESS-Technologie in drei Farbvarianten. In den Versionen 298\/gr\u00fcn und 298\/neon k\u00f6nnen Sie w\u00e4hlen, ob Sie es auf<\/p>\n","protected":false},"featured_media":97139,"template":"","meta":{"_seopress_robots_primary_cat":"","_seopress_titles_title":"","_seopress_titles_desc":"","_seopress_robots_index":""},"product_brand":[3674],"product_cat":[82,1391],"product_tag":[],"class_list":{"0":"post-504703","1":"product","2":"type-product","3":"status-publish","4":"has-post-thumbnail","6":"product_brand-trabaldo-gino-de","7":"product_cat-kleidung","8":"product_cat-bekleidungs-accessoires","10":"first","11":"outofstock","12":"shipping-taxable","13":"purchasable","14":"product-type-simple"},"_links":{"self":[{"href":"https:\/\/lucacastelli.com\/de\/wp-json\/wp\/v2\/product\/504703","targetHints":{"allow":["GET"]}}],"collection":[{"href":"https:\/\/lucacastelli.com\/de\/wp-json\/wp\/v2\/product"}],"about":[{"href":"https:\/\/lucacastelli.com\/de\/wp-json\/wp\/v2\/types\/product"}],"wp:featuredmedia":[{"embeddable":true,"href":"https:\/\/lucacastelli.com\/de\/wp-json\/wp\/v2\/media\/97139"}],"wp:attachment":[{"href":"https:\/\/lucacastelli.com\/de\/wp-json\/wp\/v2\/media?parent=504703"}],"wp:term":[{"taxonomy":"product_brand","embeddable":true,"href":"https:\/\/lucacastelli.com\/de\/wp-json\/wp\/v2\/product_brand?post=504703"},{"taxonomy":"product_cat","embeddable":true,"href":"https:\/\/lucacastelli.com\/de\/wp-json\/wp\/v2\/product_cat?post=504703"},{"taxonomy":"product_tag","embeddable":true,"href":"https:\/\/lucacastelli.com\/de\/wp-json\/wp\/v2\/product_tag?post=504703"}],"curies":[{"name":"wp","href":"https:\/\/api.w.org\/{rel}","templated":true}]}}