{"id":504693,"date":"2023-05-24T04:11:49","date_gmt":"2023-05-24T02:11:49","guid":{"rendered":"https:\/\/lucacastelli.com\/prodotto\/trabaldo-warrior-pro\/"},"modified":"2023-05-24T04:11:49","modified_gmt":"2023-05-24T02:11:49","slug":"trabaldo-warrior-pro","status":"publish","type":"product","link":"https:\/\/lucacastelli.com\/de\/produkt\/trabaldo-warrior-pro\/","title":{"rendered":"TRABALDO WARRIOR PRO"},"content":{"rendered":"<p>Wir sind stolz darauf, WARRIOR PRO zu pr\u00e4sentieren. Ein weiterer Schritt nach vorn f\u00fcr Stretchhosen, die dank der Verwendung von KETRATEX-Stretch in der Lage sind, die Widerstandsf\u00e4higkeit gegen H\u00e4ngenbleiben und Abrieb weiter zu verbessern, ohne auf Komfort zu verzichten. F\u00fcr diese Hose mit schwer fassbaren Linien haben wir uns jedoch nicht darauf beschr\u00e4nkt, sondern WARRIOR verwendet die TITANIAL-Technologie f\u00fcr die Verst\u00e4rkung der Vorderseite. Geboren in Trabaldo aus dem tiefen Wissen \u00fcber Webtechniken und physikalische Eigenschaften von Fasern, ist TITANIAL ein Ausdruck des h\u00f6chsten Niveaus, das heute mit den fortschrittlichsten Technologien erreicht werden kann, um Stoffe zu erhalten, die Leichtigkeit und Atmungsaktivit\u00e4t mit einer unvergleichlichen Rei\u00df- und Rei\u00dffestigkeit kombinieren. TITANIAL besteht aus einer Mischung von hochfesten Fasern, darunter Dyneema\u00ae, das 15-mal st\u00e4rker als Stahl ist, und ist ein neuer Meilenstein f\u00fcr die Anforderungen an Gewichtsreduzierung und Erh\u00f6hung der Widerstandsf\u00e4higkeit, die die Jagdwelt zur Verbesserung der Haltbarkeit, Leistung und des Wohlbefindens des t\u00e4glichen Gebrauchs ben\u00f6tigt. Ein neuer Schritt nach vorne, der Sie immer wieder in Erstaunen versetzen wird und der es dem WARRIOR PRO erm\u00f6glicht, sich an die schwierigsten Jagdsituationen anzupassen. Die Comfort Zone im Lendenwirbelbereich gibt Ihnen mehr Bewegungsfreiheit, w\u00e4hrend der Top Fix zur Befestigung am Stiefel Sie die Gamaschen vergessen l\u00e4sst. Die Linie, die Farben und der Stil sowie die Befriedigung Ihrer Augen werden Ihnen das Gef\u00fchl geben, Teil unserer Welt zu sein.       <\/p>\n<p>Erh\u00e4ltlich in zwei wasserdichten (WARRIOR PRO) und nicht wasserdichten (WARRIOR, Art. 2950\/19500TITANIAL) Versionen.<\/p>\n","protected":false},"excerpt":{"rendered":"<p>Wir sind stolz darauf, WARRIOR PRO zu pr\u00e4sentieren. Ein weiterer Schritt nach vorn f\u00fcr Stretchhosen, die dank der Verwendung von<\/p>\n","protected":false},"featured_media":91245,"template":"","meta":{"_seopress_robots_primary_cat":"","_seopress_titles_title":"","_seopress_titles_desc":"","_seopress_robots_index":""},"product_brand":[3674],"product_cat":[974,975,82],"product_tag":[],"class_list":{"0":"post-504693","1":"product","2":"type-product","3":"status-publish","4":"has-post-thumbnail","6":"product_brand-trabaldo-gino-de","7":"product_cat-freizeitkleidung","8":"product_cat-herrenbekleidung","9":"product_cat-kleidung","11":"first","12":"instock","13":"sale","14":"shipping-taxable","15":"purchasable","16":"product-type-variable"},"_links":{"self":[{"href":"https:\/\/lucacastelli.com\/de\/wp-json\/wp\/v2\/product\/504693","targetHints":{"allow":["GET"]}}],"collection":[{"href":"https:\/\/lucacastelli.com\/de\/wp-json\/wp\/v2\/product"}],"about":[{"href":"https:\/\/lucacastelli.com\/de\/wp-json\/wp\/v2\/types\/product"}],"wp:featuredmedia":[{"embeddable":true,"href":"https:\/\/lucacastelli.com\/de\/wp-json\/wp\/v2\/media\/91245"}],"wp:attachment":[{"href":"https:\/\/lucacastelli.com\/de\/wp-json\/wp\/v2\/media?parent=504693"}],"wp:term":[{"taxonomy":"product_brand","embeddable":true,"href":"https:\/\/lucacastelli.com\/de\/wp-json\/wp\/v2\/product_brand?post=504693"},{"taxonomy":"product_cat","embeddable":true,"href":"https:\/\/lucacastelli.com\/de\/wp-json\/wp\/v2\/product_cat?post=504693"},{"taxonomy":"product_tag","embeddable":true,"href":"https:\/\/lucacastelli.com\/de\/wp-json\/wp\/v2\/product_tag?post=504693"}],"curies":[{"name":"wp","href":"https:\/\/api.w.org\/{rel}","templated":true}]}}