{"id":504635,"date":"2023-05-11T20:13:09","date_gmt":"2023-05-11T18:13:09","guid":{"rendered":"https:\/\/lucacastelli.com\/prodotto\/trabaldo-sherpa\/"},"modified":"2026-03-01T00:25:03","modified_gmt":"2026-02-28T23:25:03","slug":"trabaldo-sherpa","status":"publish","type":"product","link":"https:\/\/lucacastelli.com\/de\/produkt\/trabaldo-sherpa\/","title":{"rendered":"TRABALDO SHERPA"},"content":{"rendered":"<p>F\u00fcr alle, die auf der Suche nach einem vielseitigen, mittelschweren Fleece sind, das einzeln oder als Polsterung f\u00fcr eine Jacke aus unserer Kollektion verwendet werden kann, pr\u00e4sentieren wir jetzt SHERPA. SHERPA wurde unter dem Banner ALPINE CHALLENGE entwickelt und vereint alle Funktionen, die diese Serie zu einer Ikone der Gebirgsjagd gemacht haben. Das strukturierte Fleece-Gewebe mit innenliegendem Gitter bietet die perfekte Balance zwischen W\u00e4rmeisolierung, Atmungsaktivit\u00e4t und Pilling-Resistenz. Wie gewohnt sind die charakteristischen TITANIAL- und KETRATEX-Stretchverst\u00e4rkungen der Linie an den Schultern und am R\u00fccken in den Kontaktbereichen mit den Schultergurten und den Schn\u00fcrgurten des Rucksacks konturiert. Die Ellbogen und Unterarme sind ebenfalls richtig verst\u00e4rkt, um die Hauptkontaktpunkte bei der Jagd und beim Schie\u00dfen zu sch\u00fctzen. Unter Ber\u00fccksichtigung des Verwendungszwecks verwendet SHERPA das neue POLARTEC\u00ae POWER AIR \u2122 im Unterarm und an den Seiten mit starrer Verarbeitung, um die Atmungsaktivit\u00e4t zu erh\u00f6hen: Jede einzelne Zelle ist in einem Polyestergarn (100% recycelt) eingekapselt, das eine Lufttasche bildet, die als W\u00e4rmeisolator fungiert und ein Gewebe mit weichem Griff und hohen Isoliereigenschaften in Kombination mit geringem Volumen und hoher Elastizit\u00e4t erh\u00e4lt. Zwei gro\u00dfe Fronttaschen runden das Kleidungsst\u00fcck ab.      <\/p>\n","protected":false},"excerpt":{"rendered":"<p>F\u00fcr alle, die auf der Suche nach einem vielseitigen, mittelschweren Fleece sind, das einzeln oder als Polsterung f\u00fcr eine Jacke<\/p>\n","protected":false},"featured_media":90678,"template":"","meta":{"_seopress_robots_primary_cat":"","_seopress_titles_title":"","_seopress_titles_desc":"","_seopress_robots_index":""},"product_brand":[3674],"product_cat":[974,975,82],"product_tag":[],"class_list":{"0":"post-504635","1":"product","2":"type-product","3":"status-publish","4":"has-post-thumbnail","6":"product_brand-trabaldo-gino-de","7":"product_cat-freizeitkleidung","8":"product_cat-herrenbekleidung","9":"product_cat-kleidung","10":"sws-gruppo-abb-libero-de","11":"sws-conto-ricavi-merci-rivendita-abbigliamento-de","12":"sws-gruppo-iva-iva81-de","14":"first","15":"instock","16":"shipping-taxable","17":"purchasable","18":"product-type-variable"},"_links":{"self":[{"href":"https:\/\/lucacastelli.com\/de\/wp-json\/wp\/v2\/product\/504635","targetHints":{"allow":["GET"]}}],"collection":[{"href":"https:\/\/lucacastelli.com\/de\/wp-json\/wp\/v2\/product"}],"about":[{"href":"https:\/\/lucacastelli.com\/de\/wp-json\/wp\/v2\/types\/product"}],"wp:featuredmedia":[{"embeddable":true,"href":"https:\/\/lucacastelli.com\/de\/wp-json\/wp\/v2\/media\/90678"}],"wp:attachment":[{"href":"https:\/\/lucacastelli.com\/de\/wp-json\/wp\/v2\/media?parent=504635"}],"wp:term":[{"taxonomy":"product_brand","embeddable":true,"href":"https:\/\/lucacastelli.com\/de\/wp-json\/wp\/v2\/product_brand?post=504635"},{"taxonomy":"product_cat","embeddable":true,"href":"https:\/\/lucacastelli.com\/de\/wp-json\/wp\/v2\/product_cat?post=504635"},{"taxonomy":"product_tag","embeddable":true,"href":"https:\/\/lucacastelli.com\/de\/wp-json\/wp\/v2\/product_tag?post=504635"}],"curies":[{"name":"wp","href":"https:\/\/api.w.org\/{rel}","templated":true}]}}