{"id":504610,"date":"2023-05-11T19:26:53","date_gmt":"2023-05-11T17:26:53","guid":{"rendered":"https:\/\/lucacastelli.com\/prodotto\/trabaldo-dragonfly-evo\/"},"modified":"2026-03-01T00:25:11","modified_gmt":"2026-02-28T23:25:11","slug":"trabaldo-dragonfly-evo","status":"publish","type":"product","link":"https:\/\/lucacastelli.com\/de\/produkt\/trabaldo-dragonfly-evo\/","title":{"rendered":"TRABALDO DRAGONFLY EVO"},"content":{"rendered":"<p>Unsere legend\u00e4re DRAGONFLY befindet sich nun in der zweiten Generation und wurde unter Beibehaltung der DNA, die sie einzigartig gemacht hat, in Bezug auf Technik und Stil erneuert. Kern aus CORDURA\u00ae LIGHT Bistretch, vordere Verst\u00e4rkungen aus TITANIAL, Verschluss aus KETRATEX Stretch. Es sitzt wie eine Hose, tr\u00e4gt sich aber wie angegossen. Weiche, strukturierte DURATEX-Verst\u00e4rkungen an der Innenseite des Kn\u00f6chels und des hinteren Rei\u00dfverschlusses, um sich an jede Art von Schuhwerk anzupassen. Interner Haken und rutschfeste Oberfl\u00e4che zum Binden von Schuhen. Orangefarbene Dekoration und DRAGONFLY-Schriftzug, um die Einzigartigkeit des Artikels zu betonen.       <\/p>\n","protected":false},"excerpt":{"rendered":"<p>Unsere legend\u00e4re DRAGONFLY befindet sich nun in der zweiten Generation und wurde unter Beibehaltung der DNA, die sie einzigartig gemacht<\/p>\n","protected":false},"featured_media":90614,"template":"","meta":{"_seopress_robots_primary_cat":"","_seopress_titles_title":"","_seopress_titles_desc":"","_seopress_robots_index":""},"product_brand":[3674],"product_cat":[82,974,975],"product_tag":[],"class_list":{"0":"post-504610","1":"product","2":"type-product","3":"status-publish","4":"has-post-thumbnail","6":"product_brand-trabaldo-gino-de","7":"product_cat-kleidung","8":"product_cat-freizeitkleidung","9":"product_cat-herrenbekleidung","10":"sws-gruppo-abb-libero-de","11":"sws-conto-ricavi-merci-rivendita-abbigliamento-de","12":"sws-gruppo-iva-iva81-de","14":"first","15":"instock","16":"shipping-taxable","17":"purchasable","18":"product-type-variable"},"_links":{"self":[{"href":"https:\/\/lucacastelli.com\/de\/wp-json\/wp\/v2\/product\/504610","targetHints":{"allow":["GET"]}}],"collection":[{"href":"https:\/\/lucacastelli.com\/de\/wp-json\/wp\/v2\/product"}],"about":[{"href":"https:\/\/lucacastelli.com\/de\/wp-json\/wp\/v2\/types\/product"}],"wp:featuredmedia":[{"embeddable":true,"href":"https:\/\/lucacastelli.com\/de\/wp-json\/wp\/v2\/media\/90614"}],"wp:attachment":[{"href":"https:\/\/lucacastelli.com\/de\/wp-json\/wp\/v2\/media?parent=504610"}],"wp:term":[{"taxonomy":"product_brand","embeddable":true,"href":"https:\/\/lucacastelli.com\/de\/wp-json\/wp\/v2\/product_brand?post=504610"},{"taxonomy":"product_cat","embeddable":true,"href":"https:\/\/lucacastelli.com\/de\/wp-json\/wp\/v2\/product_cat?post=504610"},{"taxonomy":"product_tag","embeddable":true,"href":"https:\/\/lucacastelli.com\/de\/wp-json\/wp\/v2\/product_tag?post=504610"}],"curies":[{"name":"wp","href":"https:\/\/api.w.org\/{rel}","templated":true}]}}