{"id":504591,"date":"2023-05-11T19:42:05","date_gmt":"2023-05-11T17:42:05","guid":{"rendered":"https:\/\/lucacastelli.com\/prodotto\/trabaldo-freerider-evoeder\/"},"modified":"2026-03-01T00:25:08","modified_gmt":"2026-02-28T23:25:08","slug":"trabaldo-freerider-evoeder","status":"publish","type":"product","link":"https:\/\/lucacastelli.com\/de\/produkt\/trabaldo-freerider-evoeder\/","title":{"rendered":"TRABALDO FREERIDER EVOeder"},"content":{"rendered":"<p>Unser legend\u00e4rer FREERIDER PRO befindet sich nun in der zweiten Generation und wurde unter Beibehaltung der DNA, die ihn einzigartig gemacht hat, in Bezug auf Technik und Stil erneuert. Es ist die monochrome Version des ber\u00fchmten DRAGONFLY PRO, die den Ton-in-Ton-Liebhabern gewidmet ist. Kern aus CORDURA\u00ae LIGHT Bistretch, vordere Verst\u00e4rkungen aus TITANIAL, Verschluss aus KETRATEX Stretch. Es sitzt wie eine Hose, tr\u00e4gt sich aber wie angegossen. Weiche, strukturierte DURATEX-Verst\u00e4rkungen an der Innenseite des Kn\u00f6chels und des hinteren Rei\u00dfverschlusses, um sich an jede Art von Schuhwerk anzupassen. Interner Haken und rutschfeste Oberfl\u00e4che, um das Anbringen von Schuhen zu erleichtern. FREERIDER-Aufschrift, um die Einzigartigkeit des Artikels zu betonen.        <\/p>\n","protected":false},"excerpt":{"rendered":"<p>Unser legend\u00e4rer FREERIDER PRO befindet sich nun in der zweiten Generation und wurde unter Beibehaltung der DNA, die ihn einzigartig<\/p>\n","protected":false},"featured_media":90634,"template":"","meta":{"_seopress_robots_primary_cat":"","_seopress_titles_title":"","_seopress_titles_desc":"","_seopress_robots_index":""},"product_brand":[3674],"product_cat":[82,974,975],"product_tag":[],"class_list":{"0":"post-504591","1":"product","2":"type-product","3":"status-publish","4":"has-post-thumbnail","6":"product_brand-trabaldo-gino-de","7":"product_cat-kleidung","8":"product_cat-freizeitkleidung","9":"product_cat-herrenbekleidung","10":"sws-gruppo-abb-libero-de","11":"sws-conto-ricavi-merci-rivendita-abbigliamento-de","12":"sws-gruppo-iva-iva81-de","14":"first","15":"instock","16":"shipping-taxable","17":"purchasable","18":"product-type-variable"},"_links":{"self":[{"href":"https:\/\/lucacastelli.com\/de\/wp-json\/wp\/v2\/product\/504591","targetHints":{"allow":["GET"]}}],"collection":[{"href":"https:\/\/lucacastelli.com\/de\/wp-json\/wp\/v2\/product"}],"about":[{"href":"https:\/\/lucacastelli.com\/de\/wp-json\/wp\/v2\/types\/product"}],"wp:featuredmedia":[{"embeddable":true,"href":"https:\/\/lucacastelli.com\/de\/wp-json\/wp\/v2\/media\/90634"}],"wp:attachment":[{"href":"https:\/\/lucacastelli.com\/de\/wp-json\/wp\/v2\/media?parent=504591"}],"wp:term":[{"taxonomy":"product_brand","embeddable":true,"href":"https:\/\/lucacastelli.com\/de\/wp-json\/wp\/v2\/product_brand?post=504591"},{"taxonomy":"product_cat","embeddable":true,"href":"https:\/\/lucacastelli.com\/de\/wp-json\/wp\/v2\/product_cat?post=504591"},{"taxonomy":"product_tag","embeddable":true,"href":"https:\/\/lucacastelli.com\/de\/wp-json\/wp\/v2\/product_tag?post=504591"}],"curies":[{"name":"wp","href":"https:\/\/api.w.org\/{rel}","templated":true}]}}