{"id":504561,"date":"2023-05-11T19:07:06","date_gmt":"2023-05-11T17:07:06","guid":{"rendered":"https:\/\/lucacastelli.com\/prodotto\/trabaldo-1740-primaloft-inverno-winter\/"},"modified":"2026-03-01T00:25:04","modified_gmt":"2026-02-28T23:25:04","slug":"trabaldo-1740-primaloft-inverno-winter","status":"publish","type":"product","link":"https:\/\/lucacastelli.com\/de\/produkt\/trabaldo-1740-primaloft-inverno-winter\/","title":{"rendered":"TRABALDO 1740 PRIMALOFT INVERNO\/WINTER"},"content":{"rendered":"<p>Die au\u00dfergew\u00f6hnlichen thermischen Eigenschaften der PRIMALOFT-Faser\u00ae in Kombination mit einem hohen Anteil an LYCRA\u00ae sorgen f\u00fcr eine mittlere Kompression. Die Kompressionstechnologie, die auf die Socken aufgebracht wird, reduziert das Gef\u00fchl der Muskelerm\u00fcdung, erleichtert den nat\u00fcrlichen Blutfluss und reduziert die Ansammlung von Milchs\u00e4ure. Die Kompression hilft dabei, sauerstoffarmes und milchs\u00e4urehaltiges Blut (Ursache von Schmerzen und Kr\u00e4mpfen) schneller aus der Muskulatur zu entsorgen und so den Komfort und die Leistungsf\u00e4higkeit bei sportlicher Aktivit\u00e4t zu erh\u00f6hen.  <\/p>\n","protected":false},"excerpt":{"rendered":"<p>Die au\u00dfergew\u00f6hnlichen thermischen Eigenschaften der PRIMALOFT-Faser\u00ae in Kombination mit einem hohen Anteil an LYCRA\u00ae sorgen f\u00fcr eine mittlere Kompression. Die<\/p>\n","protected":false},"featured_media":90551,"template":"","meta":{"_seopress_robots_primary_cat":"","_seopress_titles_title":"","_seopress_titles_desc":"","_seopress_robots_index":""},"product_brand":[3674],"product_cat":[1419,175,1400],"product_tag":[],"class_list":{"0":"post-504561","1":"product","2":"type-product","3":"status-publish","4":"has-post-thumbnail","6":"product_brand-trabaldo-gino-de","7":"product_cat-freizeitschuhe","8":"product_cat-schuhe","9":"product_cat-zubehor-fur-schuhe","10":"sws-gruppo-abb-libero-de","11":"sws-conto-ricavi-merci-rivendita-abbigliamento-de","12":"sws-gruppo-iva-iva81-de","14":"first","15":"instock","16":"shipping-taxable","17":"purchasable","18":"product-type-variable"},"_links":{"self":[{"href":"https:\/\/lucacastelli.com\/de\/wp-json\/wp\/v2\/product\/504561","targetHints":{"allow":["GET"]}}],"collection":[{"href":"https:\/\/lucacastelli.com\/de\/wp-json\/wp\/v2\/product"}],"about":[{"href":"https:\/\/lucacastelli.com\/de\/wp-json\/wp\/v2\/types\/product"}],"wp:featuredmedia":[{"embeddable":true,"href":"https:\/\/lucacastelli.com\/de\/wp-json\/wp\/v2\/media\/90551"}],"wp:attachment":[{"href":"https:\/\/lucacastelli.com\/de\/wp-json\/wp\/v2\/media?parent=504561"}],"wp:term":[{"taxonomy":"product_brand","embeddable":true,"href":"https:\/\/lucacastelli.com\/de\/wp-json\/wp\/v2\/product_brand?post=504561"},{"taxonomy":"product_cat","embeddable":true,"href":"https:\/\/lucacastelli.com\/de\/wp-json\/wp\/v2\/product_cat?post=504561"},{"taxonomy":"product_tag","embeddable":true,"href":"https:\/\/lucacastelli.com\/de\/wp-json\/wp\/v2\/product_tag?post=504561"}],"curies":[{"name":"wp","href":"https:\/\/api.w.org\/{rel}","templated":true}]}}