{"id":504559,"date":"2023-05-09T11:46:13","date_gmt":"2023-05-09T09:46:13","guid":{"rendered":"https:\/\/lucacastelli.com\/prodotto\/trabaldo-avalon\/"},"modified":"2026-03-01T00:25:04","modified_gmt":"2026-02-28T23:25:04","slug":"trabaldo-avalon","status":"publish","type":"product","link":"https:\/\/lucacastelli.com\/de\/produkt\/trabaldo-avalon\/","title":{"rendered":"TRABALDO AVALON"},"content":{"rendered":"<p>Wenn uns der Regen pl\u00f6tzlich erwischt, brauchen wir eine schnelle und effektive L\u00f6sung: AVALON. Ein dreilagiger Schuh mit extrem geringem Gewicht und Volumen, so dass er bequem in der Spieltasche verstaut und bei Bedarf verwendet werden kann. Die RAINSYSTEM-Membran garantiert Wasserdichtigkeit, ohne die Atmungsaktivit\u00e4t zu beeintr\u00e4chtigen, so dass AVALON auch unterwegs ohne \u00dcberhitzungsprobleme verwendet werden kann. Seitliche \u00d6ffnungen erm\u00f6glichen einen direkten Zugang zur darunter liegenden Schicht, so dass sie \u00fcber einer anderen Jacke getragen werden kann, ohne den Zugang zu beeintr\u00e4chtigen. Der Rei\u00dfverschluss, der durch die doppelte Innenklappe wasserdicht ist, wurde entwickelt, um in der VERTICAL-Jacke oder an anderen Artikeln unserer Kollektion, die mit einem doppelten Rei\u00dfverschluss ausgestattet sind, eingehakt zu werden.    <\/p>\n","protected":false},"excerpt":{"rendered":"<p>Wenn uns der Regen pl\u00f6tzlich erwischt, brauchen wir eine schnelle und effektive L\u00f6sung: AVALON. Ein dreilagiger Schuh mit extrem geringem<\/p>\n","protected":false},"featured_media":90177,"template":"","meta":{"_seopress_robots_primary_cat":"","_seopress_titles_title":"","_seopress_titles_desc":"","_seopress_robots_index":""},"product_brand":[3674],"product_cat":[82,974,975],"product_tag":[],"class_list":{"0":"post-504559","1":"product","2":"type-product","3":"status-publish","4":"has-post-thumbnail","6":"product_brand-trabaldo-gino-de","7":"product_cat-kleidung","8":"product_cat-freizeitkleidung","9":"product_cat-herrenbekleidung","10":"sws-gruppo-abb-libero-de","11":"sws-conto-ricavi-merci-rivendita-abbigliamento-de","12":"sws-gruppo-iva-iva81-de","14":"first","15":"instock","16":"shipping-taxable","17":"purchasable","18":"product-type-variable"},"_links":{"self":[{"href":"https:\/\/lucacastelli.com\/de\/wp-json\/wp\/v2\/product\/504559","targetHints":{"allow":["GET"]}}],"collection":[{"href":"https:\/\/lucacastelli.com\/de\/wp-json\/wp\/v2\/product"}],"about":[{"href":"https:\/\/lucacastelli.com\/de\/wp-json\/wp\/v2\/types\/product"}],"wp:featuredmedia":[{"embeddable":true,"href":"https:\/\/lucacastelli.com\/de\/wp-json\/wp\/v2\/media\/90177"}],"wp:attachment":[{"href":"https:\/\/lucacastelli.com\/de\/wp-json\/wp\/v2\/media?parent=504559"}],"wp:term":[{"taxonomy":"product_brand","embeddable":true,"href":"https:\/\/lucacastelli.com\/de\/wp-json\/wp\/v2\/product_brand?post=504559"},{"taxonomy":"product_cat","embeddable":true,"href":"https:\/\/lucacastelli.com\/de\/wp-json\/wp\/v2\/product_cat?post=504559"},{"taxonomy":"product_tag","embeddable":true,"href":"https:\/\/lucacastelli.com\/de\/wp-json\/wp\/v2\/product_tag?post=504559"}],"curies":[{"name":"wp","href":"https:\/\/api.w.org\/{rel}","templated":true}]}}