{"id":504542,"date":"2022-09-10T11:15:35","date_gmt":"2022-09-10T09:15:35","guid":{"rendered":"https:\/\/lucacastelli.com\/prodotto\/trabaldo-polar\/"},"modified":"2026-03-01T00:25:05","modified_gmt":"2026-02-28T23:25:05","slug":"trabaldo-polar","status":"publish","type":"product","link":"https:\/\/lucacastelli.com\/de\/produkt\/trabaldo-polar\/","title":{"rendered":"TRABALDO POLAR"},"content":{"rendered":"<p>Wintersocke aus Polyamid und Wolle (50 % PA, 23 % WO, 20 % PC, 7 % EA) mit mittlerer Kompressionstechnologie. Die Kompression der Socken reduziert das Gef\u00fchl der Muskelerm\u00fcdung, erleichtert den nat\u00fcrlichen Blutfluss und reduziert die Ansammlung von Milchs\u00e4ure. Die adh\u00e4rente Konformation erm\u00f6glicht es, \u00fcbersch\u00fcssige Volumina und Dicken zu reduzieren, die im Inneren des Schuhs unangenehme Beschwerden verursachen k\u00f6nnen, w\u00e4hrend die volumin\u00f6sere und thermischere Schwammstruktur eine h\u00f6here Isolierung und Komfort garantiert, wo dies erforderlich ist: Oberseite der Zehen, Fu\u00dfgew\u00f6lbe, Ferse und Schienbein.  <\/p>\n","protected":false},"excerpt":{"rendered":"<p>Wintersocke aus Polyamid und Wolle (50 % PA, 23 % WO, 20 % PC, 7 % EA) mit mittlerer Kompressionstechnologie.<\/p>\n","protected":false},"featured_media":81376,"template":"","meta":{"_seopress_robots_primary_cat":"","_seopress_titles_title":"","_seopress_titles_desc":"","_seopress_robots_index":""},"product_brand":[3674],"product_cat":[175,1400],"product_tag":[],"class_list":{"0":"post-504542","1":"product","2":"type-product","3":"status-publish","4":"has-post-thumbnail","6":"product_brand-trabaldo-gino-de","7":"product_cat-schuhe","8":"product_cat-zubehor-fur-schuhe","9":"sws-gruppo-abb-libero-de","10":"sws-conto-ricavi-merci-rivendita-abbigliamento","11":"sws-gruppo-iva-iva81","13":"first","14":"instock","15":"shipping-taxable","16":"purchasable","17":"product-type-variable"},"_links":{"self":[{"href":"https:\/\/lucacastelli.com\/de\/wp-json\/wp\/v2\/product\/504542","targetHints":{"allow":["GET"]}}],"collection":[{"href":"https:\/\/lucacastelli.com\/de\/wp-json\/wp\/v2\/product"}],"about":[{"href":"https:\/\/lucacastelli.com\/de\/wp-json\/wp\/v2\/types\/product"}],"wp:featuredmedia":[{"embeddable":true,"href":"https:\/\/lucacastelli.com\/de\/wp-json\/wp\/v2\/media\/81376"}],"wp:attachment":[{"href":"https:\/\/lucacastelli.com\/de\/wp-json\/wp\/v2\/media?parent=504542"}],"wp:term":[{"taxonomy":"product_brand","embeddable":true,"href":"https:\/\/lucacastelli.com\/de\/wp-json\/wp\/v2\/product_brand?post=504542"},{"taxonomy":"product_cat","embeddable":true,"href":"https:\/\/lucacastelli.com\/de\/wp-json\/wp\/v2\/product_cat?post=504542"},{"taxonomy":"product_tag","embeddable":true,"href":"https:\/\/lucacastelli.com\/de\/wp-json\/wp\/v2\/product_tag?post=504542"}],"curies":[{"name":"wp","href":"https:\/\/api.w.org\/{rel}","templated":true}]}}