{"id":504541,"date":"2023-05-09T11:31:14","date_gmt":"2023-05-09T09:31:14","guid":{"rendered":"https:\/\/lucacastelli.com\/prodotto\/trebaldo-unerschrocken\/"},"modified":"2026-01-31T00:02:42","modified_gmt":"2026-01-30T23:02:42","slug":"trebaldo-unerschrocken","status":"publish","type":"product","link":"https:\/\/lucacastelli.com\/de\/produkt\/trebaldo-unerschrocken\/","title":{"rendered":"TREBALDO UNERSCHROCKEN"},"content":{"rendered":"<p>Die Weste mit geringem Gewicht und au\u00dfergew\u00f6hnlicher Widerstandsf\u00e4higkeit dank der Verwendung von TITANIAL im Mittelk\u00f6rper des Kleidungsst\u00fccks und in den Verst\u00e4rkungen. Geboren in Trabaldo aus dem tiefen Wissen \u00fcber Webtechniken und physikalische Eigenschaften von Fasern, ist TITANIAL ein Ausdruck des h\u00f6chsten Niveaus, das heute mit den fortschrittlichsten Technologien erreicht werden kann, um Stoffe zu erhalten, die Leichtigkeit und Atmungsaktivit\u00e4t mit einer unvergleichlichen Rei\u00df- und Rei\u00dffestigkeit kombinieren. TITANIAL besteht aus einer Mischung von hochfesten Fasern, darunter Dyneema\u00ae, das 15-mal st\u00e4rker als Stahl ist, und ist ein neuer Meilenstein f\u00fcr die Anforderungen an Gewichtsreduzierung und Erh\u00f6hung der Widerstandsf\u00e4higkeit, die die Jagdwelt zur Verbesserung der Haltbarkeit, Leistung und des Wohlbefindens des t\u00e4glichen Gebrauchs ben\u00f6tigt. INTREPID, mit seinem einzigartigen Stil, bietet Ihnen mit 4 Fronttaschen, einer Schusstasche, einem Satellitenhalter und einer erweiterbaren hinteren Spieltasche mit doppeltem Eingang und separaten F\u00e4chern den Platz, den Sie brauchen. All dies kombiniert mit einem Konzept der Modularit\u00e4t, das es bei einer Weste noch nie gegeben hat: Sie sind derjenige, der entscheidet, was Sie kombinieren m\u00f6chten. Verwenden Sie es zusammen mit unseren Modellen AVALON und HARD TOP, um eine neue Modularit\u00e4t in Ihrer Kleidung zu entdecken, die es Ihnen erm\u00f6glicht, sich an jede Umgebung und Wetterbedingungen anzupassen.     <\/p>\n","protected":false},"excerpt":{"rendered":"<p>Die Weste mit geringem Gewicht und au\u00dfergew\u00f6hnlicher Widerstandsf\u00e4higkeit dank der Verwendung von TITANIAL im Mittelk\u00f6rper des Kleidungsst\u00fccks und in den<\/p>\n","protected":false},"featured_media":90158,"template":"","meta":{"_seopress_robots_primary_cat":"","_seopress_titles_title":"","_seopress_titles_desc":"","_seopress_robots_index":""},"product_brand":[3674],"product_cat":[974,975,82],"product_tag":[],"class_list":{"0":"post-504541","1":"product","2":"type-product","3":"status-publish","4":"has-post-thumbnail","6":"product_brand-trabaldo-gino-de","7":"product_cat-freizeitkleidung","8":"product_cat-herrenbekleidung","9":"product_cat-kleidung","10":"sws-gruppo-abb-libero-de","11":"sws-conto-ricavi-merci-rivendita-abbigliamento-de","12":"sws-gruppo-iva-iva81-de","14":"first","15":"instock","16":"shipping-taxable","17":"purchasable","18":"product-type-variable"},"_links":{"self":[{"href":"https:\/\/lucacastelli.com\/de\/wp-json\/wp\/v2\/product\/504541","targetHints":{"allow":["GET"]}}],"collection":[{"href":"https:\/\/lucacastelli.com\/de\/wp-json\/wp\/v2\/product"}],"about":[{"href":"https:\/\/lucacastelli.com\/de\/wp-json\/wp\/v2\/types\/product"}],"wp:featuredmedia":[{"embeddable":true,"href":"https:\/\/lucacastelli.com\/de\/wp-json\/wp\/v2\/media\/90158"}],"wp:attachment":[{"href":"https:\/\/lucacastelli.com\/de\/wp-json\/wp\/v2\/media?parent=504541"}],"wp:term":[{"taxonomy":"product_brand","embeddable":true,"href":"https:\/\/lucacastelli.com\/de\/wp-json\/wp\/v2\/product_brand?post=504541"},{"taxonomy":"product_cat","embeddable":true,"href":"https:\/\/lucacastelli.com\/de\/wp-json\/wp\/v2\/product_cat?post=504541"},{"taxonomy":"product_tag","embeddable":true,"href":"https:\/\/lucacastelli.com\/de\/wp-json\/wp\/v2\/product_tag?post=504541"}],"curies":[{"name":"wp","href":"https:\/\/api.w.org\/{rel}","templated":true}]}}