{"id":504529,"date":"2022-09-13T06:49:01","date_gmt":"2022-09-13T04:49:01","guid":{"rendered":"https:\/\/lucacastelli.com\/prodotto\/trabaldo-hai\/"},"modified":"2026-03-01T00:25:09","modified_gmt":"2026-02-28T23:25:09","slug":"trabaldo-hai","status":"publish","type":"product","link":"https:\/\/lucacastelli.com\/de\/produkt\/trabaldo-hai\/","title":{"rendered":"TRABALDO HAI"},"content":{"rendered":"<p>Oft ist die Bergung des get\u00f6teten Tieres viel komplexer als die T\u00f6tung selbst. Hier kommt SHARK, der Handschuh f\u00fcr Wildschweine und Bergungsarbeiter, die sich ihren Weg durch die dichte Vegetation bahnen m\u00fcssen. Bei diesem Handschuh wollten wir nicht den \u00fcblichen Kompromissen nachgeben, unsere Absicht war klar: den gr\u00f6\u00dftm\u00f6glichen Schutz zu bieten. Aus diesem Grund wird SHARK zu einem Handschuh mit verbesserter Best\u00e4ndigkeit gegen Durchstiche der Wirbels\u00e4ule dank unserer neuesten THORN SHIELD-Technologie\u00ae, einer speziellen Textilstruktur, die in der Lage ist, die durch Dornen verursachten Sch\u00e4den an der Epidermis zu reduzieren. R\u00fccken und Innenhand komplett aus SCHOELLER\u00ae KEPROTEC gefertigt, um Abrieb, Rei\u00dfen und H\u00e4ngenbleiben zu verhindern, w\u00e4hrend zwischen den Fingern ein CORDURA\u00ae H.V.-Einsatz f\u00fcr gute Bewegungsfreiheit sorgt. Der robuste SUPERTEK-Einsatz auf der R\u00fcckseite unterstreicht die Technik des Kleidungsst\u00fccks und seine Zugeh\u00f6rigkeit zu unseren Linien. SHARK wurde entwickelt, um es mit unserer PANTHER PRO 3.0 Hose und der EMPEROR Jacke zu kombinieren, f\u00fcr alle J\u00e4ger, die vor allem an den Schutz denken.        <\/p>\n","protected":false},"excerpt":{"rendered":"<p>Oft ist die Bergung des get\u00f6teten Tieres viel komplexer als die T\u00f6tung selbst. Hier kommt SHARK, der Handschuh f\u00fcr Wildschweine<\/p>\n","protected":false},"featured_media":81392,"template":"","meta":{"_seopress_robots_primary_cat":"","_seopress_titles_title":"","_seopress_titles_desc":"","_seopress_robots_index":""},"product_brand":[3674],"product_cat":[1391,82],"product_tag":[],"class_list":{"0":"post-504529","1":"product","2":"type-product","3":"status-publish","4":"has-post-thumbnail","6":"product_brand-trabaldo-gino-de","7":"product_cat-bekleidungs-accessoires","8":"product_cat-kleidung","10":"first","11":"instock","12":"shipping-taxable","13":"purchasable","14":"product-type-variable"},"_links":{"self":[{"href":"https:\/\/lucacastelli.com\/de\/wp-json\/wp\/v2\/product\/504529","targetHints":{"allow":["GET"]}}],"collection":[{"href":"https:\/\/lucacastelli.com\/de\/wp-json\/wp\/v2\/product"}],"about":[{"href":"https:\/\/lucacastelli.com\/de\/wp-json\/wp\/v2\/types\/product"}],"wp:featuredmedia":[{"embeddable":true,"href":"https:\/\/lucacastelli.com\/de\/wp-json\/wp\/v2\/media\/81392"}],"wp:attachment":[{"href":"https:\/\/lucacastelli.com\/de\/wp-json\/wp\/v2\/media?parent=504529"}],"wp:term":[{"taxonomy":"product_brand","embeddable":true,"href":"https:\/\/lucacastelli.com\/de\/wp-json\/wp\/v2\/product_brand?post=504529"},{"taxonomy":"product_cat","embeddable":true,"href":"https:\/\/lucacastelli.com\/de\/wp-json\/wp\/v2\/product_cat?post=504529"},{"taxonomy":"product_tag","embeddable":true,"href":"https:\/\/lucacastelli.com\/de\/wp-json\/wp\/v2\/product_tag?post=504529"}],"curies":[{"name":"wp","href":"https:\/\/api.w.org\/{rel}","templated":true}]}}