{"id":504526,"date":"2022-09-10T11:13:40","date_gmt":"2022-09-10T09:13:40","guid":{"rendered":"https:\/\/lucacastelli.com\/prodotto\/trabaldo-scharfschuetze-h-v\/"},"modified":"2026-03-01T00:25:01","modified_gmt":"2026-02-28T23:25:01","slug":"trabaldo-scharfschuetze-h-v","status":"publish","type":"product","link":"https:\/\/lucacastelli.com\/de\/produkt\/trabaldo-scharfschuetze-h-v\/","title":{"rendered":"TRABALDO SCHARFSCH\u00dcTZE H.V."},"content":{"rendered":"<p>Version des SNIPER-Modells mit hoher Sichtbarkeit.  <\/p>\n<p>Top-Weste der Linie 18000 f\u00fcr die Jagd mit Vorstehhunden oder ganz allgemein f\u00fcr alle Situationen, in denen maximale Leichtigkeit und Atmungsaktivit\u00e4t sowie Robustheit und Praktikabilit\u00e4t erforderlich sind. SNIPER ist die leichteste Weste der Trabaldo-Kollektion (390 gr. Gr\u00f6\u00dfe L) ideal f\u00fcr den Einsatz im Sommer oder Herbst bei intensiver und anhaltender k\u00f6rperlicher Aktivit\u00e4t. Leichtigkeit bedeutet jedoch nicht, etwas weniger zu haben, nicht im Fall von SNIPER. Dank der Verwendung unserer TITANIAL LIGHT an den Stellen mit der gr\u00f6\u00dften Beanspruchung bietet diese Weste eine hohe Abrieb-, Rei\u00df- und H\u00e4ngenbliebf\u00e4higkeit in Bezug auf extrem geringe Gewichte und Volumina. Ein maximaler Luftaustausch mit der Au\u00dfenwelt wird durch ein gro\u00dfes hinteres Mesh-Panel und zwei seitliche Mesh-B\u00e4nder erm\u00f6glicht und gibt Ihnen so ein angenehmes Gef\u00fchl der st\u00e4ndigen Bel\u00fcftung und der schnellen Abfuhr \u00fcbersch\u00fcssiger W\u00e4rme. Schlie\u00dflich verbessern die Verst\u00e4rkungen aus SUPERTEK Lightened-Gewebe an den Seiten und Armausschnitten nicht nur die Abriebfestigkeit, sondern verleihen dem Kleidungsst\u00fcck auch einen einzigartigen und unverwechselbaren Stil. Trotz der schmalen Passform verzichtet SNIPER nicht auf zwei gro\u00dfe Fronttaschen, zwei Innentaschen, zwei Handfl\u00e4chentaschen vorne und eine Spieltasche mit hinteren Zwickeln.        <\/p>\n","protected":false},"excerpt":{"rendered":"<p>Version des SNIPER-Modells mit hoher Sichtbarkeit. Top-Weste der Linie 18000 f\u00fcr die Jagd mit Vorstehhunden oder ganz allgemein f\u00fcr alle<\/p>\n","protected":false},"featured_media":81366,"template":"","meta":{"_seopress_robots_primary_cat":"","_seopress_titles_title":"","_seopress_titles_desc":"","_seopress_robots_index":""},"product_brand":[3674],"product_cat":[82,974,975],"product_tag":[],"class_list":{"0":"post-504526","1":"product","2":"type-product","3":"status-publish","4":"has-post-thumbnail","6":"product_brand-trabaldo-gino-de","7":"product_cat-kleidung","8":"product_cat-freizeitkleidung","9":"product_cat-herrenbekleidung","10":"sws-gruppo-abb-libero-de","11":"sws-conto-ricavi-merci-rivendita-abbigliamento","12":"sws-gruppo-iva-iva81","14":"first","15":"instock","16":"shipping-taxable","17":"purchasable","18":"product-type-variable"},"_links":{"self":[{"href":"https:\/\/lucacastelli.com\/de\/wp-json\/wp\/v2\/product\/504526","targetHints":{"allow":["GET"]}}],"collection":[{"href":"https:\/\/lucacastelli.com\/de\/wp-json\/wp\/v2\/product"}],"about":[{"href":"https:\/\/lucacastelli.com\/de\/wp-json\/wp\/v2\/types\/product"}],"wp:featuredmedia":[{"embeddable":true,"href":"https:\/\/lucacastelli.com\/de\/wp-json\/wp\/v2\/media\/81366"}],"wp:attachment":[{"href":"https:\/\/lucacastelli.com\/de\/wp-json\/wp\/v2\/media?parent=504526"}],"wp:term":[{"taxonomy":"product_brand","embeddable":true,"href":"https:\/\/lucacastelli.com\/de\/wp-json\/wp\/v2\/product_brand?post=504526"},{"taxonomy":"product_cat","embeddable":true,"href":"https:\/\/lucacastelli.com\/de\/wp-json\/wp\/v2\/product_cat?post=504526"},{"taxonomy":"product_tag","embeddable":true,"href":"https:\/\/lucacastelli.com\/de\/wp-json\/wp\/v2\/product_tag?post=504526"}],"curies":[{"name":"wp","href":"https:\/\/api.w.org\/{rel}","templated":true}]}}