{"id":504261,"date":"2023-05-22T18:16:17","date_gmt":"2023-05-22T16:16:17","guid":{"rendered":"https:\/\/lucacastelli.com\/prodotto\/as-900-enduro\/"},"modified":"2025-12-01T14:46:04","modified_gmt":"2025-12-01T13:46:04","slug":"as-900-enduro","status":"publish","type":"product","link":"https:\/\/lucacastelli.com\/de\/produkt\/as-900-enduro\/","title":{"rendered":"AS 900 Enduro"},"content":{"rendered":"<p>Der zuverl\u00e4ssige und robuste Allm\u00e4her selbstfahrende Hochrasenm\u00e4her mit Seitenauswurf<br \/>\nLanglebig, leistungsstark und \u00e4u\u00dferst robust. Die AS 900 Enduro ist ideal f\u00fcr gro\u00dfe B\u00fcsche und Gras bis zu einer H\u00f6he von 1,20 m. Das hydrostatische Getriebe ist mit einem K\u00fchlsystem ausgestattet, das einen dauerhaften und professionellen Einsatz erm\u00f6glicht. Die sehr solide Rohrstruktur sorgt f\u00fcr eine lange Lebensdauer.   <\/p>\n<p>Leistungsstarker Motor und zuverl\u00e4ssiges<br \/>\nGetriebe Der gro\u00dfe 656-cm\u00b3-Zweizylindermotor der Briggs &amp; Stratton 7 Intek-Serie liefert eine maximale Leistung von 16,2 PS. Dank der Kraftstoff- und \u00d6lpumpe ist die AS 900 Enduro auch f\u00fcr Hang- und Hanglagen bestens ger\u00fcstet. Die Vorw\u00e4rts- und R\u00fcckw\u00e4rtsgeschwindigkeit von 0 bis 10,8 km\/h bzw. von 0 bis 7 km\/h lassen sich bequem \u00fcber den Fahrhebel einstellen. Dar\u00fcber hinaus ist das hydrostatische Getriebe mit einem zus\u00e4tzlichen K\u00fchlsystem ausgestattet, das auch unter schwierigen Bedingungen einen optimalen Betrieb erm\u00f6glicht. F\u00fcr eine noch effizientere Traktion kann die Differenzialsperre \u00fcber ein Pedal aktiviert werden.    <\/p>\n<p>Beeindruckende Schnittgeschwindigkeit dank Seitenauswurf<br \/>\nDas M\u00e4hdeck mit abnehmbaren und wendbaren Messern wirft den Grasschnitt seitlich und hinten aus. So kann auch Vegetation bis zu einer H\u00f6he von 1,20 m problemlos kontrolliert werden. Mit einer Schnittbreite von 90 cm kann eine Fl\u00e4che von bis zu 9.000 m\u00b2 pro Stunde erreicht werden. Die vier Schnitth\u00f6hen von 50 bis 90 mm lassen sich mittig und stufenweise verstellen.   <\/p>\n<p>Ergonomische Sitzposition f\u00fcr komfortables<br \/>\nArbeiten Ausreichend Beinfreiheit und leichtg\u00e4ngige Lenkung sorgen f\u00fcr erm\u00fcdungsfreies Arbeiten. Optional ist ein Sitzfederungssatz erh\u00e4ltlich, um den Komfort der Maschine weiter zu erh\u00f6hen. Dank des l\u00e4ngenverstellbaren Sitzes hat jeder Bediener gen\u00fcgend Platz und die richtige Sitzposition. Die logische Anordnung und ergonomische Zug\u00e4nglichkeit aller Bedienelemente runden das Bild ab.   <\/p>\n","protected":false},"excerpt":{"rendered":"<p>Der zuverl\u00e4ssige und robuste Allm\u00e4her selbstfahrende Hochrasenm\u00e4her mit Seitenauswurf Langlebig, leistungsstark und \u00e4u\u00dferst robust. Die AS 900 Enduro ist ideal<\/p>\n","protected":false},"featured_media":55936,"template":"","meta":{"_seopress_robots_primary_cat":"","_seopress_titles_title":"","_seopress_titles_desc":"","_seopress_robots_index":""},"product_brand":[4372],"product_cat":[29,262,278],"product_tag":[],"class_list":{"0":"post-504261","1":"product","2":"type-product","3":"status-publish","4":"has-post-thumbnail","6":"product_brand-as-motor","7":"product_cat-macchinari","8":"product_cat-tosaerba-e-robot","9":"product_cat-robot-tosaerba","10":"sws-gruppo-macchinari-de","11":"sws-conto-ricavi-merci-rivendita-macchinari-de","12":"sws-gruppo-iva-iva81-de","14":"first","15":"onbackorder","16":"shipping-taxable","17":"purchasable","18":"product-type-simple"},"_links":{"self":[{"href":"https:\/\/lucacastelli.com\/de\/wp-json\/wp\/v2\/product\/504261","targetHints":{"allow":["GET"]}}],"collection":[{"href":"https:\/\/lucacastelli.com\/de\/wp-json\/wp\/v2\/product"}],"about":[{"href":"https:\/\/lucacastelli.com\/de\/wp-json\/wp\/v2\/types\/product"}],"wp:featuredmedia":[{"embeddable":true,"href":"https:\/\/lucacastelli.com\/de\/wp-json\/wp\/v2\/media\/55936"}],"wp:attachment":[{"href":"https:\/\/lucacastelli.com\/de\/wp-json\/wp\/v2\/media?parent=504261"}],"wp:term":[{"taxonomy":"product_brand","embeddable":true,"href":"https:\/\/lucacastelli.com\/de\/wp-json\/wp\/v2\/product_brand?post=504261"},{"taxonomy":"product_cat","embeddable":true,"href":"https:\/\/lucacastelli.com\/de\/wp-json\/wp\/v2\/product_cat?post=504261"},{"taxonomy":"product_tag","embeddable":true,"href":"https:\/\/lucacastelli.com\/de\/wp-json\/wp\/v2\/product_tag?post=504261"}],"curies":[{"name":"wp","href":"https:\/\/api.w.org\/{rel}","templated":true}]}}