{"id":504256,"date":"2023-05-22T18:04:26","date_gmt":"2023-05-22T16:04:26","guid":{"rendered":"https:\/\/lucacastelli.com\/prodotto\/as-800-freerider\/"},"modified":"2025-12-01T14:46:04","modified_gmt":"2025-12-01T13:46:04","slug":"as-800-freerider","status":"publish","type":"product","link":"https:\/\/lucacastelli.com\/de\/produkt\/as-800-freerider\/","title":{"rendered":"AS 800 Freerider"},"content":{"rendered":"<p>AS 800 FreeRider &#8211; der gro\u00dfe Bruder des AS 799 Rider. Wie die AS 799 Rider wird auch ihr gro\u00dfer Bruder, der AS 800 Freerider, vom Briggs &amp; Stratton 3er Intek-Motor angetrieben. Mit seiner maximalen Leistung von 13,0 PS und dem Getriebe schneidet der Aufsitzrasenm\u00e4her Gras bis zu 80 cm hoch. Das liegt unter anderem am Kreuzs\u00e4geblattsystem AS. Bei geschlossenem M\u00e4hdeck wird der Grasschnitt gleichm\u00e4\u00dfig zerkleinert und gemulcht. Der Grasschnitt wird in der Mitte und zwischen den R\u00e4dern abgelegt. Das sorgt daf\u00fcr, dass auf den Grasschnitt nicht getreten wird und bietet somit mehr Sicherheit beim M\u00e4hen bei N\u00e4sse und Schr\u00e4glage. Mit dem M\u00e4hwerk k\u00f6nnen Sie auch bis an den Rand des Rasens m\u00e4hen. Die Schnitth\u00f6he kann mittig eingestellt werden und es stehen 4 verschiedene Schnitth\u00f6hen von 35 bis 85 mm zur Verf\u00fcgung. Wenn das M\u00e4hdeck die Parkposition erreicht, stoppt der M\u00e4hbalken dank der mechanischen Kopplung der Messer automatisch. Das hydrostatische Getriebe erm\u00f6glicht progressives Fahren mit Geschwindigkeiten von 0,0 bis 8,0 km\/h vorw\u00e4rts und 0,0 bis 6,0 km\/h r\u00fcckw\u00e4rts. Dies erm\u00f6glicht eine optimale und feinf\u00fchlige Drehzahlanpassung f\u00fcr jede Anwendung. Die Differenzialsperre bietet einen besseren Vortrieb, vor allem auf unebenem Gel\u00e4nde. Er kann jederzeit mit dem Fu\u00dfpedal aktiviert werden.<br \/>\nDer integrierte Rohrrahmen der AS 800 FreeRider sorgt f\u00fcr eine hohe Stabilit\u00e4t und Verformungsbest\u00e4ndigkeit auch bei hohen Lasten. Der Sto\u00dff\u00e4nger sch\u00fctzt auch die Achsen und die Radaufh\u00e4ngung. Der nach vorne und hinten verstellbare Schalensitz bietet dem Nutzer eine bequeme, aufrechte Sitzposition und viel Beinfreiheit. Dar\u00fcber hinaus sorgt die leicht zu man\u00f6vrierende Lenkung f\u00fcr ein erm\u00fcdungsfreies Arbeiten.<br \/>\nDer Rasenm\u00e4her kann bis zu 6.800 m\u00b2 pro Stunde m\u00e4hen. M\u00f6glich wird dies durch den leistungsstarken Motor in Kombination mit dem hydrostatischen Getriebe und der Schnittbreite von 80 cm. Der 15-Liter-Tank sorgt zudem f\u00fcr eine hohe Reichweite. Der AS 800 FreeRider ist ideal f\u00fcr den Einsatz in flachem oder unebenem Gel\u00e4nde. Dank des Motors mit Kraftstoff- und \u00d6lpumpe, des niedrigen Schwerpunkts und des geringen Gesamtgewichts von 231 kg ist der M\u00e4her perfekt f\u00fcr Steigungen geeignet. Die Grenzen werden durch die Sicherheit des Benutzers festgelegt.                    <\/p>\n","protected":false},"excerpt":{"rendered":"<p>AS 800 FreeRider &#8211; der gro\u00dfe Bruder des AS 799 Rider. Wie die AS 799 Rider wird auch ihr gro\u00dfer<\/p>\n","protected":false},"featured_media":55931,"template":"","meta":{"_seopress_robots_primary_cat":"","_seopress_titles_title":"","_seopress_titles_desc":"","_seopress_robots_index":""},"product_brand":[4375],"product_cat":[169,1656,1694],"product_tag":[],"class_list":{"0":"post-504256","1":"product","2":"type-product","3":"status-publish","4":"has-post-thumbnail","6":"product_brand-as-motor-de","7":"product_cat-maschinen","8":"product_cat-rasenmaher-und-roboter","9":"product_cat-rasentraktoren","10":"sws-gruppo-macchinari-de","11":"sws-conto-ricavi-merci-rivendita-macchinari-de","12":"sws-gruppo-iva-iva81-de","14":"first","15":"onbackorder","16":"shipping-taxable","17":"purchasable","18":"product-type-simple"},"_links":{"self":[{"href":"https:\/\/lucacastelli.com\/de\/wp-json\/wp\/v2\/product\/504256","targetHints":{"allow":["GET"]}}],"collection":[{"href":"https:\/\/lucacastelli.com\/de\/wp-json\/wp\/v2\/product"}],"about":[{"href":"https:\/\/lucacastelli.com\/de\/wp-json\/wp\/v2\/types\/product"}],"wp:featuredmedia":[{"embeddable":true,"href":"https:\/\/lucacastelli.com\/de\/wp-json\/wp\/v2\/media\/55931"}],"wp:attachment":[{"href":"https:\/\/lucacastelli.com\/de\/wp-json\/wp\/v2\/media?parent=504256"}],"wp:term":[{"taxonomy":"product_brand","embeddable":true,"href":"https:\/\/lucacastelli.com\/de\/wp-json\/wp\/v2\/product_brand?post=504256"},{"taxonomy":"product_cat","embeddable":true,"href":"https:\/\/lucacastelli.com\/de\/wp-json\/wp\/v2\/product_cat?post=504256"},{"taxonomy":"product_tag","embeddable":true,"href":"https:\/\/lucacastelli.com\/de\/wp-json\/wp\/v2\/product_tag?post=504256"}],"curies":[{"name":"wp","href":"https:\/\/api.w.org\/{rel}","templated":true}]}}