{"id":504239,"date":"2023-05-16T19:54:37","date_gmt":"2023-05-16T17:54:37","guid":{"rendered":"https:\/\/lucacastelli.com\/prodotto\/as-53-2t-4wd-rb-mit-r-gang-bremse\/"},"modified":"2025-12-01T14:46:04","modified_gmt":"2025-12-01T13:46:04","slug":"as-53-2t-4wd-rb-mit-r-gang-bremse","status":"publish","type":"product","link":"https:\/\/lucacastelli.com\/de\/produkt\/as-53-2t-4wd-rb-mit-r-gang-bremse\/","title":{"rendered":"AS 53 2T 4WD RB mit R-Gang &amp; Bremse"},"content":{"rendered":"<p>Der Benzin-Rasenm\u00e4her mit 4-Rad-Antrieb und R\u00fcckw\u00e4rtsgang f\u00fcr steile H\u00e4nge<\/p>\n<p>Der Rasenm\u00e4her AS 53 2T ES 4WD RB ist f\u00fcr das M\u00e4hen von H\u00e4ngen bis zu 45\u00b0 geeignet. Dieser Motor erf\u00fcllt die aktuelle europ\u00e4ische Abgasrichtlinie 97\/68\/EG und ist damit der einzige 2-Takt-Motor an Benzin-Rasenm\u00e4hern, der der Abgasrichtlinie entspricht. Der 2-Takt-AS-Motor ist serienm\u00e4\u00dfig mit der EasyStart-Funktion ausgestattet. Die digitale Z\u00fcndung CDI halbiert die Startgeschwindigkeit, so dass der M\u00e4her AS 53 2T ES 4WD RB sehr leicht startet. Selbst in hohem, nassem Gras entfaltet der Benzin-Rasenm\u00e4her seine volle Kraft. Dies ist dem hohen Drehmoment des AS-Motor 2-Takt-Motors zu verdanken. Das dritte Motorwellenlager sorgt in Kombination mit der S\u00e4geblattsicherheitsst\u00fctze und den Reibscheiben an der Klinge f\u00fcr einen optimalen Schutz des Motors.<br \/>\nDer 4-Rad-Antrieb in Kombination mit dem 2-Takt-Motor erm\u00f6glicht es Ihnen, unter extremen Bedingungen, auf unebenem und chaotischem Gel\u00e4nde und sogar an H\u00e4ngen zu arbeiten. Der 4-Rad-Antrieb sorgt f\u00fcr einen hervorragenden Vortrieb unter allen Bedingungen. Dank seiner gro\u00dfen, aerodynamischen Antriebsr\u00e4der hat der Rasenm\u00e4her AS 53 2T ES 4WD RB immer einen festen Halt auf dem Boden. Ist die Steigung so gro\u00df, dass das Getriebe nicht mehr in der Lage ist, sie zu tragen, kommt die Bremse ins Spiel. Diese fungiert auch als Feststellbremse.<br \/>\nMit dem Variomat l\u00e4sst sich die Fahrgeschwindigkeit bequem und stufenlos an die jeweiligen Gegebenheiten anpassen. Die AS 53 2T ES 4WD RB verf\u00fcgt zudem \u00fcber einen R\u00fcckw\u00e4rtsgang. Die Schnitth\u00f6he l\u00e4sst sich bequem in 6 verschiedenen Positionen von 30 bis 100 mm pro Achse einstellen. Der leistungsstarke 6,0 PS starke 2-Takt-Motor und 53 cm Schnittbreite erm\u00f6glichen das M\u00e4hen mit bis zu 2.500 m\u00b2 pro Stunde. Der Rasenm\u00e4her AS 53 2T ES 4WD RB kann problemlos Gras bis zu einer H\u00f6he von 40 cm m\u00e4hen.              <\/p>\n<table class=\"data-table\">\n<colgroup>\n<col width=\"25%\">\n<col>\n                <\/colgroup>\n<tbody>\n<tr class=\"odd\">\n<td class=\"spec-name\">\n L\u00e4nge 53\n                            <\/td>\n<td class=\"spec-value\">\ncm <\/td>\n<\/tr>\n<tr class=\"even\">\n<td class=\"spec-name\">\n<\/td>\n<td class=\"spec-value\">\nLeistung 6,0 PS <\/td>\n<\/tr>\n<tr class=\"odd\">\n<td class=\"spec-name\">\n moteur\n                            <\/td>\n<td class=\"spec-value\">\nessence 2T <\/td>\n<\/tr>\n<tr class=\"even\">\n<td class=\"spec-name\">\n zylindre\n                            <\/td>\n<td class=\"spec-value\">\n1 zylindre <\/td>\n<\/tr>\n<tr class=\"odd\">\n<td class=\"spec-name\">\n d\u00e9marreur \u00e9lectrique\n                            <\/td>\n<td class=\"spec-value\">\nnon <\/td>\n<\/tr>\n<tr class=\"even\">\n<td class=\"spec-name\">\n Dispositif d&#8217;entra\u00eenement\n                            <\/td>\n<td class=\"spec-value\">\noui <\/td>\n<\/tr>\n<tr class=\"odd\">\n<td class=\"spec-name\">\n Moyen de propulsion\n                            <\/td>\n<td class=\"spec-value\">\nvariomatique <\/td>\n<\/tr>\n<tr class=\"even\">\n<td class=\"spec-name\">\n Vitesses\n                            <\/td>\n<td class=\"spec-value\">\nVariomatique <\/td>\n<\/tr>\n<tr class=\"odd\">\n<td class=\"spec-name\">\n t\u00e9l\u00e9commande\n                            <\/td>\n<td class=\"spec-value\">\nnon <\/td>\n<\/tr>\n<tr class=\"even\">\n<td class=\"spec-name\">\n accessoire optionnel\n                            <\/td>\n<td class=\"spec-value\">\noui <\/td>\n<\/tr>\n<\/tbody>\n<\/table>\n","protected":false},"excerpt":{"rendered":"<p>Der Benzin-Rasenm\u00e4her mit 4-Rad-Antrieb und R\u00fcckw\u00e4rtsgang f\u00fcr steile H\u00e4nge Der Rasenm\u00e4her AS 53 2T ES 4WD RB ist f\u00fcr das<\/p>\n","protected":false},"featured_media":55310,"template":"","meta":{"_seopress_robots_primary_cat":"","_seopress_titles_title":"","_seopress_titles_desc":"","_seopress_robots_index":""},"product_brand":[4372],"product_cat":[29,262,279],"product_tag":[],"class_list":{"0":"post-504239","1":"product","2":"type-product","3":"status-publish","4":"has-post-thumbnail","6":"product_brand-as-motor","7":"product_cat-macchinari","8":"product_cat-tosaerba-e-robot","9":"product_cat-tosaerba-a-motore","10":"sws-gruppo-macchinari-fr","11":"sws-conto-ricavi-merci-rivendita-macchinari-de","12":"sws-gruppo-iva-iva81-de","14":"first","15":"onbackorder","16":"shipping-taxable","17":"purchasable","18":"product-type-simple"},"_links":{"self":[{"href":"https:\/\/lucacastelli.com\/de\/wp-json\/wp\/v2\/product\/504239","targetHints":{"allow":["GET"]}}],"collection":[{"href":"https:\/\/lucacastelli.com\/de\/wp-json\/wp\/v2\/product"}],"about":[{"href":"https:\/\/lucacastelli.com\/de\/wp-json\/wp\/v2\/types\/product"}],"wp:featuredmedia":[{"embeddable":true,"href":"https:\/\/lucacastelli.com\/de\/wp-json\/wp\/v2\/media\/55310"}],"wp:attachment":[{"href":"https:\/\/lucacastelli.com\/de\/wp-json\/wp\/v2\/media?parent=504239"}],"wp:term":[{"taxonomy":"product_brand","embeddable":true,"href":"https:\/\/lucacastelli.com\/de\/wp-json\/wp\/v2\/product_brand?post=504239"},{"taxonomy":"product_cat","embeddable":true,"href":"https:\/\/lucacastelli.com\/de\/wp-json\/wp\/v2\/product_cat?post=504239"},{"taxonomy":"product_tag","embeddable":true,"href":"https:\/\/lucacastelli.com\/de\/wp-json\/wp\/v2\/product_tag?post=504239"}],"curies":[{"name":"wp","href":"https:\/\/api.w.org\/{rel}","templated":true}]}}