{"id":504232,"date":"2023-05-16T19:42:04","date_gmt":"2023-05-16T17:42:04","guid":{"rendered":"https:\/\/lucacastelli.com\/prodotto\/as-531-2t-mk-b-mit-diff-sperre-bremse\/"},"modified":"2025-12-01T14:46:03","modified_gmt":"2025-12-01T13:46:03","slug":"as-531-2t-mk-b-mit-diff-sperre-bremse","status":"publish","type":"product","link":"https:\/\/lucacastelli.com\/de\/produkt\/as-531-2t-mk-b-mit-diff-sperre-bremse\/","title":{"rendered":"AS 531 2T MK B (mit Diff.Sperre\/Bremse)"},"content":{"rendered":"<p>Der Rasenm\u00e4her mit 2-Takt-Motor f\u00fcr absch\u00fcssiges Gel\u00e4nde und maximale Sicherheit<br \/>\nDer Profi-Rasenm\u00e4her f\u00fcr alle Rasenm\u00e4her. Dieser Rasenm\u00e4her, eine 3in1-Version mit mehreren Besonderheiten, kann \u00fcberall dort eingesetzt werden, wo Rasenpflege gefragt ist: Auf absch\u00fcssigem Gel\u00e4nde oder an engen Stellen. Der 3in1-Rasenm\u00e4her AS 531 ist jetzt serienm\u00e4\u00dfig mit einem Mulchkit ausgestattet, das je nach Vorhaben werkzeuglos montiert und demontiert werden kann. Er kann als Rasenm\u00e4her oder zum Mulchen mit oder ohne Auffangsack verwendet werden, also 3in1. Der 2-Takt-Motor des AS 531 3in1 entspricht der aktuellen EU-Abgasrichtlinie 97\/68\/EG. Da die Schmierung des AS 2-Takt-Motors unempfindlich gegen\u00fcber der Position des Motors ist, k\u00f6nnen Sie an Steigungen ab 40\u00b0 arbeiten, ohne den Motor zu besch\u00e4digen. Nutzungsbeschr\u00e4nkungen werden ausschlie\u00dflich zur Sicherheit der Benutzer auferlegt. Der 2-Takt-AS-Motor ist serienm\u00e4\u00dfig mit der EasyStart-Funktion ausgestattet. Das digitale Z\u00fcndsystem CDI halbiert die zum Starten des Motors erforderliche Drehzahl, so dass der professionelle Rasenm\u00e4her sehr leicht startet. Das hohe Drehmoment des 2-Takt-Motors sorgt daf\u00fcr, dass der gesamte Grasschnitt den Grasfangkorb erreicht, auch wenn das Gras hoch und nass ist. Der Grasfangkorb hat ein Fassungsverm\u00f6gen von 75 Litern und eine F\u00fcllanzeige. Der AS 531 3in1 ist der einzige Rasenm\u00e4her seiner Klasse, der mit einer Sicherheitsbremse und einer Differenzialsperre ausgestattet ist. Sobald der Messerkupplungshebel losgelassen wird, wird die Feststellbremse aktiviert und bringt die Maschine auch an Steigungen zum Stillstand. Dies ist ein Sicherheitsmerkmal f\u00fcr den Bediener. Die offene V-Form des Lenkers mit dem von AS-Motor entwickelten Bedienkonzept hebt den Bediener von der Maschine: Mit der linken Hand kann mit dem Variomatic-Hebel w\u00e4hrend der Fahrt die Geschwindigkeit zwischen 3,0 und 4,5 km\/h eingestellt werden. Die rechte Hand bet\u00e4tigt den Messeraufsatz, das Getriebe und die Feststellbremse. Mit dem Messeraufsatz k\u00f6nnen Sie das Messer stoppen, z. B. beim Entleeren des Grasfangkorbs, ohne den Motor anhalten und neu starten zu m\u00fcssen. Der AS 531 3in1 kann dank des schwenkbaren Lenkers problemlos an Hausw\u00e4nden und B\u00fcschen entlang oder in der N\u00e4he von parkenden Autos fahren. Der Lenker ist auf einer Gummihalterung montiert und mit der VibrationsProtect-Schwingungsd\u00e4mpfung ausgestattet, die Vibrationen in den H\u00e4nden und Armen reduziert. Die intelligente Gewichtsverteilung sorgt zudem f\u00fcr eine ergonomische Handhabung und erm\u00fcdungsfreies Arbeiten.                   <\/p>\n<table class=\"data-table\">\n<colgroup>\n<col width=\"25%\">\n<col>\n                <\/colgroup>\n<tbody>\n<tr class=\"odd\">\n<td class=\"spec-name\">\n L\u00e4nge 53\n                            <\/td>\n<td class=\"spec-value\">\ncm <\/td>\n<\/tr>\n<tr class=\"even\">\n<td class=\"spec-name\">\n<\/td>\n<td class=\"spec-value\">\nLeistung 6,0 PS <\/td>\n<\/tr>\n<tr class=\"odd\">\n<td class=\"spec-name\">\n moteur\n                            <\/td>\n<td class=\"spec-value\">\nessence 2T <\/td>\n<\/tr>\n<tr class=\"even\">\n<td class=\"spec-name\">\n zylindre\n                            <\/td>\n<td class=\"spec-value\">\n1 zylindre <\/td>\n<\/tr>\n<tr class=\"odd\">\n<td class=\"spec-name\">\n d\u00e9marreur \u00e9lectrique\n                            <\/td>\n<td class=\"spec-value\">\nnon <\/td>\n<\/tr>\n<tr class=\"even\">\n<td class=\"spec-name\">\n Dispositif d&#8217;entra\u00eenement\n                            <\/td>\n<td class=\"spec-value\">\noui <\/td>\n<\/tr>\n<tr class=\"odd\">\n<td class=\"spec-name\">\n Moyen de propulsion\n                            <\/td>\n<td class=\"spec-value\">\nvariomatique <\/td>\n<\/tr>\n<tr class=\"even\">\n<td class=\"spec-name\">\n Vitesses\n                            <\/td>\n<td class=\"spec-value\">\nVariomatique <\/td>\n<\/tr>\n<tr class=\"odd\">\n<td class=\"spec-name\">\n t\u00e9l\u00e9commande\n                            <\/td>\n<td class=\"spec-value\">\nnon <\/td>\n<\/tr>\n<tr class=\"even\">\n<td class=\"spec-name\">\n accessoire optionnel\n                            <\/td>\n<td class=\"spec-value\">\noui <\/td>\n<\/tr>\n<\/tbody>\n<\/table>\n","protected":false},"excerpt":{"rendered":"<p>Der Rasenm\u00e4her mit 2-Takt-Motor f\u00fcr absch\u00fcssiges Gel\u00e4nde und maximale Sicherheit Der Profi-Rasenm\u00e4her f\u00fcr alle Rasenm\u00e4her. Dieser Rasenm\u00e4her, eine 3in1-Version mit<\/p>\n","protected":false},"featured_media":55300,"template":"","meta":{"_seopress_robots_primary_cat":"","_seopress_titles_title":"","_seopress_titles_desc":"","_seopress_robots_index":""},"product_brand":[4375],"product_cat":[169,1666,1656],"product_tag":[],"class_list":{"0":"post-504232","1":"product","2":"type-product","3":"status-publish","4":"has-post-thumbnail","6":"product_brand-as-motor-de","7":"product_cat-maschinen","8":"product_cat-motor-rasenmaher","9":"product_cat-rasenmaher-und-roboter","10":"sws-gruppo-macchinari-fr","11":"sws-conto-ricavi-merci-rivendita-macchinari-de","12":"sws-gruppo-iva-iva81-de","14":"first","15":"onbackorder","16":"shipping-taxable","17":"purchasable","18":"product-type-simple"},"_links":{"self":[{"href":"https:\/\/lucacastelli.com\/de\/wp-json\/wp\/v2\/product\/504232","targetHints":{"allow":["GET"]}}],"collection":[{"href":"https:\/\/lucacastelli.com\/de\/wp-json\/wp\/v2\/product"}],"about":[{"href":"https:\/\/lucacastelli.com\/de\/wp-json\/wp\/v2\/types\/product"}],"wp:featuredmedia":[{"embeddable":true,"href":"https:\/\/lucacastelli.com\/de\/wp-json\/wp\/v2\/media\/55300"}],"wp:attachment":[{"href":"https:\/\/lucacastelli.com\/de\/wp-json\/wp\/v2\/media?parent=504232"}],"wp:term":[{"taxonomy":"product_brand","embeddable":true,"href":"https:\/\/lucacastelli.com\/de\/wp-json\/wp\/v2\/product_brand?post=504232"},{"taxonomy":"product_cat","embeddable":true,"href":"https:\/\/lucacastelli.com\/de\/wp-json\/wp\/v2\/product_cat?post=504232"},{"taxonomy":"product_tag","embeddable":true,"href":"https:\/\/lucacastelli.com\/de\/wp-json\/wp\/v2\/product_tag?post=504232"}],"curies":[{"name":"wp","href":"https:\/\/api.w.org\/{rel}","templated":true}]}}