{"id":504225,"date":"2023-05-16T19:26:12","date_gmt":"2023-05-16T17:26:12","guid":{"rendered":"https:\/\/lucacastelli.com\/prodotto\/as-ladegeraet-56v-ruecken-akku\/"},"modified":"2023-05-16T19:26:12","modified_gmt":"2023-05-16T17:26:12","slug":"as-ladegeraet-56v-ruecken-akku","status":"publish","type":"product","link":"https:\/\/lucacastelli.com\/de\/produkt\/as-ladegeraet-56v-ruecken-akku\/","title":{"rendered":"AS Ladeger\u00e4t 56V, R\u00fccken-Akku"},"content":{"rendered":"<p>CHX5500E Schnellladeger\u00e4t f\u00fcr die EGO Heckbatterie.<\/p>\n<p>Ladezeit 28 Ah, 1568 Wh: 210 min.<\/p>\n<p>Volt: 56V<br \/>\nLeistung: 8A<\/p>\n","protected":false},"excerpt":{"rendered":"<p>CHX5500E Schnellladeger\u00e4t f\u00fcr die EGO Heckbatterie. Ladezeit 28 Ah, 1568 Wh: 210 min. Volt: 56V Leistung: 8A<\/p>\n","protected":false},"featured_media":55285,"template":"","meta":{"_seopress_robots_primary_cat":"","_seopress_titles_title":"","_seopress_titles_desc":"","_seopress_robots_index":""},"product_brand":[4372],"product_cat":[29,262,488],"product_tag":[],"class_list":{"0":"post-504225","1":"product","2":"type-product","3":"status-publish","4":"has-post-thumbnail","6":"product_brand-as-motor","7":"product_cat-macchinari","8":"product_cat-tosaerba-e-robot","9":"product_cat-tosaerba-a-batteria","11":"first","12":"onbackorder","13":"shipping-taxable","14":"purchasable","15":"product-type-simple"},"_links":{"self":[{"href":"https:\/\/lucacastelli.com\/de\/wp-json\/wp\/v2\/product\/504225","targetHints":{"allow":["GET"]}}],"collection":[{"href":"https:\/\/lucacastelli.com\/de\/wp-json\/wp\/v2\/product"}],"about":[{"href":"https:\/\/lucacastelli.com\/de\/wp-json\/wp\/v2\/types\/product"}],"wp:featuredmedia":[{"embeddable":true,"href":"https:\/\/lucacastelli.com\/de\/wp-json\/wp\/v2\/media\/55285"}],"wp:attachment":[{"href":"https:\/\/lucacastelli.com\/de\/wp-json\/wp\/v2\/media?parent=504225"}],"wp:term":[{"taxonomy":"product_brand","embeddable":true,"href":"https:\/\/lucacastelli.com\/de\/wp-json\/wp\/v2\/product_brand?post=504225"},{"taxonomy":"product_cat","embeddable":true,"href":"https:\/\/lucacastelli.com\/de\/wp-json\/wp\/v2\/product_cat?post=504225"},{"taxonomy":"product_tag","embeddable":true,"href":"https:\/\/lucacastelli.com\/de\/wp-json\/wp\/v2\/product_tag?post=504225"}],"curies":[{"name":"wp","href":"https:\/\/api.w.org\/{rel}","templated":true}]}}