{"id":504221,"date":"2023-05-16T19:27:58","date_gmt":"2023-05-16T17:27:58","guid":{"rendered":"https:\/\/lucacastelli.com\/prodotto\/as-grundtraeger-ego-ruecken-akku\/"},"modified":"2023-05-16T19:27:58","modified_gmt":"2023-05-16T17:27:58","slug":"as-grundtraeger-ego-ruecken-akku","status":"publish","type":"product","link":"https:\/\/lucacastelli.com\/de\/produkt\/as-grundtraeger-ego-ruecken-akku\/","title":{"rendered":"AS Grundtr\u00e4ger EGO R\u00fccken Akku"},"content":{"rendered":"<p>Zur optionalen Nutzung des EGO Back Akkus an den AS 510, AS 531, AS 21, AS 62 und AS 63 Electric. Es werden zus\u00e4tzlich individuelle Adapter ben\u00f6tigt, die f\u00fcr die jeweiligen Maschinen geeignet sind.<br \/>\n56 Volt <\/p>\n","protected":false},"excerpt":{"rendered":"<p>Zur optionalen Nutzung des EGO Back Akkus an den AS 510, AS 531, AS 21, AS 62 und AS 63<\/p>\n","protected":false},"featured_media":55290,"template":"","meta":{"_seopress_robots_primary_cat":"","_seopress_titles_title":"","_seopress_titles_desc":"","_seopress_robots_index":""},"product_brand":[4372],"product_cat":[29,262,488],"product_tag":[],"class_list":{"0":"post-504221","1":"product","2":"type-product","3":"status-publish","4":"has-post-thumbnail","6":"product_brand-as-motor","7":"product_cat-macchinari","8":"product_cat-tosaerba-e-robot","9":"product_cat-tosaerba-a-batteria","11":"first","12":"onbackorder","13":"shipping-taxable","14":"purchasable","15":"product-type-simple"},"_links":{"self":[{"href":"https:\/\/lucacastelli.com\/de\/wp-json\/wp\/v2\/product\/504221","targetHints":{"allow":["GET"]}}],"collection":[{"href":"https:\/\/lucacastelli.com\/de\/wp-json\/wp\/v2\/product"}],"about":[{"href":"https:\/\/lucacastelli.com\/de\/wp-json\/wp\/v2\/types\/product"}],"wp:featuredmedia":[{"embeddable":true,"href":"https:\/\/lucacastelli.com\/de\/wp-json\/wp\/v2\/media\/55290"}],"wp:attachment":[{"href":"https:\/\/lucacastelli.com\/de\/wp-json\/wp\/v2\/media?parent=504221"}],"wp:term":[{"taxonomy":"product_brand","embeddable":true,"href":"https:\/\/lucacastelli.com\/de\/wp-json\/wp\/v2\/product_brand?post=504221"},{"taxonomy":"product_cat","embeddable":true,"href":"https:\/\/lucacastelli.com\/de\/wp-json\/wp\/v2\/product_cat?post=504221"},{"taxonomy":"product_tag","embeddable":true,"href":"https:\/\/lucacastelli.com\/de\/wp-json\/wp\/v2\/product_tag?post=504221"}],"curies":[{"name":"wp","href":"https:\/\/api.w.org\/{rel}","templated":true}]}}