{"id":504219,"date":"2023-05-16T19:25:47","date_gmt":"2023-05-16T17:25:47","guid":{"rendered":"https:\/\/lucacastelli.com\/prodotto\/as-ruecken-akku-56v-28ah\/"},"modified":"2023-05-16T19:25:47","modified_gmt":"2023-05-16T17:25:47","slug":"as-ruecken-akku-56v-28ah","status":"publish","type":"product","link":"https:\/\/lucacastelli.com\/de\/produkt\/as-ruecken-akku-56v-28ah\/","title":{"rendered":"AS R\u00fccken-Akku 56V, 28Ah"},"content":{"rendered":"<p>Lithium-Ionen-Akku BAX1500 56V 28 Ah f\u00fcr lange Autonomie. Kompatibel mit AS-Motor Electric Ger\u00e4ten AS 510, AS 531, AS 21, AS 62 und AS 63 sowie EGO Powertool-Ger\u00e4ten. Professionelle 3 Jahre Garantie. 9,36 kg.   <\/p>\n<p>Volt: 56 V<br \/>\nLeistung: 28 Ah  <\/p>\n","protected":false},"excerpt":{"rendered":"<p>Lithium-Ionen-Akku BAX1500 56V 28 Ah f\u00fcr lange Autonomie. Kompatibel mit AS-Motor Electric Ger\u00e4ten AS 510, AS 531, AS 21, AS<\/p>\n","protected":false},"featured_media":55280,"template":"","meta":{"_seopress_robots_primary_cat":"","_seopress_titles_title":"","_seopress_titles_desc":"","_seopress_robots_index":""},"product_brand":[4375],"product_cat":[1665,169,1656],"product_tag":[],"class_list":{"0":"post-504219","1":"product","2":"type-product","3":"status-publish","4":"has-post-thumbnail","6":"product_brand-as-motor-de","7":"product_cat-akku-rasenmaher","8":"product_cat-maschinen","9":"product_cat-rasenmaher-und-roboter","11":"first","12":"onbackorder","13":"shipping-taxable","14":"purchasable","15":"product-type-simple"},"_links":{"self":[{"href":"https:\/\/lucacastelli.com\/de\/wp-json\/wp\/v2\/product\/504219","targetHints":{"allow":["GET"]}}],"collection":[{"href":"https:\/\/lucacastelli.com\/de\/wp-json\/wp\/v2\/product"}],"about":[{"href":"https:\/\/lucacastelli.com\/de\/wp-json\/wp\/v2\/types\/product"}],"wp:featuredmedia":[{"embeddable":true,"href":"https:\/\/lucacastelli.com\/de\/wp-json\/wp\/v2\/media\/55280"}],"wp:attachment":[{"href":"https:\/\/lucacastelli.com\/de\/wp-json\/wp\/v2\/media?parent=504219"}],"wp:term":[{"taxonomy":"product_brand","embeddable":true,"href":"https:\/\/lucacastelli.com\/de\/wp-json\/wp\/v2\/product_brand?post=504219"},{"taxonomy":"product_cat","embeddable":true,"href":"https:\/\/lucacastelli.com\/de\/wp-json\/wp\/v2\/product_cat?post=504219"},{"taxonomy":"product_tag","embeddable":true,"href":"https:\/\/lucacastelli.com\/de\/wp-json\/wp\/v2\/product_tag?post=504219"}],"curies":[{"name":"wp","href":"https:\/\/api.w.org\/{rel}","templated":true}]}}