{"id":504208,"date":"2023-05-16T19:10:13","date_gmt":"2023-05-16T17:10:13","guid":{"rendered":"https:\/\/lucacastelli.com\/prodotto\/as-531-4t-mk\/"},"modified":"2025-12-01T14:46:03","modified_gmt":"2025-12-01T13:46:03","slug":"as-531-4t-mk","status":"publish","type":"product","link":"https:\/\/lucacastelli.com\/de\/produkt\/as-531-4t-mk\/","title":{"rendered":"AS 531 4T MK"},"content":{"rendered":"<p>Der Profi-Rasenm\u00e4her mit perfekter Grasaufnahme f\u00fcr anspruchsvolles M\u00e4hen<\/p>\n<p>Der AS 531 4T MK ist der Profi-Rasenm\u00e4her unter den Rasenm\u00e4hern. Dieser 3-in-1-Rasenm\u00e4her, ausgestattet mit vielen Besonderheiten, eignet sich f\u00fcr das M\u00e4hen \u00fcberall dort, wo eine Rasenpflege erforderlich ist: Auf unebenem Boden oder an engen Stellen. Die AS 531 4T MK 3in1 ist jetzt serienm\u00e4\u00dfig mit einem Mulchkit ausgestattet, das je nach Bedarf ohne Werkzeug montiert und demontiert werden kann. Er kann als Rasenm\u00e4her oder Schlegelm\u00e4her mit oder ohne Auffangsack, 3in1, verwendet werden. Die AS 531 4T MK ist mit einem Kawasaki PRO Motor ausgestattet, der maximal 3,4 kW (4,6 PS) leistet. Der Grasfangkorb hat ein Fassungsverm\u00f6gen von 75 Litern und ist mit einer F\u00fcllanzeige ausgestattet. Das Entleeren des Korbes ist einfach und bequem, da sich die S\u00e4ule in der Mitte befindet. Die offene V-Form des Lenkers mit dem von AS-Motor entwickelten Bedienkonzept entlastet den Maschinenfahrer: Mit der linken Hand kann mit dem Variomatic-Hebel w\u00e4hrend der Fahrt die Geschwindigkeit zwischen 3,0 und 4,5 km\/h eingestellt werden. Die rechte Hand bedient und steuert die Messerkupplung und das Getriebe. Die Kupplung der Klinge erm\u00f6glicht es, sie zu stoppen, z. B. beim Entleeren des Sacks, ohne dass der Motor gestoppt und neu gestartet werden muss. Der AS 531 4T MK kann dank des schwenkbaren Lenkers problemlos an Hausw\u00e4nden und B\u00fcschen entlang oder in der N\u00e4he von parkenden Autos fahren. Der Lenker ist auf einer Gummihalterung montiert und mit der VibrationsProtect-Schwingungsd\u00e4mpfung ausgestattet, die Vibrationen in den H\u00e4nden und Armen reduziert. Die intelligente Gewichtsverteilung der AS 531 4T MK sorgt f\u00fcr eine ergonomische Handhabung und erm\u00fcdungsfreies Arbeiten.            <\/p>\n<table class=\"data-table\">\n<colgroup>\n<col width=\"25%\">\n<col>\n                <\/colgroup>\n<tbody>\n<tr class=\"odd\">\n<td class=\"spec-name\">\n L\u00e4nge 53\n                            <\/td>\n<td class=\"spec-value\">\ncm <\/td>\n<\/tr>\n<tr class=\"even\">\n<td class=\"spec-name\">\n<\/td>\n<td class=\"spec-value\">\nLeistung 4,6 PS <\/td>\n<\/tr>\n<tr class=\"odd\">\n<td class=\"spec-name\">\n moteur\n                            <\/td>\n<td class=\"spec-value\">\nessence 4T <\/td>\n<\/tr>\n<tr class=\"even\">\n<td class=\"spec-name\">\n zylindre\n                            <\/td>\n<td class=\"spec-value\">\n1 zylindre <\/td>\n<\/tr>\n<tr class=\"odd\">\n<td class=\"spec-name\">\n d\u00e9marreur \u00e9lectrique\n                            <\/td>\n<td class=\"spec-value\">\nnon <\/td>\n<\/tr>\n<tr class=\"even\">\n<td class=\"spec-name\">\n Dispositif d&#8217;entra\u00eenement\n                            <\/td>\n<td class=\"spec-value\">\noui <\/td>\n<\/tr>\n<tr class=\"odd\">\n<td class=\"spec-name\">\n Moyen de propulsion\n                            <\/td>\n<td class=\"spec-value\">\nvariomatique <\/td>\n<\/tr>\n<tr class=\"even\">\n<td class=\"spec-name\">\n Vitesses\n                            <\/td>\n<td class=\"spec-value\">\nVariomatique <\/td>\n<\/tr>\n<tr class=\"odd\">\n<td class=\"spec-name\">\n t\u00e9l\u00e9commande\n                            <\/td>\n<td class=\"spec-value\">\nnon <\/td>\n<\/tr>\n<tr class=\"even\">\n<td class=\"spec-name\">\n accessoire optionnel\n                            <\/td>\n<td class=\"spec-value\">\noui <\/td>\n<\/tr>\n<\/tbody>\n<\/table>\n","protected":false},"excerpt":{"rendered":"<p>Der Profi-Rasenm\u00e4her mit perfekter Grasaufnahme f\u00fcr anspruchsvolles M\u00e4hen Der AS 531 4T MK ist der Profi-Rasenm\u00e4her unter den Rasenm\u00e4hern. Dieser<\/p>\n","protected":false},"featured_media":55255,"template":"","meta":{"_seopress_robots_primary_cat":"","_seopress_titles_title":"","_seopress_titles_desc":"","_seopress_robots_index":""},"product_brand":[4372],"product_cat":[29,262,279],"product_tag":[],"class_list":{"0":"post-504208","1":"product","2":"type-product","3":"status-publish","4":"has-post-thumbnail","6":"product_brand-as-motor","7":"product_cat-macchinari","8":"product_cat-tosaerba-e-robot","9":"product_cat-tosaerba-a-motore","10":"sws-gruppo-macchinari-de","11":"sws-conto-ricavi-merci-rivendita-macchinari-de","12":"sws-gruppo-iva-iva81-de","14":"first","15":"onbackorder","16":"shipping-taxable","17":"purchasable","18":"product-type-simple"},"_links":{"self":[{"href":"https:\/\/lucacastelli.com\/de\/wp-json\/wp\/v2\/product\/504208","targetHints":{"allow":["GET"]}}],"collection":[{"href":"https:\/\/lucacastelli.com\/de\/wp-json\/wp\/v2\/product"}],"about":[{"href":"https:\/\/lucacastelli.com\/de\/wp-json\/wp\/v2\/types\/product"}],"wp:featuredmedia":[{"embeddable":true,"href":"https:\/\/lucacastelli.com\/de\/wp-json\/wp\/v2\/media\/55255"}],"wp:attachment":[{"href":"https:\/\/lucacastelli.com\/de\/wp-json\/wp\/v2\/media?parent=504208"}],"wp:term":[{"taxonomy":"product_brand","embeddable":true,"href":"https:\/\/lucacastelli.com\/de\/wp-json\/wp\/v2\/product_brand?post=504208"},{"taxonomy":"product_cat","embeddable":true,"href":"https:\/\/lucacastelli.com\/de\/wp-json\/wp\/v2\/product_cat?post=504208"},{"taxonomy":"product_tag","embeddable":true,"href":"https:\/\/lucacastelli.com\/de\/wp-json\/wp\/v2\/product_tag?post=504208"}],"curies":[{"name":"wp","href":"https:\/\/api.w.org\/{rel}","templated":true}]}}