{"id":504205,"date":"2023-05-16T19:10:42","date_gmt":"2023-05-16T17:10:42","guid":{"rendered":"https:\/\/lucacastelli.com\/prodotto\/as-531-e-procut-b-ohne-akku-und-ladegeraet\/"},"modified":"2025-12-01T14:46:03","modified_gmt":"2025-12-01T13:46:03","slug":"as-531-e-procut-b-ohne-akku-und-ladegeraet","status":"publish","type":"product","link":"https:\/\/lucacastelli.com\/de\/produkt\/as-531-e-procut-b-ohne-akku-und-ladegeraet\/","title":{"rendered":"AS 531 E-ProCut B (ohne Akku und Ladeger\u00e4t)"},"content":{"rendered":"<p>Ein echter Profi-Rasenm\u00e4her mit Akku-Power und exklusiven<br \/>\nFeatures Der AS 531 E-ProCut B ist ein professioneller Akku-Rasenm\u00e4her. Als 3-in-1-Modell mit vielen einzigartigen Funktionen bietet es dem anspruchsvollen Benutzer mehr als andere Ger\u00e4te auf dem Markt. Er spielt seine St\u00e4rken in schwierigem Gel\u00e4nde aus. Die AS 531 E-ProCut B ist serienm\u00e4\u00dfig mit einem Mulchkit ausgestattet, das je nach Bedarf werkzeuglos montiert werden kann. Er kann daher als Mulchrasenm\u00e4her, als Fangrasenm\u00e4her oder mit Heckauswurf eingesetzt werden. Die AS 531 E-ProCut B ist mit dem neuen Elektromotor AS-Motor ausgestattet. Der Elektromotor hat eine unglaubliche Leistung von 3.200 Watt und wird von zwei 56 V und 10 Ah Lithium-Ionen-Akkus gespeist. Zusammen mit den beiden Akkus verf\u00fcgt er \u00fcber eine Energiereserve von 1120 Wattstunden. Dank der Leistung und des Drehmoments des b\u00fcrstenlosen Motors ist er der derzeit leistungsst\u00e4rkste Akku-Rasenm\u00e4her auf dem Markt. Dank seiner Energiereserven kann er Leistungsspitzen ausgleichen, ohne sich abzuschalten. F\u00fcr maximale Reichweite kann neben den beiden 10 Ah Akkus auch die gro\u00dfe 28Ah EGO Heckbatterie angeschlossen werden. Mit 2.688 Wh im &#8220;Energietank&#8221; steht einem professionellen Arbeitstag nichts mehr im Wege. Dank des zentralen Mono-Griffs l\u00e4sst sich der Grasfangkorb bequem und einfach von beiden Seiten entleeren. Der AS 531 E-ProCut B ist der einzige Profi-Rasenm\u00e4her seiner Klasse, der mit einer automatischen Sicherheitsbremse und einer Differenzialsperre ausgestattet ist. Sobald der Kupplungshebel des Messers gel\u00f6st wird, wird die Feststellbremse aktiviert und bringt den M\u00e4her auch an Steigungen sicher zum Stehen. Die offene V-Form des Lenkers und das von AS-Motor entwickelte Bedienkonzept entlasten den Bediener: Mit der linken Hand kann die Geschwindigkeit w\u00e4hrend der Arbeit \u00fcber den Variomatic-Hebel stufenlos von 3,0 bis 4,5 km\/h eingestellt werden. Die rechte Hand lenkt und bet\u00e4tigt die Blattkupplung, den Vorw\u00e4rtsgang und die automatische Feststellbremse. Durch den ausziehbaren Lenker kann der AS 531 bequem an Mauern, Z\u00e4unen, Hecken oder beim M\u00e4hen in der N\u00e4he von parkenden Autos eingesetzt werden. Das Vibrationsschutzsystem VibrationProtect am Lenker reduziert erm\u00fcdende Handvibrationen.                  <\/p>\n<p>Ein Profi-Akku-Rasenm\u00e4her wie kein anderer Die<br \/>\nSt\u00e4rken des Rasenm\u00e4hers AS 531 E-ProCut B sind<\/p>\n<p>selbstsperrendes Differential f\u00fcr selbstsperrendes<br \/>\nAbseilen automatische Feststellbremse<br \/>\nV-f\u00f6rmig offener Lenker mit VibrationProtect<br \/>\nWeitere Merkmale der Maschine sind:<\/p>\n<p>Einseitige F\u00fchrung zur Erleichterung der Entleerung des Fangkorbs von beiden Seiten<br \/>\nAktive K\u00fchlung des Elektromotors<br \/>\nStahlrohrrahmen, der die Kr\u00e4fte auf jedes Rad aufnimmt und den Motor<br \/>\nsch\u00fctzt Unverformbare Vorderachse aus Edelstahl mit Sto\u00dfd\u00e4mpfer<\/p>\n<table class=\"data-table\">\n<colgroup>\n<col width=\"25%\">\n<col>\n                <\/colgroup>\n<tbody>\n<tr class=\"odd\">\n<td class=\"spec-name\">\n L\u00e4nge 53\n                            <\/td>\n<td class=\"spec-value\">\ncm <\/td>\n<\/tr>\n<tr class=\"even\">\n<td class=\"spec-name\">\n moteur\n                            <\/td>\n<td class=\"spec-value\">\nElektro\/Akku <\/td>\n<\/tr>\n<tr class=\"odd\">\n<td class=\"spec-name\">\n<\/td>\n<td class=\"spec-value\">\n56V <\/td>\n<p> Volt<br \/>\n                        <\/tr>\n<tr class=\"even\">\n<td class=\"spec-name\">\n<\/td>\n<td class=\"spec-value\">\nLeistung 3,2 kW <\/td>\n<\/tr>\n<tr class=\"odd\">\n<td class=\"spec-name\">\n Dispositif d&#8217;entra\u00eenement\n                            <\/td>\n<td class=\"spec-value\">\noui <\/td>\n<\/tr>\n<tr class=\"even\">\n<td class=\"spec-name\">\n Moyen de propulsion\n                            <\/td>\n<td class=\"spec-value\">\nvariomatique <\/td>\n<\/tr>\n<tr class=\"odd\">\n<td class=\"spec-name\">\n Vitesses\n                            <\/td>\n<td class=\"spec-value\">\nVariomatique <\/td>\n<\/tr>\n<tr class=\"even\">\n<td class=\"spec-name\">\n t\u00e9l\u00e9commande\n                            <\/td>\n<td class=\"spec-value\">\nnon <\/td>\n<\/tr>\n<\/tbody>\n<\/table>\n","protected":false},"excerpt":{"rendered":"<p>Ein echter Profi-Rasenm\u00e4her mit Akku-Power und exklusiven Features Der AS 531 E-ProCut B ist ein professioneller Akku-Rasenm\u00e4her. Als 3-in-1-Modell mit<\/p>\n","protected":false},"featured_media":55260,"template":"","meta":{"_seopress_robots_primary_cat":"","_seopress_titles_title":"","_seopress_titles_desc":"","_seopress_robots_index":""},"product_brand":[4375],"product_cat":[1665,169,1656],"product_tag":[],"class_list":{"0":"post-504205","1":"product","2":"type-product","3":"status-publish","4":"has-post-thumbnail","6":"product_brand-as-motor-de","7":"product_cat-akku-rasenmaher","8":"product_cat-maschinen","9":"product_cat-rasenmaher-und-roboter","10":"sws-gruppo-macchinari-fr","11":"sws-conto-ricavi-merci-rivendita-macchinari-de","12":"sws-gruppo-iva-iva81-de","14":"first","15":"onbackorder","16":"shipping-taxable","17":"purchasable","18":"product-type-simple"},"_links":{"self":[{"href":"https:\/\/lucacastelli.com\/de\/wp-json\/wp\/v2\/product\/504205","targetHints":{"allow":["GET"]}}],"collection":[{"href":"https:\/\/lucacastelli.com\/de\/wp-json\/wp\/v2\/product"}],"about":[{"href":"https:\/\/lucacastelli.com\/de\/wp-json\/wp\/v2\/types\/product"}],"wp:featuredmedia":[{"embeddable":true,"href":"https:\/\/lucacastelli.com\/de\/wp-json\/wp\/v2\/media\/55260"}],"wp:attachment":[{"href":"https:\/\/lucacastelli.com\/de\/wp-json\/wp\/v2\/media?parent=504205"}],"wp:term":[{"taxonomy":"product_brand","embeddable":true,"href":"https:\/\/lucacastelli.com\/de\/wp-json\/wp\/v2\/product_brand?post=504205"},{"taxonomy":"product_cat","embeddable":true,"href":"https:\/\/lucacastelli.com\/de\/wp-json\/wp\/v2\/product_cat?post=504205"},{"taxonomy":"product_tag","embeddable":true,"href":"https:\/\/lucacastelli.com\/de\/wp-json\/wp\/v2\/product_tag?post=504205"}],"curies":[{"name":"wp","href":"https:\/\/api.w.org\/{rel}","templated":true}]}}