{"id":504186,"date":"2023-05-13T16:50:27","date_gmt":"2023-05-13T14:50:27","guid":{"rendered":"https:\/\/lucacastelli.com\/prodotto\/as-940-sherpa-4wd-xl-rc\/"},"modified":"2025-12-01T14:46:02","modified_gmt":"2025-12-01T13:46:02","slug":"as-940-sherpa-4wd-xl-rc","status":"publish","type":"product","link":"https:\/\/lucacastelli.com\/de\/produkt\/as-940-sherpa-4wd-xl-rc\/","title":{"rendered":"AS 940 Sherpa 4WD XL RC"},"content":{"rendered":"<p>Der weltweit erste Aufsitzrasenm\u00e4her mit Allradantrieb und Fernbedienung bietet noch mehr Komfort und Sicherheit bei schwierigen<br \/>\nEinsatzbedingungen Der AS 940 Sherpa 4WD RC ist der weltweit erste Aufsitzrasenm\u00e4her, der mit einer Fernbedienung ausgestattet ist. Es erm\u00f6glicht Ihnen, bequem im Sitzen oder mit der Fernbedienung zu arbeiten. Ausgestattet mit einem Briggs &amp; Stratton Professional Series 8 Motor und einem hydrostatischen Getriebe ist der AS 940 Sherpa 4WD RC h\u00f6henschonend und komfortabel zu bedienen. Auf flachem und breitem Gel\u00e4nde empfiehlt es sich, im Sitzen zu arbeiten, um eine hohe Leistung zu erzielen. Der Fernbedienungsmodus wird verwendet, um eine hohe Sicherheit des Bedieners bei Arbeiten an H\u00e4ngen zu gew\u00e4hrleisten. Auch der Bedienerkomfort wird deutlich erh\u00f6ht: keine Abgase, kein L\u00e4rm, keine Vibrationen, kein Staub, keine Pollen, keine Insekten und kein Reisig. Im RC-Modus kann der M\u00e4her sicher und komfortabel an Steigungen von bis zu 33\u00b0 eingesetzt werden. M\u00f6glich wird dies dank der professionellen Fernsteuerung mit gro\u00dfer Reichweite. Mit der Fernbedienung k\u00f6nnen Sie die folgenden Maschinenfunktionen steuern: Start und Stopp, Vorw\u00e4rts- und R\u00fcckw\u00e4rtsverstellung, Schnitth\u00f6henverstellung, Messerkupplung, Differenzialsperre, Trimmung und R\u00fcckw\u00e4rtsgang. Im Sitzmodus f\u00fchrt die Fernbedienung einige der Funktionen eines Armaturenbretts aus. Die Bedienhebel der Fernbedienung sind progressiv: Je mehr Sie den Bedienhebel dr\u00fccken, desto mehr erh\u00f6ht sich die Geschwindigkeit oder der Lenkwinkel. Beim Loslassen der Bedienhebel wird die Feststellbremse automatisch angezogen oder die Lenkung schaltet auf Leerlauf. Um die Maschine sicher und pr\u00e4zise zu steuern, ist nur eine kurze Lern- und Einarbeitungsphase erforderlich.            <\/p>\n<p>Erm\u00fcdungsfreies Arbeiten auch im Sitzen<br \/>\nDank des integrierten Rohrfahrwerks erm\u00f6glicht der AS 940 Sherpa 4WD RC eine Sitzposition \u00e4hnlich der eines &#8220;Go-Karts&#8221;. Nutzer zwischen 1,60 m und 2,00 m K\u00f6rpergr\u00f6\u00dfe haben ausreichend Platz. Der Komfort wird durch den l\u00e4ngenverstellbaren Schalensitz noch erh\u00f6ht. Die Sitzfederung l\u00e4sst sich f\u00fcr jeden Nutzer stufenlos verstellen. Der Fahrer sitzt &#8220;in&#8221; dem Auto und der tiefe Schwerpunkt bleibt tief. Der seitliche Sto\u00dff\u00e4nger und der klappbare \u00dcberrollb\u00fcgel bieten optimalen Schutz f\u00fcr den Bediener.     <\/p>\n<p>Das Herzst\u00fcck des AS 940 Sherpa 4WD RC: das geschlossene<br \/>\nM\u00e4hwerk Wie sein kleinerer Bruder, der AS 940 Sherpa 4WD XL, ist auch der AS 940 Sherpa 4WD RC mit einem 90 cm breiten M\u00e4hwerk ausgestattet. Er ist mit einem AS-Kreuzmessersystem ausgestattet, das Grasschnitt am Heck zerkleinert, zerkleinert und auswirft. Um die Messer und den Rasen zu sch\u00fctzen, kann dieses Deck Hindernissen nach oben ausweichen. Der einzige Unterschied zur Schwestermaschine besteht darin, dass die Schnitth\u00f6he per Fernbedienung von 80 bis 135 mm eingestellt werden kann, sowohl im RC- als auch im MC-Modus.   <\/p>\n<table class=\"data-table\">\n<colgroup>\n<col width=\"25%\">\n<col>\n                <\/colgroup>\n<tbody>\n<tr class=\"odd\">\n<td class=\"spec-name\">\n L\u00e4nge 90\n                            <\/td>\n<td class=\"spec-value\">\ncm <\/td>\n<\/tr>\n<tr class=\"even\">\n<td class=\"spec-name\">\n<\/td>\n<td class=\"spec-value\">\nLeistung 27,0 PS <\/td>\n<\/tr>\n<tr class=\"odd\">\n<td class=\"spec-name\">\n moteur\n                            <\/td>\n<td class=\"spec-value\">\nessence 4T <\/td>\n<\/tr>\n<tr class=\"even\">\n<td class=\"spec-name\">\n zylindre\n                            <\/td>\n<td class=\"spec-value\">\n2 zylindre <\/td>\n<\/tr>\n<tr class=\"odd\">\n<td class=\"spec-name\">\n d\u00e9marreur \u00e9lectrique\n                            <\/td>\n<td class=\"spec-value\">\noui <\/td>\n<\/tr>\n<tr class=\"even\">\n<td class=\"spec-name\">\n Dispositif d&#8217;entra\u00eenement\n                            <\/td>\n<td class=\"spec-value\">\noui <\/td>\n<\/tr>\n<tr class=\"odd\">\n<td class=\"spec-name\">\n Moyen de propulsion\n                            <\/td>\n<td class=\"spec-value\">\nhydrostatique <\/td>\n<\/tr>\n<tr class=\"even\">\n<td class=\"spec-name\">\n Vitesses\n                            <\/td>\n<td class=\"spec-value\">\nHydrostatique <\/td>\n<\/tr>\n<tr class=\"odd\">\n<td class=\"spec-name\">\n T\u00e9l\u00e9commande\n                            <\/td>\n<td class=\"spec-value\">\noui <\/td>\n<\/tr>\n<tr class=\"even\">\n<td class=\"spec-name\">\n accessoire optionnel\n                            <\/td>\n<td class=\"spec-value\">\noui <\/td>\n<\/tr>\n<tr class=\"odd\">\n<td class=\"spec-name\">\n sp\u00e9cialit\u00e9s\n                            <\/td>\n<td class=\"spec-value\">\nFehrnbedienung, XL-Bereifung, 4WD, Kreuzmesser, Diff.-Sperre, elektromagnetische Messerkupplung <\/td>\n<\/tr>\n<\/tbody>\n<\/table>\n","protected":false},"excerpt":{"rendered":"<p>Der weltweit erste Aufsitzrasenm\u00e4her mit Allradantrieb und Fernbedienung bietet noch mehr Komfort und Sicherheit bei schwierigen Einsatzbedingungen Der AS 940<\/p>\n","protected":false},"featured_media":55147,"template":"","meta":{"_seopress_robots_primary_cat":"","_seopress_titles_title":"","_seopress_titles_desc":"","_seopress_robots_index":""},"product_brand":[4375],"product_cat":[169,1656,1694],"product_tag":[],"class_list":{"0":"post-504186","1":"product","2":"type-product","3":"status-publish","4":"has-post-thumbnail","6":"product_brand-as-motor-de","7":"product_cat-maschinen","8":"product_cat-rasenmaher-und-roboter","9":"product_cat-rasentraktoren","10":"sws-gruppo-macchinari-fr","11":"sws-conto-ricavi-merci-rivendita-macchinari-de","12":"sws-gruppo-iva-iva81-de","14":"first","15":"onbackorder","16":"shipping-taxable","17":"purchasable","18":"product-type-simple"},"_links":{"self":[{"href":"https:\/\/lucacastelli.com\/de\/wp-json\/wp\/v2\/product\/504186","targetHints":{"allow":["GET"]}}],"collection":[{"href":"https:\/\/lucacastelli.com\/de\/wp-json\/wp\/v2\/product"}],"about":[{"href":"https:\/\/lucacastelli.com\/de\/wp-json\/wp\/v2\/types\/product"}],"wp:featuredmedia":[{"embeddable":true,"href":"https:\/\/lucacastelli.com\/de\/wp-json\/wp\/v2\/media\/55147"}],"wp:attachment":[{"href":"https:\/\/lucacastelli.com\/de\/wp-json\/wp\/v2\/media?parent=504186"}],"wp:term":[{"taxonomy":"product_brand","embeddable":true,"href":"https:\/\/lucacastelli.com\/de\/wp-json\/wp\/v2\/product_brand?post=504186"},{"taxonomy":"product_cat","embeddable":true,"href":"https:\/\/lucacastelli.com\/de\/wp-json\/wp\/v2\/product_cat?post=504186"},{"taxonomy":"product_tag","embeddable":true,"href":"https:\/\/lucacastelli.com\/de\/wp-json\/wp\/v2\/product_tag?post=504186"}],"curies":[{"name":"wp","href":"https:\/\/api.w.org\/{rel}","templated":true}]}}