{"id":504181,"date":"2023-05-13T16:36:34","date_gmt":"2023-05-13T14:36:34","guid":{"rendered":"https:\/\/lucacastelli.com\/prodotto\/as-1000-ovis-rc\/"},"modified":"2023-05-13T16:36:34","modified_gmt":"2023-05-13T14:36:34","slug":"as-1000-ovis-rc","status":"publish","type":"product","link":"https:\/\/lucacastelli.com\/de\/produkt\/as-1000-ovis-rc\/","title":{"rendered":"AS 1000 OVIS RC"},"content":{"rendered":"<p>Der funkgesteuerte Raupenmulcher &#8211; PRO f\u00fcr PROs<br \/>\nL\u00e4rmb\u00f6schungen, Bahnb\u00f6schungen, Regenr\u00fcckhaltebecken, Solarparks oder Windparks stellen Landschaftsg\u00e4rtner und Dienstleister oft vor eine gro\u00dfe Herausforderung: Schwer zug\u00e4ngliche, unwegsame und steile Fl\u00e4chen m\u00fcssen regelm\u00e4\u00dfig gepflegt werden. Dank seiner einfachen RC-Fernbedienung und der enormen M\u00e4hleistung ist der AS 1000 Ovis RC der Herausforderung gewachsen. Mit dem ferngesteuerten Schlegelm\u00e4her m\u00e4hen Sie bequem und intuitiv aus sicherer Entfernung. Dank der geringen Bauh\u00f6he (nur 69 cm) und des Vanguard Professional Motors mit optimiertem \u00d6lschmiersystem verf\u00fcgt der Schlegelm\u00e4her \u00fcber einen perfekten Schwerpunkt, der die Voraussetzung f\u00fcr das Bew\u00e4ltigen extremer Steigungen und das M\u00e4hen unter niedrigen Hindernissen ist. Das geringe Einsatzgewicht von 415 kg sorgt f\u00fcr maximale Bodenschonung. Die ausgewogene Gewichtsverteilung und die robuste Spur erm\u00f6glichen ein sicheres M\u00e4hen an steilen H\u00e4ngen von bis zu 50 Grad.     <\/p>\n<p>Enorme Schnittleistung und individuelle Anpassung an jede Anforderung<br \/>\nDas schwimmende Geh\u00e4use des Schlegelm\u00e4hers passt sich dank des gro\u00dfen Pendelhubs von oben nach unten auch unebenem Gel\u00e4nde in schwierigem Gel\u00e4nde an und verhindert Besch\u00e4digungen des Rasens. Variable M\u00e4hverstellung: Optimale F\u00fchrung dank verstellbarem Schieberahmen (Anti-Scalp-Funktion) oder integrierter Vorrichtung f\u00fcr den optimalen Einsatz bei unterschiedlichen Bodenverh\u00e4ltnissen. W\u00e4hlen Sie Ihre pers\u00f6nliche Einstellung f\u00fcr eine perfekte Passform. Der 100 cm breite Schlegelm\u00e4her (stufenlos verstellbare Schnitth\u00f6he) mit seinen schmaleren Raupen erm\u00f6glicht es Ihnen, bequem bis zu wenigen Zentimetern von Leitplanken oder anderen Hindernissen entfernt zu m\u00e4hen.   <\/p>\n<p>Enorme M\u00e4hleistung<br \/>\nDie enorme Leistung des Vanguard Professional V-Motors wird direkt und verlustarm \u00fcber zwei Riemen auf die Schneidwelle \u00fcbertragen. Der bew\u00e4hrte Motor mit einer maximalen Leistung von 23 PS besticht durch seine dreij\u00e4hrige Garantie und seine stabile, robuste Bauweise. Die bew\u00e4hrten Komponenten der YAK-Serie, wie das robuste Schlegelm\u00e4heraggregat und das Riemenfederspannsystem, kommen im neuen AS 1000 Ovis RC zum Einsatz.  <\/p>\n<p>Vereinfachte<br \/>\nHandhabung und Wartung Stabile Raupen mit Stahleins\u00e4tzen sorgen f\u00fcr maximale Traktion an extremen H\u00e4ngen. Die Gurte lassen sich dank einer definierten Verstellgr\u00f6\u00dfe schnell montieren. Die automatische mechanische Feststellbremse bietet mehr Sicherheit bei Arbeiten am Hang. Dank der kompakten Ladeschablone (159 cm \/ 112 cm \/ 69 cm) l\u00e4sst sich der ferngesteuerte Mulcher schnell und einfach transportieren.   <\/p>\n<p>Wartungsfreie Wellenlager, robuste Gro\u00dfserien-Hydraulikmotoren und ein hohes Ma\u00df an Sicherheit sind die Hauptmerkmale dieses M\u00e4hwerks.<\/p>\n<table class=\"data-table\">\n<colgroup>\n<col width=\"25%\">\n<col>\n                <\/colgroup>\n<tbody>\n<tr class=\"odd\">\n<td class=\"spec-name\">\n Longeur de travail\n                            <\/td>\n<td class=\"spec-value\">\n100 cm <\/td>\n<\/tr>\n<tr class=\"even\">\n<td class=\"spec-name\">\n<\/td>\n<td class=\"spec-value\">\nLeistung 23,0 PS <\/td>\n<\/tr>\n<tr class=\"odd\">\n<td class=\"spec-name\">\n moteur\n                            <\/td>\n<td class=\"spec-value\">\nessence 4T <\/td>\n<\/tr>\n<tr class=\"even\">\n<td class=\"spec-name\">\n zylindre\n                            <\/td>\n<td class=\"spec-value\">\n2 zylindre <\/td>\n<\/tr>\n<tr class=\"odd\">\n<td class=\"spec-name\">\n d\u00e9marreur \u00e9lectrique\n                            <\/td>\n<td class=\"spec-value\">\noui <\/td>\n<\/tr>\n<tr class=\"even\">\n<td class=\"spec-name\">\n Dispositif d&#8217;entra\u00eenement\n                            <\/td>\n<td class=\"spec-value\">\noui <\/td>\n<\/tr>\n<tr class=\"odd\">\n<td class=\"spec-name\">\n Moyen de propulsion\n                            <\/td>\n<td class=\"spec-value\">\nhydrostatique <\/td>\n<\/tr>\n<tr class=\"even\">\n<td class=\"spec-name\">\n Vitesses\n                            <\/td>\n<td class=\"spec-value\">\nVariomatique <\/td>\n<\/tr>\n<tr class=\"odd\">\n<td class=\"spec-name\">\n T\u00e9l\u00e9commande\n                            <\/td>\n<td class=\"spec-value\">\noui <\/td>\n<\/tr>\n<\/tbody>\n<\/table>\n","protected":false},"excerpt":{"rendered":"<p>Der funkgesteuerte Raupenmulcher &#8211; PRO f\u00fcr PROs L\u00e4rmb\u00f6schungen, Bahnb\u00f6schungen, Regenr\u00fcckhaltebecken, Solarparks oder Windparks stellen Landschaftsg\u00e4rtner und Dienstleister oft vor eine<\/p>\n","protected":false},"featured_media":55122,"template":"","meta":{"_seopress_robots_primary_cat":"","_seopress_titles_title":"","_seopress_titles_desc":"","_seopress_robots_index":""},"product_brand":[4375],"product_cat":[1454,1559,169],"product_tag":[],"class_list":{"0":"post-504181","1":"product","2":"type-product","3":"status-publish","4":"has-post-thumbnail","6":"product_brand-as-motor-de","7":"product_cat-andere-gerate","8":"product_cat-hacksler","9":"product_cat-maschinen","11":"first","12":"onbackorder","13":"shipping-taxable","14":"purchasable","15":"product-type-simple"},"_links":{"self":[{"href":"https:\/\/lucacastelli.com\/de\/wp-json\/wp\/v2\/product\/504181","targetHints":{"allow":["GET"]}}],"collection":[{"href":"https:\/\/lucacastelli.com\/de\/wp-json\/wp\/v2\/product"}],"about":[{"href":"https:\/\/lucacastelli.com\/de\/wp-json\/wp\/v2\/types\/product"}],"wp:featuredmedia":[{"embeddable":true,"href":"https:\/\/lucacastelli.com\/de\/wp-json\/wp\/v2\/media\/55122"}],"wp:attachment":[{"href":"https:\/\/lucacastelli.com\/de\/wp-json\/wp\/v2\/media?parent=504181"}],"wp:term":[{"taxonomy":"product_brand","embeddable":true,"href":"https:\/\/lucacastelli.com\/de\/wp-json\/wp\/v2\/product_brand?post=504181"},{"taxonomy":"product_cat","embeddable":true,"href":"https:\/\/lucacastelli.com\/de\/wp-json\/wp\/v2\/product_cat?post=504181"},{"taxonomy":"product_tag","embeddable":true,"href":"https:\/\/lucacastelli.com\/de\/wp-json\/wp\/v2\/product_tag?post=504181"}],"curies":[{"name":"wp","href":"https:\/\/api.w.org\/{rel}","templated":true}]}}