{"id":504177,"date":"2023-05-28T16:13:11","date_gmt":"2023-05-28T14:13:11","guid":{"rendered":"https:\/\/lucacastelli.com\/prodotto\/as-73-4t-bs-variospeed\/"},"modified":"2025-12-01T14:46:02","modified_gmt":"2025-12-01T13:46:02","slug":"as-73-4t-bs-variospeed","status":"publish","type":"product","link":"https:\/\/lucacastelli.com\/de\/produkt\/as-73-4t-bs-variospeed\/","title":{"rendered":"AS 73 4T B&amp;S Variospeed"},"content":{"rendered":"<p>Mit zwei Messergeschwindigkeiten und f\u00fcnf G\u00e4ngen bew\u00e4ltigt das M\u00e4hwerk B&amp;S AS 73 4T steile H\u00e4nge, dichten Bewuchs und gro\u00dfe Fl\u00e4chen. Bei diesem Allm\u00e4her\u00ae haben Sie \u00fcber Variospeed die Wahl: die schnellste Messerdrehzahl f\u00fcr ein feineres Mulchergebnis, die langsamere f\u00fcr h\u00f6here Drehmomente bei schwierigsten Eins\u00e4tzen \u2013 ein unverzichtbarer Vorteil f\u00fcr selten geschnittene Fl\u00e4chen. F\u00fcr Effizienz sorgt die breite Schnittbreite von 73 cm, w\u00e4hrend der leistungsstarke Briggs &amp; Stratton OHV 4-Takt mit Radantrieb und Differenzialsperre diesen Profi-Rasenm\u00e4her ohne Kompromisse antreibt.  <\/p>\n","protected":false},"excerpt":{"rendered":"<p>Mit zwei Messergeschwindigkeiten und f\u00fcnf G\u00e4ngen bew\u00e4ltigt das M\u00e4hwerk B&amp;S AS 73 4T steile H\u00e4nge, dichten Bewuchs und gro\u00dfe Fl\u00e4chen.<\/p>\n","protected":false},"featured_media":56310,"template":"","meta":{"_seopress_robots_primary_cat":"","_seopress_titles_title":"","_seopress_titles_desc":"","_seopress_robots_index":""},"product_brand":[4372],"product_cat":[29,514,544],"product_tag":[],"class_list":{"0":"post-504177","1":"product","2":"type-product","3":"status-publish","4":"has-post-thumbnail","6":"product_brand-as-motor","7":"product_cat-macchinari","8":"product_cat-altri-dispositivi","9":"product_cat-falciatrici","10":"sws-gruppo-macchinari-de","11":"sws-conto-ricavi-merci-rivendita-macchinari-de","12":"sws-gruppo-iva-iva81-de","14":"first","15":"onbackorder","16":"shipping-taxable","17":"purchasable","18":"product-type-simple"},"_links":{"self":[{"href":"https:\/\/lucacastelli.com\/de\/wp-json\/wp\/v2\/product\/504177","targetHints":{"allow":["GET"]}}],"collection":[{"href":"https:\/\/lucacastelli.com\/de\/wp-json\/wp\/v2\/product"}],"about":[{"href":"https:\/\/lucacastelli.com\/de\/wp-json\/wp\/v2\/types\/product"}],"wp:featuredmedia":[{"embeddable":true,"href":"https:\/\/lucacastelli.com\/de\/wp-json\/wp\/v2\/media\/56310"}],"wp:attachment":[{"href":"https:\/\/lucacastelli.com\/de\/wp-json\/wp\/v2\/media?parent=504177"}],"wp:term":[{"taxonomy":"product_brand","embeddable":true,"href":"https:\/\/lucacastelli.com\/de\/wp-json\/wp\/v2\/product_brand?post=504177"},{"taxonomy":"product_cat","embeddable":true,"href":"https:\/\/lucacastelli.com\/de\/wp-json\/wp\/v2\/product_cat?post=504177"},{"taxonomy":"product_tag","embeddable":true,"href":"https:\/\/lucacastelli.com\/de\/wp-json\/wp\/v2\/product_tag?post=504177"}],"curies":[{"name":"wp","href":"https:\/\/api.w.org\/{rel}","templated":true}]}}