{"id":504157,"date":"2023-05-28T15:49:34","date_gmt":"2023-05-28T13:49:34","guid":{"rendered":"https:\/\/lucacastelli.com\/prodotto\/as-65-2t-es-easy-start\/"},"modified":"2025-12-01T14:46:01","modified_gmt":"2025-12-01T13:46:01","slug":"as-65-2t-es-easy-start","status":"publish","type":"product","link":"https:\/\/lucacastelli.com\/de\/produkt\/as-65-2t-es-easy-start\/","title":{"rendered":"AS 65 2T ES (Easy Start)"},"content":{"rendered":"<p>Festigkeit ist das Prinzip der AS 65 2T, egal ob in steilen H\u00e4ngen, bei starkem Bewuchs oder einer gro\u00dfen Schnittbreite von 65 cm. Der 2-Takt-AS-Motor spielt sein sattes Drehmoment an steilen H\u00e4ngen und auf gro\u00dfen Fl\u00e4chen in dichtem Bewuchs, hohem Gras, B\u00fcschen und Gestr\u00fcpp aus. Die Differenzialsperre in Kombination mit dem 5-Gang-Schaltgetriebe sorgt f\u00fcr permanente Traktion, Wendigkeit und Sicherheit. Das Kreuzmesser-AS-System zerkleinert zuverl\u00e4ssig und sorgt so f\u00fcr eine beeindruckende Schnittleistung, wobei die Schneidkraft durch das Motor-Messer-Verh\u00e4ltnis von 2:1 maximiert wird. Zusammengefasst: So m\u00e4ht und zerkleinert man Rasen und Str\u00e4ucher nach dem Prinzip der Allrounder-M\u00e4her.    <\/p>\n","protected":false},"excerpt":{"rendered":"<p>Festigkeit ist das Prinzip der AS 65 2T, egal ob in steilen H\u00e4ngen, bei starkem Bewuchs oder einer gro\u00dfen Schnittbreite<\/p>\n","protected":false},"featured_media":56285,"template":"","meta":{"_seopress_robots_primary_cat":"","_seopress_titles_title":"","_seopress_titles_desc":"","_seopress_robots_index":""},"product_brand":[4375],"product_cat":[1454,1500,169],"product_tag":[],"class_list":{"0":"post-504157","1":"product","2":"type-product","3":"status-publish","4":"has-post-thumbnail","6":"product_brand-as-motor-de","7":"product_cat-andere-gerate","8":"product_cat-mahmaschinen","9":"product_cat-maschinen","10":"sws-gruppo-macchinari-de","11":"sws-conto-ricavi-merci-rivendita-macchinari-de","12":"sws-gruppo-iva-iva81-de","14":"first","15":"onbackorder","16":"shipping-taxable","17":"purchasable","18":"product-type-simple"},"_links":{"self":[{"href":"https:\/\/lucacastelli.com\/de\/wp-json\/wp\/v2\/product\/504157","targetHints":{"allow":["GET"]}}],"collection":[{"href":"https:\/\/lucacastelli.com\/de\/wp-json\/wp\/v2\/product"}],"about":[{"href":"https:\/\/lucacastelli.com\/de\/wp-json\/wp\/v2\/types\/product"}],"wp:featuredmedia":[{"embeddable":true,"href":"https:\/\/lucacastelli.com\/de\/wp-json\/wp\/v2\/media\/56285"}],"wp:attachment":[{"href":"https:\/\/lucacastelli.com\/de\/wp-json\/wp\/v2\/media?parent=504157"}],"wp:term":[{"taxonomy":"product_brand","embeddable":true,"href":"https:\/\/lucacastelli.com\/de\/wp-json\/wp\/v2\/product_brand?post=504157"},{"taxonomy":"product_cat","embeddable":true,"href":"https:\/\/lucacastelli.com\/de\/wp-json\/wp\/v2\/product_cat?post=504157"},{"taxonomy":"product_tag","embeddable":true,"href":"https:\/\/lucacastelli.com\/de\/wp-json\/wp\/v2\/product_tag?post=504157"}],"curies":[{"name":"wp","href":"https:\/\/api.w.org\/{rel}","templated":true}]}}