{"id":504156,"date":"2023-05-28T15:48:40","date_gmt":"2023-05-28T13:48:40","guid":{"rendered":"https:\/\/lucacastelli.com\/prodotto\/as-62-e-allmaeher-ohne-akku-und-ladegeraet\/"},"modified":"2025-12-01T14:46:01","modified_gmt":"2025-12-01T13:46:01","slug":"as-62-e-allmaeher-ohne-akku-und-ladegeraet","status":"publish","type":"product","link":"https:\/\/lucacastelli.com\/de\/produkt\/as-62-e-allmaeher-ohne-akku-und-ladegeraet\/","title":{"rendered":"AS 62 E Allm\u00e4her (ohne Akku und Ladeger\u00e4t)"},"content":{"rendered":"<p>Gemacht f\u00fcr Gras bis zu einer H\u00f6he von 90 cm. M\u00e4hen und h\u00e4ckseln Sie in einem Arbeitsgang. Der Elektro-Rasenm\u00e4her AS 62 ist besonders auf flachem und leicht unebenem Gel\u00e4nde zu Hause. Typische Einsatzorte der Maschine sind Obstg\u00e4rten, Feriengebiete und gro\u00dfe G\u00e4rten. Dank der Freil\u00e4ufe auf beiden Seiten des Antriebs und der beweglichen Vorderr\u00e4der l\u00e4sst sich der Rasenm\u00e4her komfortabel man\u00f6vrieren. Ideal f\u00fcr Privatkunden, Dienstleister und Vereine.<br \/>\nDer neue 56-Volt-Elektromotor AS-Motor hat die Leistung eines herk\u00f6mmlichen 200 cm3 Benzinmotors. Er wird von zwei professionellen manuellen Batterien mit je 10 Ah betrieben. Zusammen liefern sie beeindruckende 1.120 Wattstunden Energie. F\u00fcr maximale Reichweite kann auch eine 28 Ah Heckbatterie angeschlossen werden. Mit einer rekordverd\u00e4chtigen Energiereserve von 2.688 Wattstunden.<br \/>\nMotor und Messerwelle sind durch die Messerkupplung voneinander getrennt. So ist der Motor bei einer Kollision zwischen dem S\u00e4geblatt und beispielsweise Steinen oder Wurzeln bestm\u00f6glich gesch\u00fctzt. Die hohe Schnittkraft (Drehmoment) an der Klinge resultiert aus einer Untersetzung der Motordrehzahl zur Klinge von 1,6:1. Optional ist ein Mulchkit erh\u00e4ltlich, um einen optisch ansprechenden Schnitt in niedrigem Gras zu erzielen.            <\/p>\n<p>Kreuzmessersystem und stufenloser<br \/>\nVariomatic-Antrieb Das Kreuzmessersystem schneidet und zerkleinert Schnittgut zuverl\u00e4ssig in Schnitth\u00f6hen von 50 bis 100 mm. Diese werden Achse f\u00fcr Achse, vorne stufenlos und hinten in f\u00fcnf Stufen verstellt. Das geschlossene Mulchm\u00e4hdeck mit Heckauswurf verhindert ein unbeabsichtigtes Auswerfen von Schnittgut von der Seite. Die Fahrgeschwindigkeit kann w\u00e4hrend der Fahrt stufenlos von 1,8 bis 4 km\/h variiert werden. Die 30 cm langen Antriebsr\u00e4der sorgen f\u00fcr eine gute Traktion. F\u00fcr Arbeiten an leichten H\u00e4ngen k\u00f6nnen die Vorderr\u00e4der blockiert werden, um ein Abdriften der Maschine zu verhindern.    <\/p>\n<p>Komfortabler Lenker und einfacher Transport<br \/>\nDer seitlich verstellbare V-f\u00f6rmige Lenker ist serienm\u00e4\u00dfig mit VibrationProtect ausgestattet, der Hand-Arm-Vibrationen minimiert. Zudem l\u00e4sst sich der Lenker einfach und bequem in der H\u00f6he verstellen. F\u00fcr einen einfachen Transport kann der Elektro-Rasenm\u00e4her AS 62 heruntergeklappt werden. Das bedeutet, dass er ohne Anh\u00e4nger mit dem Auto transportiert werden kann.   <\/p>\n","protected":false},"excerpt":{"rendered":"<p>Gemacht f\u00fcr Gras bis zu einer H\u00f6he von 90 cm. M\u00e4hen und h\u00e4ckseln Sie in einem Arbeitsgang. Der Elektro-Rasenm\u00e4her AS<\/p>\n","protected":false},"featured_media":56275,"template":"","meta":{"_seopress_robots_primary_cat":"","_seopress_titles_title":"","_seopress_titles_desc":"","_seopress_robots_index":""},"product_brand":[4372],"product_cat":[29,514,544],"product_tag":[],"class_list":{"0":"post-504156","1":"product","2":"type-product","3":"status-publish","4":"has-post-thumbnail","6":"product_brand-as-motor","7":"product_cat-macchinari","8":"product_cat-altri-dispositivi","9":"product_cat-falciatrici","10":"sws-gruppo-macchinari-de","11":"sws-conto-ricavi-merci-rivendita-macchinari-de","12":"sws-gruppo-iva-iva81-de","14":"first","15":"onbackorder","16":"shipping-taxable","17":"purchasable","18":"product-type-simple"},"_links":{"self":[{"href":"https:\/\/lucacastelli.com\/de\/wp-json\/wp\/v2\/product\/504156","targetHints":{"allow":["GET"]}}],"collection":[{"href":"https:\/\/lucacastelli.com\/de\/wp-json\/wp\/v2\/product"}],"about":[{"href":"https:\/\/lucacastelli.com\/de\/wp-json\/wp\/v2\/types\/product"}],"wp:featuredmedia":[{"embeddable":true,"href":"https:\/\/lucacastelli.com\/de\/wp-json\/wp\/v2\/media\/56275"}],"wp:attachment":[{"href":"https:\/\/lucacastelli.com\/de\/wp-json\/wp\/v2\/media?parent=504156"}],"wp:term":[{"taxonomy":"product_brand","embeddable":true,"href":"https:\/\/lucacastelli.com\/de\/wp-json\/wp\/v2\/product_brand?post=504156"},{"taxonomy":"product_cat","embeddable":true,"href":"https:\/\/lucacastelli.com\/de\/wp-json\/wp\/v2\/product_cat?post=504156"},{"taxonomy":"product_tag","embeddable":true,"href":"https:\/\/lucacastelli.com\/de\/wp-json\/wp\/v2\/product_tag?post=504156"}],"curies":[{"name":"wp","href":"https:\/\/api.w.org\/{rel}","templated":true}]}}