{"id":504150,"date":"2023-05-28T15:36:54","date_gmt":"2023-05-28T13:36:54","guid":{"rendered":"https:\/\/lucacastelli.com\/prodotto\/as-62-4t-bs\/"},"modified":"2025-12-01T14:46:01","modified_gmt":"2025-12-01T13:46:01","slug":"as-62-4t-bs","status":"publish","type":"product","link":"https:\/\/lucacastelli.com\/de\/produkt\/as-62-4t-bs\/","title":{"rendered":"AS 62 4T B&amp;S"},"content":{"rendered":"<p>Konzipiert f\u00fcr das M\u00e4hen und Zerkleinern von hohem Gras. Der AS 62 4T B&amp;S ist besonders auf flachem Gel\u00e4nde mit vielen Hindernissen, wie z. B. Obstg\u00e4rten, zu Hause und mulchert bis zu 90 cm hohes Gras. Dank der Freil\u00e4ufe auf beiden Seiten des Getriebes und der beweglichen Vorderr\u00e4der l\u00e4sst sich der Rasenm\u00e4her leicht man\u00f6vrieren. Ideal f\u00fcr Privatkunden, Dienstleister und Kommunen.   <\/p>\n<p>Ausgestattet mit einem Briggs &amp; Stratton 850 PXi-Motor verrichtet die B&amp;S AS 62 4T zuverl\u00e4ssig ihren Dienst. Der Motor hat eine maximale Leistung von 5,7 PS und einen Hubraum von 190 cm\u00b3. Motorwelle und Messerwelle sind durch die Messerkupplung voneinander getrennt. Dies gew\u00e4hrleistet den bestm\u00f6glichen Schutz des Motors, zum Beispiel bei einer Kollision des S\u00e4geblatts mit Steinen oder Wurzeln. Die hohe Schnittkraft (Drehmoment) an der Klinge resultiert aus einem Verh\u00e4ltnis von 1,6:1 zur Reduzierung der Motordrehzahl auf die der Klinge.    <\/p>\n<p>Ausgestattet mit einem Kreuzs\u00e4geblattsystem schneidet und zerkleinert die B&amp;S AS 62 4T zuverl\u00e4ssig zugef\u00fchrtes Material in Schnitth\u00f6hen von 50-100 mm. Diese werden pro Achse, vorne stufenlos und hinten in f\u00fcnf Stufen verstellt. Die konische M\u00e4hhaube sorgt zudem f\u00fcr einen gleichm\u00e4\u00dfigen und idealen Gutfluss. Der Fahrer kann stufenlos eine Fahrgeschwindigkeit zwischen 1,8 und 3,8 km\/h w\u00e4hlen. Die beiden Freil\u00e4ufe und beweglichen Vorderr\u00e4der des Getriebes erm\u00f6glichen es Ihnen, auch w\u00e4hrend der Fahrt bequem um Hindernisse herum zu lenken, zu wenden und zu rangieren.   <\/p>\n<p>Der seitlich verstellbare V-f\u00f6rmige Lenker ist serienm\u00e4\u00dfig mit VibrationProtect ausgestattet, der Hand-Arm-Vibrationen minimiert. Zudem l\u00e4sst sich der Lenker einfach und bequem in der H\u00f6he verstellen. F\u00fcr einen einfachen Transport kann der B&amp;S AS 62 4T &#8220;zusammengeklappt&#8221; werden. Dies erm\u00f6glicht den Transport mit dem Auto ohne Anh\u00e4nger.   <\/p>\n","protected":false},"excerpt":{"rendered":"<p>Konzipiert f\u00fcr das M\u00e4hen und Zerkleinern von hohem Gras. Der AS 62 4T B&amp;S ist besonders auf flachem Gel\u00e4nde mit<\/p>\n","protected":false},"featured_media":56270,"template":"","meta":{"_seopress_robots_primary_cat":"","_seopress_titles_title":"","_seopress_titles_desc":"","_seopress_robots_index":""},"product_brand":[4375],"product_cat":[1454,1500,169],"product_tag":[],"class_list":{"0":"post-504150","1":"product","2":"type-product","3":"status-publish","4":"has-post-thumbnail","6":"product_brand-as-motor-de","7":"product_cat-andere-gerate","8":"product_cat-mahmaschinen","9":"product_cat-maschinen","10":"sws-gruppo-macchinari-de","11":"sws-conto-ricavi-merci-rivendita-macchinari-de","12":"sws-gruppo-iva-iva81-de","14":"first","15":"onbackorder","16":"shipping-taxable","17":"purchasable","18":"product-type-simple"},"_links":{"self":[{"href":"https:\/\/lucacastelli.com\/de\/wp-json\/wp\/v2\/product\/504150","targetHints":{"allow":["GET"]}}],"collection":[{"href":"https:\/\/lucacastelli.com\/de\/wp-json\/wp\/v2\/product"}],"about":[{"href":"https:\/\/lucacastelli.com\/de\/wp-json\/wp\/v2\/types\/product"}],"wp:featuredmedia":[{"embeddable":true,"href":"https:\/\/lucacastelli.com\/de\/wp-json\/wp\/v2\/media\/56270"}],"wp:attachment":[{"href":"https:\/\/lucacastelli.com\/de\/wp-json\/wp\/v2\/media?parent=504150"}],"wp:term":[{"taxonomy":"product_brand","embeddable":true,"href":"https:\/\/lucacastelli.com\/de\/wp-json\/wp\/v2\/product_brand?post=504150"},{"taxonomy":"product_cat","embeddable":true,"href":"https:\/\/lucacastelli.com\/de\/wp-json\/wp\/v2\/product_cat?post=504150"},{"taxonomy":"product_tag","embeddable":true,"href":"https:\/\/lucacastelli.com\/de\/wp-json\/wp\/v2\/product_tag?post=504150"}],"curies":[{"name":"wp","href":"https:\/\/api.w.org\/{rel}","templated":true}]}}