{"id":504142,"date":"2023-05-28T15:35:39","date_gmt":"2023-05-28T13:35:39","guid":{"rendered":"https:\/\/lucacastelli.com\/prodotto\/as-63-4t-bs\/"},"modified":"2023-05-28T15:35:39","modified_gmt":"2023-05-28T13:35:39","slug":"as-63-4t-bs","status":"publish","type":"product","link":"https:\/\/lucacastelli.com\/de\/produkt\/as-63-4t-bs\/","title":{"rendered":"AS 63 4T B&amp;S"},"content":{"rendered":"<p>Das Kreuzmessersystem des Rasenm\u00e4hers AS 63 schneidet und zerkleinert auch hohe Vegetation problemlos und \u00fcberzeugt durch seine hervorragende Schnittleistung, hervorragendes Mulchergebnis, permanente Traktion, Wendigkeit und Sicherheit. Das robuste Getriebe mit Differenzialsperre sorgt f\u00fcr zuverl\u00e4ssigen Vortrieb und erm\u00f6glicht Ihnen ein sicheres Arbeiten auch in schwierigem Gel\u00e4nde, an H\u00e4ngen und auf nassem Gel\u00e4nde. Neue M\u00e4hhaube &#8211; perfekter Schnitt. Das neue konische M\u00e4hdeck und die an der Au\u00dfenseite des Schnittmusters angebrachten Schwenkr\u00e4der sorgen f\u00fcr einen optimalen Fluss des Grasschnitts zum Quermesser. Dadurch wird das Gras in einer relativ aufrechten und idealen Position geschnitten, was zu einem sehr guten Schnitt- und Siebergebnis f\u00fchrt. Power am Hang, hohe Leistung, Sicherheit und Handling. Das geringe Gewicht (ca. 70 kg), die gute Ergonomie mit Anti-Vibrations-System und ein leistungsstarker und robuster Motor machen den AS 63 zum idealen Rasenm\u00e4her f\u00fcr Hanglagen. Ihre Sicherheit liegt uns am Herzen! Deshalb ist der AS 63 mit einem automatischen Bergabfahrbegrenzer, einer automatischen Differenzialsperre und einer automatischen Feststellbremse ausgestattet, die beim Loslassen des Getriebes einrastet.        <\/p>\n","protected":false},"excerpt":{"rendered":"<p>Das Kreuzmessersystem des Rasenm\u00e4hers AS 63 schneidet und zerkleinert auch hohe Vegetation problemlos und \u00fcberzeugt durch seine hervorragende Schnittleistung, hervorragendes<\/p>\n","protected":false},"featured_media":56255,"template":"","meta":{"_seopress_robots_primary_cat":"","_seopress_titles_title":"","_seopress_titles_desc":"","_seopress_robots_index":""},"product_brand":[4375],"product_cat":[169,1454,1500],"product_tag":[],"class_list":{"0":"post-504142","1":"product","2":"type-product","3":"status-publish","4":"has-post-thumbnail","6":"product_brand-as-motor-de","7":"product_cat-maschinen","8":"product_cat-andere-gerate","9":"product_cat-mahmaschinen","11":"first","12":"onbackorder","13":"shipping-taxable","14":"purchasable","15":"product-type-simple"},"_links":{"self":[{"href":"https:\/\/lucacastelli.com\/de\/wp-json\/wp\/v2\/product\/504142","targetHints":{"allow":["GET"]}}],"collection":[{"href":"https:\/\/lucacastelli.com\/de\/wp-json\/wp\/v2\/product"}],"about":[{"href":"https:\/\/lucacastelli.com\/de\/wp-json\/wp\/v2\/types\/product"}],"wp:featuredmedia":[{"embeddable":true,"href":"https:\/\/lucacastelli.com\/de\/wp-json\/wp\/v2\/media\/56255"}],"wp:attachment":[{"href":"https:\/\/lucacastelli.com\/de\/wp-json\/wp\/v2\/media?parent=504142"}],"wp:term":[{"taxonomy":"product_brand","embeddable":true,"href":"https:\/\/lucacastelli.com\/de\/wp-json\/wp\/v2\/product_brand?post=504142"},{"taxonomy":"product_cat","embeddable":true,"href":"https:\/\/lucacastelli.com\/de\/wp-json\/wp\/v2\/product_cat?post=504142"},{"taxonomy":"product_tag","embeddable":true,"href":"https:\/\/lucacastelli.com\/de\/wp-json\/wp\/v2\/product_tag?post=504142"}],"curies":[{"name":"wp","href":"https:\/\/api.w.org\/{rel}","templated":true}]}}