{"id":504127,"date":"2023-05-28T15:11:41","date_gmt":"2023-05-28T13:11:41","guid":{"rendered":"https:\/\/lucacastelli.com\/prodotto\/as-21-e-allmaeher-ohne-akku-und-ladegeraet\/"},"modified":"2025-12-01T14:46:00","modified_gmt":"2025-12-01T13:46:00","slug":"as-21-e-allmaeher-ohne-akku-und-ladegeraet","status":"publish","type":"product","link":"https:\/\/lucacastelli.com\/de\/produkt\/as-21-e-allmaeher-ohne-akku-und-ladegeraet\/","title":{"rendered":"AS 21 E Allm\u00e4her (ohne Akku und Ladeger\u00e4t)"},"content":{"rendered":"<p>Jetzt mit AS-Motor Elektroantrieb. Unter den Rasenm\u00e4hern geh\u00f6rt der AS 21 zu den legend\u00e4ren Klassikern von AS-Motor. Sein Design und seine Schnittleistung bew\u00e4hren sich seit Jahrzehnten in europ\u00e4ischen Obstplantagen. Ausgestattet mit dem neuen Elektromotor AS-Motor ist er moderner denn je. Der neue 56-Volt-Elektromotor AS-Motor hat die Leistung eines herk\u00f6mmlichen 200 cm3 Benzinmotors. Er wird von zwei professionellen manuellen Batterien mit je 10 Ah betrieben. Zusammen liefern sie beeindruckende 1.120 Wattstunden Energie. F\u00fcr maximale Reichweite kann auch eine 28 Ah Heckbatterie angeschlossen werden. Mit einer rekordverd\u00e4chtigen Energiereserve von 2.688 Wattstunden.<br \/>\nEr ist f\u00fcr Grash\u00f6hen bis zu 60 cm geeignet. Der Rasenm\u00e4her ist mit einem dritten Kurbelwellenlager und Reibplatten an der Klinge ausgestattet, um den Motor im Falle einer Kollision mit Fremdk\u00f6rpern zu sch\u00fctzen. Die profilierten Antriebsr\u00e4der erm\u00f6glichen einen guten Vortrieb.  <\/p>\n<p>Wendig und komfortabel dank der 3-Rad-Bauweise<br \/>\nMit dem dreir\u00e4drigen Elektro-Rasenm\u00e4her AS 21 k\u00f6nnen Sie problemlos um Hindernisse herum navigieren. Das gro\u00dfe, schwenkbare und gleichzeitig mechanisch feststellbare Vorderrad erm\u00f6glicht Ihnen ein komfortables M\u00e4hen an sanften H\u00e4ngen.<br \/>\nDurch die vierstufige Schnitth\u00f6henverstellung am Vorderrad und die zweistufige Schnitth\u00f6henverstellung an den Hinterr\u00e4dern kann die Maschine auf Schnitth\u00f6hen von 55-80 mm eingestellt werden. Der Elektro-Rasenm\u00e4her AS 21 ist mit einem Komfortlenker ausgestattet. Auf diese Weise k\u00f6nnen Sie die H\u00f6he und die Seite des Lenkers ohne den Einsatz von Werkzeugen einstellen. Der gesamte Lenker kann f\u00fcr den Transport nach vorne geklappt werden.   <\/p>\n<p>ELEKTRISCHES \u00d6KOSYSTEM<br \/>\nErweitern Sie Ihre Einsatzm\u00f6glichkeiten in alle Richtungen mit einem kompletten \u00d6KOSYSTEM. AS-Motor Electric Akkus sind kompatibel mit allen Profi-Handwerkzeugen von EGO Powertools. <\/p>\n","protected":false},"excerpt":{"rendered":"<p>Jetzt mit AS-Motor Elektroantrieb. Unter den Rasenm\u00e4hern geh\u00f6rt der AS 21 zu den legend\u00e4ren Klassikern von AS-Motor. Sein Design und<\/p>\n","protected":false},"featured_media":56235,"template":"","meta":{"_seopress_robots_primary_cat":"","_seopress_titles_title":"","_seopress_titles_desc":"","_seopress_robots_index":""},"product_brand":[4372],"product_cat":[29,514,544],"product_tag":[],"class_list":{"0":"post-504127","1":"product","2":"type-product","3":"status-publish","4":"has-post-thumbnail","6":"product_brand-as-motor","7":"product_cat-macchinari","8":"product_cat-altri-dispositivi","9":"product_cat-falciatrici","10":"sws-gruppo-macchinari-fr","11":"sws-conto-ricavi-merci-rivendita-macchinari-de","12":"sws-gruppo-iva-iva81-de","14":"first","15":"onbackorder","16":"shipping-taxable","17":"purchasable","18":"product-type-simple"},"_links":{"self":[{"href":"https:\/\/lucacastelli.com\/de\/wp-json\/wp\/v2\/product\/504127","targetHints":{"allow":["GET"]}}],"collection":[{"href":"https:\/\/lucacastelli.com\/de\/wp-json\/wp\/v2\/product"}],"about":[{"href":"https:\/\/lucacastelli.com\/de\/wp-json\/wp\/v2\/types\/product"}],"wp:featuredmedia":[{"embeddable":true,"href":"https:\/\/lucacastelli.com\/de\/wp-json\/wp\/v2\/media\/56235"}],"wp:attachment":[{"href":"https:\/\/lucacastelli.com\/de\/wp-json\/wp\/v2\/media?parent=504127"}],"wp:term":[{"taxonomy":"product_brand","embeddable":true,"href":"https:\/\/lucacastelli.com\/de\/wp-json\/wp\/v2\/product_brand?post=504127"},{"taxonomy":"product_cat","embeddable":true,"href":"https:\/\/lucacastelli.com\/de\/wp-json\/wp\/v2\/product_cat?post=504127"},{"taxonomy":"product_tag","embeddable":true,"href":"https:\/\/lucacastelli.com\/de\/wp-json\/wp\/v2\/product_tag?post=504127"}],"curies":[{"name":"wp","href":"https:\/\/api.w.org\/{rel}","templated":true}]}}