{"id":504116,"date":"2023-05-22T18:45:57","date_gmt":"2023-05-22T16:45:57","guid":{"rendered":"https:\/\/lucacastelli.com\/prodotto\/as-1040-yak-4wd-xl\/"},"modified":"2023-05-22T18:45:57","modified_gmt":"2023-05-22T16:45:57","slug":"as-1040-yak-4wd-xl","status":"publish","type":"product","link":"https:\/\/lucacastelli.com\/de\/produkt\/as-1040-yak-4wd-xl\/","title":{"rendered":"AS 1040 YAK 4WD XL"},"content":{"rendered":"<p>Leistungsstark, robust, in schwierigstem Gel\u00e4nde zu Hause: Der robuste selbstfahrende Mulcher AS 1040 Yak 4WD XL<br \/>\nAS-Motor ist f\u00fcr den intensiven Einsatz auf unebenem, unebenem, holprigem und absch\u00fcssigem Gel\u00e4nde konzipiert. Der Schlegelm\u00e4her ist in der Lage, gro\u00dfe Gr\u00fcnfl\u00e4chen, bis zu 1,5 Meter hohe Vegetation, Gestr\u00fcpp und Abf\u00e4lle m\u00fchelos zu zerkleinern. Der Mulcher eignet sich f\u00fcr den professionellen Einsatz unter anderem bei Dienstleistern, Kommunen und im Garten- und Landschaftsbau.  <\/p>\n<p>Leistungsstarke Maschine mit Kardandirektantrieb<br \/>\nDie AS 1040 Yak 4 WD wird von einem Briggs &amp; Stratton V-Twin Vanguard Zweizylindermotor angetrieben. Der liegende Motor leistet maximal 23 PS (17,2 kW) bei einem Hubraum von 627 cm3 und \u00fcbertr\u00e4gt die Kraft \u00fcber Keilriemen direkt auf die Schlegelwelle. F\u00fcr die optimale Frischluftzufuhr sorgt der Zyklon-Luftfilter. Dank der \u00d6l- und Kraftstoffpumpe ist der Mulcher AS 1040 Yak 4WD perfekt in Hanglagen zu Hause. Dank der \u00d6l- und Kraftstoffpumpe ist der AS 1040 YAK 4WD XL auf der Piste perfekt zu Hause. Mit seinen R\u00e4dern in XL-Gr\u00f6\u00dfe hat er noch mehr Bodenfreiheit als der AS 1040 YAK 4WD.     <\/p>\n<p>Stufenloser Allradantrieb mit Tempomat<br \/>\nDank des hydrostatischen Getriebes l\u00e4sst sich der selbstfahrende Mulcher mit einer H\u00f6chstgeschwindigkeit von 7,5 km\/h vorw\u00e4rts und 6,8 km\/h r\u00fcckw\u00e4rts komfortabel und stufenlos fahren. Der permanente Allradantrieb sorgt f\u00fcr perfekten Vortrieb auf jedem Terrain. Zudem kann das Hinterachsdifferenzial jederzeit \u00fcber ein Fu\u00dfpedal gesperrt werden. Die Bedienung der Maschine erfolgt einfach und komfortabel mit dem F\u00fchrungshebel. Dieser Hebel verf\u00fcgt \u00fcber die Feststellbremse und den Tempomat. Zus\u00e4tzlich kann die Feststellbremse \u00fcber ein Fu\u00dfpedal bet\u00e4tigt werden.     <\/p>\n<p>Schwimmendes Geh\u00e4use mit Y-Schlegel<br \/>\nAusgestattet mit 56 Y-Schlegeln und einer Arbeitsbreite von einem Meter erreicht der Schlegelm\u00e4her AS 1040 Yak 4WD XL eine Fl\u00e4chenleistung von 7.300 m\u00b2\/h. Das zerkleinerte Material wird gleichm\u00e4\u00dfig \u00fcber die gesamte Arbeitsbreite abgeschieden. Es stehen 7 Stufen zur Auswahl, um die Schnitth\u00f6he von 30 bis 110 mm zu w\u00e4hlen. Die nach oben ausgelenkte Auslenkung des M\u00e4hdecks (Schwimmplatte) und die Y-f\u00f6rmigen Schlegel am Rotor verhindern Besch\u00e4digungen im Falle einer Kollision mit dem Rotor. Die asymmetrische Anordnung des M\u00e4hwerks erm\u00f6glicht ein effektives M\u00e4hen um Kanten und Hindernisse herum.   <\/p>\n<p>Komfortables Arbeiten f\u00fcr lange Tage<br \/>\nDie ergonomische Position des Maschinensitzes sorgt f\u00fcr ausreichend Beinfreiheit f\u00fcr Anwender bis zu einer K\u00f6rpergr\u00f6\u00dfe von 1,95 m. Dar\u00fcber hinaus kann der Schalensitz in der L\u00e4nge an den individuellen Benutzer angepasst werden. Das innovative Federungssystem.  <\/p>\n","protected":false},"excerpt":{"rendered":"<p>Leistungsstark, robust, in schwierigstem Gel\u00e4nde zu Hause: Der robuste selbstfahrende Mulcher AS 1040 Yak 4WD XL AS-Motor ist f\u00fcr den<\/p>\n","protected":false},"featured_media":55971,"template":"","meta":{"_seopress_robots_primary_cat":"","_seopress_titles_title":"","_seopress_titles_desc":"","_seopress_robots_index":""},"product_brand":[4372],"product_cat":[29,262,487],"product_tag":[],"class_list":{"0":"post-504116","1":"product","2":"type-product","3":"status-publish","4":"has-post-thumbnail","6":"product_brand-as-motor","7":"product_cat-macchinari","8":"product_cat-tosaerba-e-robot","9":"product_cat-trattorini-tosaerba","11":"first","12":"onbackorder","13":"shipping-taxable","14":"purchasable","15":"product-type-simple"},"_links":{"self":[{"href":"https:\/\/lucacastelli.com\/de\/wp-json\/wp\/v2\/product\/504116","targetHints":{"allow":["GET"]}}],"collection":[{"href":"https:\/\/lucacastelli.com\/de\/wp-json\/wp\/v2\/product"}],"about":[{"href":"https:\/\/lucacastelli.com\/de\/wp-json\/wp\/v2\/types\/product"}],"wp:featuredmedia":[{"embeddable":true,"href":"https:\/\/lucacastelli.com\/de\/wp-json\/wp\/v2\/media\/55971"}],"wp:attachment":[{"href":"https:\/\/lucacastelli.com\/de\/wp-json\/wp\/v2\/media?parent=504116"}],"wp:term":[{"taxonomy":"product_brand","embeddable":true,"href":"https:\/\/lucacastelli.com\/de\/wp-json\/wp\/v2\/product_brand?post=504116"},{"taxonomy":"product_cat","embeddable":true,"href":"https:\/\/lucacastelli.com\/de\/wp-json\/wp\/v2\/product_cat?post=504116"},{"taxonomy":"product_tag","embeddable":true,"href":"https:\/\/lucacastelli.com\/de\/wp-json\/wp\/v2\/product_tag?post=504116"}],"curies":[{"name":"wp","href":"https:\/\/api.w.org\/{rel}","templated":true}]}}