{"id":504111,"date":"2023-05-27T08:58:46","date_gmt":"2023-05-27T06:58:46","guid":{"rendered":"https:\/\/lucacastelli.com\/prodotto\/as-585-km-kreiselmaeher\/"},"modified":"2025-12-01T14:45:59","modified_gmt":"2025-12-01T13:45:59","slug":"as-585-km-kreiselmaeher","status":"publish","type":"product","link":"https:\/\/lucacastelli.com\/de\/produkt\/as-585-km-kreiselmaeher\/","title":{"rendered":"AS 585 KM Kreiselm\u00e4her"},"content":{"rendered":"<p>Vereinfachte Futterproduktion. Die AS 585 KM macht die Produktion von Futtermitteln f\u00fcr Tiere effizient und kosteng\u00fcnstig. Es funktioniert nach dem Prinzip des Trommelm\u00e4hers. Er besteht aus einer M\u00e4htrommel mit Messern und der Gleitplatte. Die Schiebeplatte, die unter der M\u00e4hwalze montiert wird, sorgt f\u00fcr einen parallelen Kontakt mit dem Boden des M\u00e4hwerks und bestimmt gleichzeitig die Schnitth\u00f6he. Auf der angetriebenen Schneidwalze sind vier oszillierende Messer montiert, die Gras in Bodenn\u00e4he bis zu einer H\u00f6he von 60 cm schneiden. Die hohe Drehzahl der Schneidwalze sorgt f\u00fcr einen sauberen Schnitt des Grases. Das Gras wird in gleichm\u00e4\u00dfigen Schwaden in Reihen ausgebreitet. Das bedeutet, dass es schnell gesammelt, verladen und transportiert werden kann. Bei einer Schnittbreite von 62 cm erreicht der Sichelm\u00e4her eine Fl\u00e4chenleistung von bis zu 1.500 m\u00b2 pro Stunde.         <\/p>\n<p>Der OHV XP 200 4-Takt-Motor bietet ausreichend Leistungsreserven. Der 196-cm\u00b3-Motor liefert eine maximale Leistung von 4,8 PS. Der Antrieb kann \u00fcber einen Hebel zugeschaltet werden und erm\u00f6glicht eine Fahrgeschwindigkeit von 2,4 km\/h. In anspruchsvollerem Gel\u00e4nde oder f\u00fcr besseren Vortrieb k\u00f6nnen die Hinterr\u00e4der manuell blockiert werden. Die F\u00fchrungsschiene l\u00e4sst sich zudem auf individuelle Arbeitsh\u00f6hen einstellen, um ein komfortables Arbeiten zu gew\u00e4hrleisten. Die F\u00fchrungsschiene ist klappbar. Damit l\u00e4sst sich der AS 585 KM mit seinen 66 kg gut mit dem Auto transportieren.      <\/p>\n<p>Die Maschine ist mit leicht austauschbaren Schneidmessern ausgestattet, die beidseitig verwendet werden k\u00f6nnen. Durch die deutlich reduzierten Vibrationen eines Sichelm\u00e4hers und die Robustheit der Schneidmesser k\u00f6nnen die Wartungs- und Reparaturkosten im Vergleich zu einem Baumm\u00e4her deutlich gesenkt werden. <\/p>\n","protected":false},"excerpt":{"rendered":"<p>Vereinfachte Futterproduktion. Die AS 585 KM macht die Produktion von Futtermitteln f\u00fcr Tiere effizient und kosteng\u00fcnstig. Es funktioniert nach dem<\/p>\n","protected":false},"featured_media":56190,"template":"","meta":{"_seopress_robots_primary_cat":"","_seopress_titles_title":"","_seopress_titles_desc":"","_seopress_robots_index":""},"product_brand":[4375],"product_cat":[1454,1500,169],"product_tag":[],"class_list":{"0":"post-504111","1":"product","2":"type-product","3":"status-publish","4":"has-post-thumbnail","6":"product_brand-as-motor-de","7":"product_cat-andere-gerate","8":"product_cat-mahmaschinen","9":"product_cat-maschinen","10":"sws-gruppo-macchinari-de","11":"sws-conto-ricavi-merci-rivendita-macchinari-de","12":"sws-gruppo-iva-iva81-de","14":"first","15":"onbackorder","16":"shipping-taxable","17":"purchasable","18":"product-type-simple"},"_links":{"self":[{"href":"https:\/\/lucacastelli.com\/de\/wp-json\/wp\/v2\/product\/504111","targetHints":{"allow":["GET"]}}],"collection":[{"href":"https:\/\/lucacastelli.com\/de\/wp-json\/wp\/v2\/product"}],"about":[{"href":"https:\/\/lucacastelli.com\/de\/wp-json\/wp\/v2\/types\/product"}],"wp:featuredmedia":[{"embeddable":true,"href":"https:\/\/lucacastelli.com\/de\/wp-json\/wp\/v2\/media\/56190"}],"wp:attachment":[{"href":"https:\/\/lucacastelli.com\/de\/wp-json\/wp\/v2\/media?parent=504111"}],"wp:term":[{"taxonomy":"product_brand","embeddable":true,"href":"https:\/\/lucacastelli.com\/de\/wp-json\/wp\/v2\/product_brand?post=504111"},{"taxonomy":"product_cat","embeddable":true,"href":"https:\/\/lucacastelli.com\/de\/wp-json\/wp\/v2\/product_cat?post=504111"},{"taxonomy":"product_tag","embeddable":true,"href":"https:\/\/lucacastelli.com\/de\/wp-json\/wp\/v2\/product_tag?post=504111"}],"curies":[{"name":"wp","href":"https:\/\/api.w.org\/{rel}","templated":true}]}}