{"id":504110,"date":"2023-05-22T18:44:20","date_gmt":"2023-05-22T16:44:20","guid":{"rendered":"https:\/\/lucacastelli.com\/prodotto\/as-1040-yak-4wd\/"},"modified":"2023-05-22T18:44:20","modified_gmt":"2023-05-22T16:44:20","slug":"as-1040-yak-4wd","status":"publish","type":"product","link":"https:\/\/lucacastelli.com\/de\/produkt\/as-1040-yak-4wd\/","title":{"rendered":"AS 1040 YAK 4WD"},"content":{"rendered":"<p>Leistungsstark, robust, in schwierigem Gel\u00e4nde zu Hause: Der robuste selbstfahrende Mulcher AS 1040 Yak 4WD<br \/>\nAS-Motor ist f\u00fcr den intensiven Einsatz auf unebenem, unwegsamem und absch\u00fcssigem Gel\u00e4nde ausgelegt. Der Schlegelm\u00e4her ist in der Lage, gro\u00dfe Gr\u00fcnfl\u00e4chen, bis zu 1,5 Meter hohe Vegetation, Gestr\u00fcpp und Abf\u00e4lle m\u00fchelos zu zerkleinern. Der Mulcher eignet sich f\u00fcr den professionellen Einsatz unter anderem bei Dienstleistern, Kommunen und im Garten- und Landschaftsbau.  <\/p>\n<p>Leistungsstarke Maschine mit Direktschnittwellenantrieb<br \/>\nDie AS 1040 Yak 4 WD wird von einem Zweizylinder-V-Twin Vanguard-Motor von Briggs &amp; Stratton angetrieben. Der liegende Motor leistet maximal 23 PS (17,2 kW) bei einem Hubraum von 627 cm3 und \u00fcbertr\u00e4gt die Kraft \u00fcber Keilriemen direkt auf die Schlegelwelle. F\u00fcr die optimale Frischluftzufuhr sorgt der Zyklon-Luftfilter. Dank der \u00d6l- und Kraftstoffpumpe ist der Mulcher AS 1040 Yak 4WD auf der Piste perfekt zu Hause.   <\/p>\n<p>Stufenloser Allradantrieb mit Tempomat<br \/>\nDank des hydrostatischen Getriebes l\u00e4sst sich der Korbmulcher mit einer H\u00f6chstgeschwindigkeit von 6,8 km\/h vorw\u00e4rts und 6,3 km\/h r\u00fcckw\u00e4rts komfortabel und stufenlos fahren. Der permanente Allradantrieb sorgt f\u00fcr perfekten Vortrieb auf jedem Terrain. Zudem kann das Hinterachsdifferenzial jederzeit \u00fcber ein Fu\u00dfpedal gesperrt werden. Die Bedienung der Maschine erfolgt einfach und komfortabel mit dem F\u00fchrungshebel. Dieser Hebel verf\u00fcgt \u00fcber die Feststellbremse und den Tempomat. Zus\u00e4tzlich kann die Feststellbremse \u00fcber ein Fu\u00dfpedal bet\u00e4tigt werden.     <\/p>\n<p>Schwimmm\u00e4her mit Y-Lamellen<br \/>\nAusgestattet mit 56 Y-Schlegeln und einer Arbeitsbreite von einem Meter erreicht der Mulcher AS 1040 Yak 4WD eine Leistung von 6.800 m\u00b2\/h. Das zerkleinerte Material wird gleichm\u00e4\u00dfig \u00fcber die gesamte Arbeitsbreite abgeschieden. Es stehen 7 Stufen zur Auswahl, um die Schnitth\u00f6he von 30 bis 110 mm zu w\u00e4hlen. Durch die Aufw\u00e4rtsauslenkung des gesamten M\u00e4hbalkens (schwimmendes M\u00e4hwerk) und die Y-Spulen an der Welle wird eine Besch\u00e4digung des M\u00e4hrotors weitestgehend verhindert. Die asymmetrische Anordnung des M\u00e4hrotors erm\u00f6glicht ein effizientes M\u00e4hen um Kanten und Hindernisse herum.   <\/p>\n<p>Komfortables Arbeiten f\u00fcr lange Tage<br \/>\nDie ergonomische Sitzposition an der Maschine sorgt f\u00fcr ausreichend Beinfreiheit f\u00fcr Anwender bis zu einer K\u00f6rpergr\u00f6\u00dfe von 1,95 m. Dar\u00fcber hinaus kann der Schalensitz in der L\u00e4nge an den individuellen Benutzer angepasst werden. Auch das innovative Federungssystem mit Endlagend\u00e4mpfung l\u00e4sst sich individuell und stufenlos f\u00fcr jeden Fahrer einstellen. Zudem sind alle Bedienelemente logisch angeordnet.     <\/p>\n","protected":false},"excerpt":{"rendered":"<p>Leistungsstark, robust, in schwierigem Gel\u00e4nde zu Hause: Der robuste selbstfahrende Mulcher AS 1040 Yak 4WD AS-Motor ist f\u00fcr den intensiven<\/p>\n","protected":false},"featured_media":55966,"template":"","meta":{"_seopress_robots_primary_cat":"","_seopress_titles_title":"","_seopress_titles_desc":"","_seopress_robots_index":""},"product_brand":[4372],"product_cat":[29,262,487],"product_tag":[],"class_list":{"0":"post-504110","1":"product","2":"type-product","3":"status-publish","4":"has-post-thumbnail","6":"product_brand-as-motor","7":"product_cat-macchinari","8":"product_cat-tosaerba-e-robot","9":"product_cat-trattorini-tosaerba","11":"first","12":"onbackorder","13":"shipping-taxable","14":"purchasable","15":"product-type-simple"},"_links":{"self":[{"href":"https:\/\/lucacastelli.com\/de\/wp-json\/wp\/v2\/product\/504110","targetHints":{"allow":["GET"]}}],"collection":[{"href":"https:\/\/lucacastelli.com\/de\/wp-json\/wp\/v2\/product"}],"about":[{"href":"https:\/\/lucacastelli.com\/de\/wp-json\/wp\/v2\/types\/product"}],"wp:featuredmedia":[{"embeddable":true,"href":"https:\/\/lucacastelli.com\/de\/wp-json\/wp\/v2\/media\/55966"}],"wp:attachment":[{"href":"https:\/\/lucacastelli.com\/de\/wp-json\/wp\/v2\/media?parent=504110"}],"wp:term":[{"taxonomy":"product_brand","embeddable":true,"href":"https:\/\/lucacastelli.com\/de\/wp-json\/wp\/v2\/product_brand?post=504110"},{"taxonomy":"product_cat","embeddable":true,"href":"https:\/\/lucacastelli.com\/de\/wp-json\/wp\/v2\/product_cat?post=504110"},{"taxonomy":"product_tag","embeddable":true,"href":"https:\/\/lucacastelli.com\/de\/wp-json\/wp\/v2\/product_tag?post=504110"}],"curies":[{"name":"wp","href":"https:\/\/api.w.org\/{rel}","templated":true}]}}