{"id":504103,"date":"2023-05-22T18:30:46","date_gmt":"2023-05-22T16:30:46","guid":{"rendered":"https:\/\/lucacastelli.com\/prodotto\/as-940-sherpa-4wd-xl\/"},"modified":"2025-12-01T14:45:58","modified_gmt":"2025-12-01T13:45:58","slug":"as-940-sherpa-4wd-xl","status":"publish","type":"product","link":"https:\/\/lucacastelli.com\/de\/produkt\/as-940-sherpa-4wd-xl\/","title":{"rendered":"AS 940 Sherpa 4WD XL"},"content":{"rendered":"<p>Der selbstfahrende Rasenm\u00e4her 4WD mit erh\u00f6hter Bodenfreiheit f\u00fcr Hanglagen und schwieriges<br \/>\nGel\u00e4nde M\u00e4hen Sie mit dem AS 940 Sherpa 4WD XL bequem und sicher an H\u00e4ngen. Der 724 cm\u00b3 gro\u00dfe 2-Zylinder-Motor von Briggs &amp; Stratton leistet 27 PS. Dank der Kraftstoffpumpe und des Motor\u00f6ls ist es perfekt f\u00fcr Steigungen geeignet. Der Aufsitzrasenm\u00e4her bietet mit seinem permanenten 4-Rad-Antrieb, XL-Reifen (landwirtschaftliche Struktur), dem sehr niedrigen Schwerpunkt und dem Gesamtgewicht von nur 298 kg die n\u00f6tige Sicherheit am Hang. Der Antrieb des Rasenm\u00e4hers erfolgt \u00fcber ein stufenloses hydrostatisches Getriebe. Mit dem hydrostatischen Getriebe k\u00f6nnen Sie die Geschwindigkeit von 0 bis 6,7 km\/h vorw\u00e4rts und von 0 bis 6,5 km\/h r\u00fcckw\u00e4rts \u00fcber den Fahrhebel einstellen. Das hydrostatische Getriebe wird ausschlie\u00dflich \u00fcber den Fahrhebel gesteuert, der \u00fcber vier Funktionen verf\u00fcgt: Vorw\u00e4rts- und R\u00fcckw\u00e4rtsfahrt, Fahrbremse und Feststellbremse. Es gibt auch eine Fu\u00dfbremse. Wenn Sie diese Bremse bet\u00e4tigen, f\u00e4hrt der Fahrhebel in die mittlere Position. Dadurch wird automatisch die Feststellbremse angezogen. Unter extremen Bedingungen kann die Hinterradsperre jederzeit mit dem Pedal aktiviert werden.          <\/p>\n<p>Eine sehr robuste<br \/>\nM\u00e4hbalkenkonstruktion: Die AS 940 Sherpa 4WD XL ist mit einem M\u00e4hdeck mit AS-Kreuzmessersystem und einer Schnittbreite von 90 cm ausgestattet. Das bedeutet, dass er bis zu 5.500 m\u00b2\/Stunde m\u00e4hen und Gras bis zu 1,5 m hoch m\u00e4hen kann. Der Rasenm\u00e4her ist auch f\u00fcr Reisig geeignet. Das AS-Kreuzmessersystem schneidet, zerkleinert und zerkleinert gleichzeitig. Dies geschieht dank der umkehrbaren Klingen auf oszillierenden Lagern, die am M\u00e4hbalken befestigt sind. Die Messer schneiden das Gras und dann das Mulchmesser \u00fcber dem Mulcher und zerkleinern es. Das geschlossene M\u00e4hdeck, das den Grasschnitt am Heck ablegt, sorgt f\u00fcr ein optimales M\u00e4hen. Das sorgt vor allem in Hanglagen und bei N\u00e4sse f\u00fcr Sicherheit, da der Grasschnitt nicht gerollt wird. Das M\u00e4hdeck mit Oberfl\u00e4che verhindert das Heben von Hindernissen. Dadurch wird verhindert, dass das Schild den Boden ber\u00fchrt, wenn Sie z. B. \u00fcber eine Bodenwelle fahren. Dadurch werden die Messer und der gem\u00e4hte Rasen geschont. Die Schnitth\u00f6henverstellung erfolgt zentral und federbelastet. Die Schnitth\u00f6he kann in 5 Positionen von 80 bis 135 mm eingestellt werden.            <\/p>\n<p>Maximaler Komfort auch an langen Arbeitstagen<br \/>\nDie Gokart-\u00e4hnliche Sitzposition erm\u00f6glicht es Menschen zwischen 1,60 und 2,00 m K\u00f6rpergr\u00f6\u00dfe, bequem zu arbeiten. Das liegt unter anderem an dem langen Integralrohrrahmen. Zudem l\u00e4sst sich der Sitz f\u00fcr jeden Nutzer individuell in der L\u00e4nge verstellen. Das Sitzfederungspaket l\u00e4sst sich stufenlos an den individuellen Nutzer anpassen. Dadurch, dass der Fahrer &#8220;in&#8221; der Maschine sitzt, bleibt der tiefe Schwerpunkt der AS 940 Sherpa 4WD XL tief. Der Rasenm\u00e4her ist au\u00dferdem mit einem Freischneider ausgestattet.     <\/p>\n","protected":false},"excerpt":{"rendered":"<p>Der selbstfahrende Rasenm\u00e4her 4WD mit erh\u00f6hter Bodenfreiheit f\u00fcr Hanglagen und schwieriges Gel\u00e4nde M\u00e4hen Sie mit dem AS 940 Sherpa 4WD<\/p>\n","protected":false},"featured_media":55956,"template":"","meta":{"_seopress_robots_primary_cat":"","_seopress_titles_title":"","_seopress_titles_desc":"","_seopress_robots_index":""},"product_brand":[4372],"product_cat":[29,262,487],"product_tag":[],"class_list":{"0":"post-504103","1":"product","2":"type-product","3":"status-publish","4":"has-post-thumbnail","6":"product_brand-as-motor","7":"product_cat-macchinari","8":"product_cat-tosaerba-e-robot","9":"product_cat-trattorini-tosaerba","10":"sws-gruppo-macchinari-de","11":"sws-conto-ricavi-merci-rivendita-macchinari-de","12":"sws-gruppo-iva-iva81-de","14":"first","15":"onbackorder","16":"shipping-taxable","17":"purchasable","18":"product-type-simple"},"_links":{"self":[{"href":"https:\/\/lucacastelli.com\/de\/wp-json\/wp\/v2\/product\/504103","targetHints":{"allow":["GET"]}}],"collection":[{"href":"https:\/\/lucacastelli.com\/de\/wp-json\/wp\/v2\/product"}],"about":[{"href":"https:\/\/lucacastelli.com\/de\/wp-json\/wp\/v2\/types\/product"}],"wp:featuredmedia":[{"embeddable":true,"href":"https:\/\/lucacastelli.com\/de\/wp-json\/wp\/v2\/media\/55956"}],"wp:attachment":[{"href":"https:\/\/lucacastelli.com\/de\/wp-json\/wp\/v2\/media?parent=504103"}],"wp:term":[{"taxonomy":"product_brand","embeddable":true,"href":"https:\/\/lucacastelli.com\/de\/wp-json\/wp\/v2\/product_brand?post=504103"},{"taxonomy":"product_cat","embeddable":true,"href":"https:\/\/lucacastelli.com\/de\/wp-json\/wp\/v2\/product_cat?post=504103"},{"taxonomy":"product_tag","embeddable":true,"href":"https:\/\/lucacastelli.com\/de\/wp-json\/wp\/v2\/product_tag?post=504103"}],"curies":[{"name":"wp","href":"https:\/\/api.w.org\/{rel}","templated":true}]}}