{"id":504100,"date":"2023-05-22T18:16:45","date_gmt":"2023-05-22T16:16:45","guid":{"rendered":"https:\/\/lucacastelli.com\/prodotto\/as-915-sherpa-2wd\/"},"modified":"2025-12-01T14:45:58","modified_gmt":"2025-12-01T13:45:58","slug":"as-915-sherpa-2wd","status":"publish","type":"product","link":"https:\/\/lucacastelli.com\/de\/produkt\/as-915-sherpa-2wd\/","title":{"rendered":"AS 915 Sherpa 2WD"},"content":{"rendered":"<p>Die Sherpa-Einsteigerfamilie: Ergonomischer Arbeitsplatz trifft auf wendigen<br \/>\nselbstfahrenden Rasenm\u00e4her Nehmen Sie Platz in der Sherpa-Klasse. Das schwimmend gelagerte M\u00e4hdeck, das gekreuzte Messersystem, der integrierte Rohrrahmen und der Einhand-Bedienhebel sind die Merkmale unseres Modells AS 915 Sherpa 2WD. Die Mehrzweckmaschine f\u00fcr den Heimanwender oder den ambitionierten Profi.  <\/p>\n<p>Robuster Motor und komfortables<br \/>\nFahrverhalten Der AS 915 Sherpa 2WD wird von einem Zweizylindermotor Briggs &amp; Stratton Professional 7220 mit einem Hubraum von 656 cm\u00b3 angetrieben, der eine maximale Leistung von 22 PS leistet und zus\u00e4tzlich mit einer \u00d6l- und Kraftstoffpumpe ausgestattet ist. Das Getriebe ist hydrostatisch und daher progressiv. Durch die Einhandbedienung \u00fcber den Fahrhebel k\u00f6nnen Geschwindigkeiten von 0 bis 10,5 km\/h vorw\u00e4rts und von 0 bis 8,2 km\/h r\u00fcckw\u00e4rts gew\u00e4hlt werden. Das Besondere: Die mechanische Feststellbremse ist in den Lenkhebel integriert. F\u00fcr mehr Traktion kann die Differenzialsperre jederzeit \u00fcber ein Fu\u00dfpedal aktiviert werden.    <\/p>\n<p>Geschlossenes<br \/>\nschwimmendes M\u00e4hdeck Ausgestattet mit einem Kreuzmessersystem und einem geschlossenen M\u00e4hdeck zerkleinert der Rasenm\u00e4her AS 915 Sherpa 2WD perfekt Vegetation bis zu einer H\u00f6he von 120 cm. Dank der schwimmenden Aufh\u00e4ngung passt sich das M\u00e4hwerk dem Boden an und sch\u00fctzt so die Messer und den Rasen, zum Beispiel beim \u00dcberqueren einer Bodenwelle. Die Schnitth\u00f6hen sind zentral in Schritten von 50 bis 105 mm verstellbar.  <\/p>\n<p>&#8220;In&#8221; der Maschine<br \/>\nsitzen Dank der versenkten Sitzposition sitzt der Bediener nicht oben, sondern im Inneren der Maschine, was ihn zum Beispiel perfekt vor Reisig sch\u00fctzt. Dank des l\u00e4ngenverstellbaren Schalensitzes und der gro\u00dfz\u00fcgigen Beinfreiheit finden auch 1,90 m gro\u00dfe Fahrer eine ergonomische Position. F\u00fcr noch mehr Komfort ist optional ein Sitzfederungspaket erh\u00e4ltlich. Alle Bedienelemente sind logisch angeordnet und leicht zug\u00e4nglich.   <\/p>\n","protected":false},"excerpt":{"rendered":"<p>Die Sherpa-Einsteigerfamilie: Ergonomischer Arbeitsplatz trifft auf wendigen selbstfahrenden Rasenm\u00e4her Nehmen Sie Platz in der Sherpa-Klasse. Das schwimmend gelagerte M\u00e4hdeck, das<\/p>\n","protected":false},"featured_media":55941,"template":"","meta":{"_seopress_robots_primary_cat":"","_seopress_titles_title":"","_seopress_titles_desc":"","_seopress_robots_index":""},"product_brand":[4372],"product_cat":[29,262,278],"product_tag":[],"class_list":{"0":"post-504100","1":"product","2":"type-product","3":"status-publish","4":"has-post-thumbnail","6":"product_brand-as-motor","7":"product_cat-macchinari","8":"product_cat-tosaerba-e-robot","9":"product_cat-robot-tosaerba","10":"sws-gruppo-macchinari-de","11":"sws-conto-ricavi-merci-rivendita-macchinari-de","12":"sws-gruppo-iva-iva81-de","14":"first","15":"onbackorder","16":"shipping-taxable","17":"purchasable","18":"product-type-simple"},"_links":{"self":[{"href":"https:\/\/lucacastelli.com\/de\/wp-json\/wp\/v2\/product\/504100","targetHints":{"allow":["GET"]}}],"collection":[{"href":"https:\/\/lucacastelli.com\/de\/wp-json\/wp\/v2\/product"}],"about":[{"href":"https:\/\/lucacastelli.com\/de\/wp-json\/wp\/v2\/types\/product"}],"wp:featuredmedia":[{"embeddable":true,"href":"https:\/\/lucacastelli.com\/de\/wp-json\/wp\/v2\/media\/55941"}],"wp:attachment":[{"href":"https:\/\/lucacastelli.com\/de\/wp-json\/wp\/v2\/media?parent=504100"}],"wp:term":[{"taxonomy":"product_brand","embeddable":true,"href":"https:\/\/lucacastelli.com\/de\/wp-json\/wp\/v2\/product_brand?post=504100"},{"taxonomy":"product_cat","embeddable":true,"href":"https:\/\/lucacastelli.com\/de\/wp-json\/wp\/v2\/product_cat?post=504100"},{"taxonomy":"product_tag","embeddable":true,"href":"https:\/\/lucacastelli.com\/de\/wp-json\/wp\/v2\/product_tag?post=504100"}],"curies":[{"name":"wp","href":"https:\/\/api.w.org\/{rel}","templated":true}]}}