{"id":504098,"date":"2023-05-22T18:30:17","date_gmt":"2023-05-22T16:30:17","guid":{"rendered":"https:\/\/lucacastelli.com\/prodotto\/as-940-sherpa-4wd\/"},"modified":"2025-12-01T14:45:58","modified_gmt":"2025-12-01T13:45:58","slug":"as-940-sherpa-4wd","status":"publish","type":"product","link":"https:\/\/lucacastelli.com\/de\/produkt\/as-940-sherpa-4wd\/","title":{"rendered":"AS 940 Sherpa 4WD"},"content":{"rendered":"<p>Der leichteste Rasenm\u00e4her mit permanentem Allradantrieb seiner Klasse<br \/>\n: Mit dem AS 940 Sherpa 4WD k\u00f6nnen Sie auch in schwierigen Bereichen m\u00e4hen. Ausgestattet mit einem hangschonenden Motor von Briggs &amp; Startton mit Kraftstoff- und \u00d6lpumpe l\u00e4sst sich der AS 940 Sherpa 4WD auch am Hang leicht fahren. Neben dem exzellenten Fahrverhalten sorgt auch der permanente Allradantrieb f\u00fcr Sicherheit, vor allem am Hang: Bergauf sorgen sie f\u00fcr bessere Traktion und bergab f\u00fcr eine h\u00f6here Bremswirkung. Die Differenzialsperre kann f\u00fcr noch mehr Traktion mit dem Pedal gesperrt werden. Die Traktion wird durch ein hydrostatisches Getriebe gew\u00e4hrleistet, das nur \u00fcber den Bedienhebel gesteuert werden kann. Besonderheiten: Der Bedienhebel verf\u00fcgt \u00fcber vier Funktionen. So werden beispielsweise Vorw\u00e4rts- und R\u00fcckw\u00e4rtsbewegungen, die Fahrbremse und die Feststellbremse \u00fcber den Bedienhebel gesteuert. Zus\u00e4tzlich ist der AS 940 Sherpa 4WD mit einem Bremspedal ausgestattet. Beim Bet\u00e4tigen des Bremspedals kehrt der Fahrhebel in die Mittelstellung zur\u00fcck und die Feststellbremse greift automatisch. Der 724 cm3 gro\u00dfe 2-Zylinder-Motor von Briggs &amp; Stratton leistet bis zu 27 PS. Ausreichend Leistung auch unter schwierigen Bedingungen. Intelligente Technik &#8211; Das M\u00e4hdeck des AS 940 Sherpa 4WD ist eingehaust und asphaltiert und 90 cm breit. Er ist mit einem speziellen AS-Kreuzmessersystem ausgestattet. Der M\u00e4hbalken, ausgestattet mit reversiblen und oszillierenden Messern, frisst das geschnittene Gras, w\u00e4hrend das Mulchmesser dar\u00fcber es zerkleinert und zerkleinert. Dieser Vorgang wird durch die geschlossene M\u00e4hhaube gew\u00e4hrleistet. Das bedeutet, dass Sie bis zu 5.500 m\u00b2\/Stunde und Gras bis zu 1,5 m hoch m\u00e4hen k\u00f6nnen. Beim Modell AS 940 Sherpa 4WD wird der Grasschnitt mittig und hinten zwischen den R\u00e4dern ausgeworfen. Das sorgt vor allem in Hanglagen und bei N\u00e4sse f\u00fcr mehr Sicherheit, da auf den Grasschnitt nicht getreten wird. Optional kann ein Mulchkit f\u00fcr noch feineres Mulchen eingebaut werden. Ein weiterer Vorteil ist die Aufh\u00e4ngung der M\u00e4hwerksoberfl\u00e4che. Dadurch kann das M\u00e4hdeck Hindernissen von oben ausweichen. Wenn Sie beispielsweise \u00fcber Unebenheiten fahren, hebt sich das M\u00e4hwerk an, um zu verhindern, dass die Messer den Boden ber\u00fchren. Dadurch werden Sch\u00e4den an Rasen und Messern vermieden. Durch die zentrale, gefederte Schnitth\u00f6henverstellung k\u00f6nnen Sie bequem zwischen f\u00fcnf H\u00f6hen von 50 bis 105 mm w\u00e4hlen.                       <\/p>\n<p>Komfort und Stabilit\u00e4t in einem Auto<br \/>\nDie Sitzposition im &#8220;Go-Kart&#8221;-Stil sorgt f\u00fcr absolut komfortables Arbeiten. Der l\u00e4ngenverstellbare Schalensitz bietet eine bequeme und optimale Sitzposition f\u00fcr Personen zwischen 1,60 m und 1,90 m K\u00f6rpergr\u00f6\u00dfe. Die H\u00e4rte der Sitzfederung l\u00e4sst sich stufenlos an den individuellen Nutzer anpassen. Der seitlich angebrachte Kettenbrecher und die Sitzposition &#8220;innerhalb&#8221; der Maschine   <\/p>\n","protected":false},"excerpt":{"rendered":"<p>Der leichteste Rasenm\u00e4her mit permanentem Allradantrieb seiner Klasse : Mit dem AS 940 Sherpa 4WD k\u00f6nnen Sie auch in schwierigen<\/p>\n","protected":false},"featured_media":55951,"template":"","meta":{"_seopress_robots_primary_cat":"","_seopress_titles_title":"","_seopress_titles_desc":"","_seopress_robots_index":""},"product_brand":[4375],"product_cat":[169,1656,1694],"product_tag":[],"class_list":{"0":"post-504098","1":"product","2":"type-product","3":"status-publish","4":"has-post-thumbnail","6":"product_brand-as-motor-de","7":"product_cat-maschinen","8":"product_cat-rasenmaher-und-roboter","9":"product_cat-rasentraktoren","10":"sws-gruppo-macchinari-de","11":"sws-conto-ricavi-merci-rivendita-macchinari-de","12":"sws-gruppo-iva-iva81-de","14":"first","15":"onbackorder","16":"shipping-taxable","17":"purchasable","18":"product-type-simple"},"_links":{"self":[{"href":"https:\/\/lucacastelli.com\/de\/wp-json\/wp\/v2\/product\/504098","targetHints":{"allow":["GET"]}}],"collection":[{"href":"https:\/\/lucacastelli.com\/de\/wp-json\/wp\/v2\/product"}],"about":[{"href":"https:\/\/lucacastelli.com\/de\/wp-json\/wp\/v2\/types\/product"}],"wp:featuredmedia":[{"embeddable":true,"href":"https:\/\/lucacastelli.com\/de\/wp-json\/wp\/v2\/media\/55951"}],"wp:attachment":[{"href":"https:\/\/lucacastelli.com\/de\/wp-json\/wp\/v2\/media?parent=504098"}],"wp:term":[{"taxonomy":"product_brand","embeddable":true,"href":"https:\/\/lucacastelli.com\/de\/wp-json\/wp\/v2\/product_brand?post=504098"},{"taxonomy":"product_cat","embeddable":true,"href":"https:\/\/lucacastelli.com\/de\/wp-json\/wp\/v2\/product_cat?post=504098"},{"taxonomy":"product_tag","embeddable":true,"href":"https:\/\/lucacastelli.com\/de\/wp-json\/wp\/v2\/product_tag?post=504098"}],"curies":[{"name":"wp","href":"https:\/\/api.w.org\/{rel}","templated":true}]}}