{"id":504073,"date":"2023-06-21T13:17:32","date_gmt":"2023-06-21T11:17:32","guid":{"rendered":"https:\/\/lucacastelli.com\/prodotto\/fennotex-alpstone-warnschutz-regenueberziehhose\/"},"modified":"2023-06-21T13:17:32","modified_gmt":"2023-06-21T11:17:32","slug":"fennotex-alpstone-warnschutz-regenueberziehhose","status":"publish","type":"product","link":"https:\/\/lucacastelli.com\/de\/produkt\/fennotex-alpstone-warnschutz-regenueberziehhose\/","title":{"rendered":"FENNOTEX Alpstone Warnschutz Regen\u00fcberziehhose"},"content":{"rendered":"<p>&#8211; 100% wasserdichtes Gewebe &#8211; EN 343 Klasse 3-2-X<br \/>\n&#8211; Durchgehende<br \/>\n Taschen- Seitliche Rei\u00dfverschl\u00fcsse f\u00fcr einfache Abdeckung<br \/>\n&#8211; Zollstocktasche mit Stifthalter<br \/>\n&#8211; Vorgeformte Eins\u00e4tze an den Knien<br \/>\n&#8211; Segmentierte und dehnbare reflektierende Streifen f\u00fcr mehr Komfort<br \/>\n&#8211; Schutzklasse 2 mit hoher Sichtbarkeit &#8211; Gruppe HV Z<\/p>\n<p>Material: 100% Polyester mit PU-Membran, ca. 210g\/m\u00b2<\/p>\n","protected":false},"excerpt":{"rendered":"<p>&#8211; 100% wasserdichtes Gewebe &#8211; EN 343 Klasse 3-2-X &#8211; Durchgehende Taschen- Seitliche Rei\u00dfverschl\u00fcsse f\u00fcr einfache Abdeckung &#8211; Zollstocktasche mit<\/p>\n","protected":false},"featured_media":44760,"template":"","meta":{"_seopress_robots_primary_cat":"","_seopress_titles_title":"","_seopress_titles_desc":"","_seopress_robots_index":""},"product_brand":[4455],"product_cat":[1382,82],"product_tag":[],"class_list":{"0":"post-504073","1":"product","2":"type-product","3":"status-publish","4":"has-post-thumbnail","6":"product_brand-alpstone-de","7":"product_cat-arbeitskleidung","8":"product_cat-kleidung","10":"first","11":"instock","12":"shipping-taxable","13":"purchasable","14":"product-type-variable"},"_links":{"self":[{"href":"https:\/\/lucacastelli.com\/de\/wp-json\/wp\/v2\/product\/504073","targetHints":{"allow":["GET"]}}],"collection":[{"href":"https:\/\/lucacastelli.com\/de\/wp-json\/wp\/v2\/product"}],"about":[{"href":"https:\/\/lucacastelli.com\/de\/wp-json\/wp\/v2\/types\/product"}],"wp:featuredmedia":[{"embeddable":true,"href":"https:\/\/lucacastelli.com\/de\/wp-json\/wp\/v2\/media\/44760"}],"wp:attachment":[{"href":"https:\/\/lucacastelli.com\/de\/wp-json\/wp\/v2\/media?parent=504073"}],"wp:term":[{"taxonomy":"product_brand","embeddable":true,"href":"https:\/\/lucacastelli.com\/de\/wp-json\/wp\/v2\/product_brand?post=504073"},{"taxonomy":"product_cat","embeddable":true,"href":"https:\/\/lucacastelli.com\/de\/wp-json\/wp\/v2\/product_cat?post=504073"},{"taxonomy":"product_tag","embeddable":true,"href":"https:\/\/lucacastelli.com\/de\/wp-json\/wp\/v2\/product_tag?post=504073"}],"curies":[{"name":"wp","href":"https:\/\/api.w.org\/{rel}","templated":true}]}}