{"id":504026,"date":"2023-09-28T07:29:09","date_gmt":"2023-09-28T05:29:09","guid":{"rendered":"https:\/\/lucacastelli.com\/prodotto\/ariens-st-24-compact-rapid-track\/"},"modified":"2025-07-22T21:21:49","modified_gmt":"2025-07-22T19:21:49","slug":"ariens-st-24-compact-rapid-track","status":"publish","type":"product","link":"https:\/\/lucacastelli.com\/de\/produkt\/ariens-st-24-compact-rapid-track\/","title":{"rendered":"ARIENS ST 24 Kompakt-Raupenfahrzeug"},"content":{"rendered":"<p>Das attraktive Design der Ariens-Modelle wurde auf perfekte Ergonomie abgestimmt. Das wartungsfreundliche gusseiserne Top-Load-Getriebe bietet eine bessere Kraft\u00fcbertragung und eine l\u00e4ngere Lebensdauer als herk\u00f6mmliche Getriebe. Je nach Modell sorgen viele praktische Ausstattungsmerkmale f\u00fcr komfortables Handling und beste R\u00e4umleistung. Die Auto Turn-Differenzialsperre \u00fcbertr\u00e4gt die Kraft bei Kurvenfahrten immer auf das \u00e4u\u00dfere Rad. Das macht das Man\u00f6vrieren zum Kinderspiel.    <\/p>\n","protected":false},"excerpt":{"rendered":"<p>Das attraktive Design der Ariens-Modelle wurde auf perfekte Ergonomie abgestimmt. Das wartungsfreundliche gusseiserne Top-Load-Getriebe bietet eine bessere Kraft\u00fcbertragung und eine<\/p>\n","protected":false},"featured_media":57291,"template":"","meta":{"_seopress_robots_primary_cat":"","_seopress_titles_title":"","_seopress_titles_desc":"","_seopress_robots_index":""},"product_brand":[4458],"product_cat":[1454,169,1506],"product_tag":[],"class_list":{"0":"post-504026","1":"product","2":"type-product","3":"status-publish","4":"has-post-thumbnail","6":"product_brand-ariens-de","7":"product_cat-andere-gerate","8":"product_cat-maschinen","9":"product_cat-schneefrasen","11":"first","12":"onbackorder","13":"shipping-taxable","14":"purchasable","15":"product-type-simple"},"_links":{"self":[{"href":"https:\/\/lucacastelli.com\/de\/wp-json\/wp\/v2\/product\/504026","targetHints":{"allow":["GET"]}}],"collection":[{"href":"https:\/\/lucacastelli.com\/de\/wp-json\/wp\/v2\/product"}],"about":[{"href":"https:\/\/lucacastelli.com\/de\/wp-json\/wp\/v2\/types\/product"}],"wp:featuredmedia":[{"embeddable":true,"href":"https:\/\/lucacastelli.com\/de\/wp-json\/wp\/v2\/media\/57291"}],"wp:attachment":[{"href":"https:\/\/lucacastelli.com\/de\/wp-json\/wp\/v2\/media?parent=504026"}],"wp:term":[{"taxonomy":"product_brand","embeddable":true,"href":"https:\/\/lucacastelli.com\/de\/wp-json\/wp\/v2\/product_brand?post=504026"},{"taxonomy":"product_cat","embeddable":true,"href":"https:\/\/lucacastelli.com\/de\/wp-json\/wp\/v2\/product_cat?post=504026"},{"taxonomy":"product_tag","embeddable":true,"href":"https:\/\/lucacastelli.com\/de\/wp-json\/wp\/v2\/product_tag?post=504026"}],"curies":[{"name":"wp","href":"https:\/\/api.w.org\/{rel}","templated":true}]}}