{"id":504021,"date":"2026-02-03T07:29:58","date_gmt":"2026-02-03T06:29:58","guid":{"rendered":"https:\/\/lucacastelli.com\/prodotto\/ariens-st-24-deluxe\/"},"modified":"2026-02-27T13:48:26","modified_gmt":"2026-02-27T12:48:26","slug":"ariens-st-24-deluxe","status":"publish","type":"product","link":"https:\/\/lucacastelli.com\/de\/produkt\/ariens-st-24-deluxe\/","title":{"rendered":"Ariens ST 24 Deluxe Schneefr\u00e4se"},"content":{"rendered":"<p>Das ansprechende Design der Ariens-Modelle wurde f\u00fcr eine perfekte Ergonomie entwickelt. Das wartungsfreundliche Top-Load-Getriebe aus Gusseisen garantiert eine bessere Kraft\u00fcbertragung und eine l\u00e4ngere Lebensdauer als herk\u00f6mmliche Getriebe. Je nach Modell sorgen zahlreiche praktische Ausstattungsdetails f\u00fcr eine komfortable Handhabung und optimale R\u00e4umleistung. Da dieses Modell mit Arbeitsscheinwerfern ausgestattet ist, k\u00f6nnen Sie bei Bedarf die Nacht zum Tag machen. Die automatische Differenzialsperre Auto-Turn \u00fcbertr\u00e4gt in Kurven die Kraft stets auf das kurven\u00e4u\u00dfere Rad. So werden Man\u00f6ver zum Kinderspiel.     <\/p>\n","protected":false},"excerpt":{"rendered":"<p>Das ansprechende Design der Ariens-Modelle wurde f\u00fcr eine perfekte Ergonomie entwickelt. Das wartungsfreundliche Top-Load-Getriebe aus Gusseisen garantiert eine bessere Kraft\u00fcbertragung<\/p>\n","protected":false},"featured_media":57299,"template":"","meta":{"_seopress_robots_primary_cat":"none","_seopress_titles_title":"","_seopress_titles_desc":"","_seopress_robots_index":""},"product_brand":[4458],"product_cat":[169,1454,1506],"product_tag":[],"class_list":{"0":"post-504021","1":"product","2":"type-product","3":"status-publish","4":"has-post-thumbnail","6":"product_brand-ariens-de","7":"product_cat-maschinen","8":"product_cat-andere-gerate","9":"product_cat-schneefrasen","11":"first","12":"instock","13":"sale","14":"shipping-taxable","15":"purchasable","16":"product-type-simple"},"_links":{"self":[{"href":"https:\/\/lucacastelli.com\/de\/wp-json\/wp\/v2\/product\/504021","targetHints":{"allow":["GET"]}}],"collection":[{"href":"https:\/\/lucacastelli.com\/de\/wp-json\/wp\/v2\/product"}],"about":[{"href":"https:\/\/lucacastelli.com\/de\/wp-json\/wp\/v2\/types\/product"}],"wp:featuredmedia":[{"embeddable":true,"href":"https:\/\/lucacastelli.com\/de\/wp-json\/wp\/v2\/media\/57299"}],"wp:attachment":[{"href":"https:\/\/lucacastelli.com\/de\/wp-json\/wp\/v2\/media?parent=504021"}],"wp:term":[{"taxonomy":"product_brand","embeddable":true,"href":"https:\/\/lucacastelli.com\/de\/wp-json\/wp\/v2\/product_brand?post=504021"},{"taxonomy":"product_cat","embeddable":true,"href":"https:\/\/lucacastelli.com\/de\/wp-json\/wp\/v2\/product_cat?post=504021"},{"taxonomy":"product_tag","embeddable":true,"href":"https:\/\/lucacastelli.com\/de\/wp-json\/wp\/v2\/product_tag?post=504021"}],"curies":[{"name":"wp","href":"https:\/\/api.w.org\/{rel}","templated":true}]}}