{"id":504020,"date":"2026-02-03T07:28:37","date_gmt":"2026-02-03T06:28:37","guid":{"rendered":"https:\/\/lucacastelli.com\/prodotto\/ariens-st-24-compact-kurvenautomatik\/"},"modified":"2026-02-27T13:48:46","modified_gmt":"2026-02-27T12:48:46","slug":"ariens-st-24-compact-kurvenautomatik","status":"publish","type":"product","link":"https:\/\/lucacastelli.com\/de\/produkt\/ariens-st-24-compact-kurvenautomatik\/","title":{"rendered":"Ariens ST 24 Compact (Auto Turn) Schneefr\u00e4se"},"content":{"rendered":"<p>Das ansprechende Design der Ariens-Modelle wurde f\u00fcr perfekte Ergonomie entwickelt. Das wartungsfreundliche Top-Load-Gusseisengetriebe gew\u00e4hrleistet eine bessere Kraft\u00fcbertragung und l\u00e4ngere Lebensdauer im Vergleich zu herk\u00f6mmlichen Getrieben. Je nach Modell sorgen zahlreiche praktische Ausstattungsdetails f\u00fcr komfortable Handhabung und optimale Schneer\u00e4umleistung. Da dieses Modell mit Arbeitsscheinwerfern ausgestattet ist, l\u00e4sst sich bei Bedarf die Nacht zum Tag machen. Die automatische Differenzialsperre Auto Turn \u00fcbertr\u00e4gt in Kurven stets die Kraft auf das kurven\u00e4u\u00dfere Rad. Dadurch werden Man\u00f6ver zum Kinderspiel.     <\/p>\n","protected":false},"excerpt":{"rendered":"<p>Das ansprechende Design der Ariens-Modelle wurde f\u00fcr perfekte Ergonomie entwickelt. Das wartungsfreundliche Top-Load-Gusseisengetriebe gew\u00e4hrleistet eine bessere Kraft\u00fcbertragung und l\u00e4ngere Lebensdauer<\/p>\n","protected":false},"featured_media":57289,"template":"","meta":{"_seopress_robots_primary_cat":"none","_seopress_titles_title":"","_seopress_titles_desc":"","_seopress_robots_index":""},"product_brand":[4458],"product_cat":[169,1454,1506],"product_tag":[],"class_list":{"0":"post-504020","1":"product","2":"type-product","3":"status-publish","4":"has-post-thumbnail","6":"product_brand-ariens-de","7":"product_cat-maschinen","8":"product_cat-andere-gerate","9":"product_cat-schneefrasen","11":"first","12":"instock","13":"sale","14":"shipping-taxable","15":"purchasable","16":"product-type-simple"},"_links":{"self":[{"href":"https:\/\/lucacastelli.com\/de\/wp-json\/wp\/v2\/product\/504020","targetHints":{"allow":["GET"]}}],"collection":[{"href":"https:\/\/lucacastelli.com\/de\/wp-json\/wp\/v2\/product"}],"about":[{"href":"https:\/\/lucacastelli.com\/de\/wp-json\/wp\/v2\/types\/product"}],"wp:featuredmedia":[{"embeddable":true,"href":"https:\/\/lucacastelli.com\/de\/wp-json\/wp\/v2\/media\/57289"}],"wp:attachment":[{"href":"https:\/\/lucacastelli.com\/de\/wp-json\/wp\/v2\/media?parent=504020"}],"wp:term":[{"taxonomy":"product_brand","embeddable":true,"href":"https:\/\/lucacastelli.com\/de\/wp-json\/wp\/v2\/product_brand?post=504020"},{"taxonomy":"product_cat","embeddable":true,"href":"https:\/\/lucacastelli.com\/de\/wp-json\/wp\/v2\/product_cat?post=504020"},{"taxonomy":"product_tag","embeddable":true,"href":"https:\/\/lucacastelli.com\/de\/wp-json\/wp\/v2\/product_tag?post=504020"}],"curies":[{"name":"wp","href":"https:\/\/api.w.org\/{rel}","templated":true}]}}