{"id":504008,"date":"2023-07-19T11:24:23","date_gmt":"2023-07-19T09:24:23","guid":{"rendered":"https:\/\/lucacastelli.com\/prodotto\/montura-118-evo-2-0-hose\/"},"modified":"2026-03-01T00:24:53","modified_gmt":"2026-02-28T23:24:53","slug":"montura-118-evo-2-0-hose","status":"publish","type":"product","link":"https:\/\/lucacastelli.com\/de\/produkt\/montura-118-evo-2-0-hose\/","title":{"rendered":"MONTURA 118 EVO 2.0 HOSE"},"content":{"rendered":"<p>\u2022 Unisex-Hose<br \/>\n\u2022 4-Wege-Stretch-Nylongewebe mit DWR-Behandlung und Abriebfestigkeit<br \/>\n\u2022 Filzgepolsterte<br \/>\n Kniepatches\u2022 Reflektierende, segmentierte B\u00e4nder<br \/>\n\u2022 Elastischer Bund mit G\u00fcrtelschlaufen, Knopf, Rei\u00dfverschluss und Velcro-Verschluss<br \/>\n\u2022 Einschubtaschen, Seitentaschen, Wadentaschen und Ges\u00e4\u00dftasche alle mit Rei\u00dfverschluss<br \/>\n\u2022 Verstellbarer<br \/>\n Saum\u2022 Befestigung unter den Schuhen<br \/>\n\u2022 Vorbereitet auf alle Notf\u00e4lle (am Boden oder bei Hubschrauberrettungen)<\/p>\n","protected":false},"excerpt":{"rendered":"<p>\u2022 Unisex-Hose \u2022 4-Wege-Stretch-Nylongewebe mit DWR-Behandlung und Abriebfestigkeit \u2022 Filzgepolsterte Kniepatches\u2022 Reflektierende, segmentierte B\u00e4nder \u2022 Elastischer Bund mit G\u00fcrtelschlaufen, Knopf,<\/p>\n","protected":false},"featured_media":44785,"template":"","meta":{"_seopress_robots_primary_cat":"","_seopress_titles_title":"","_seopress_titles_desc":"","_seopress_robots_index":""},"product_brand":[4460],"product_cat":[82,1382],"product_tag":[],"class_list":{"0":"post-504008","1":"product","2":"type-product","3":"status-publish","4":"has-post-thumbnail","6":"product_brand-montura-de","7":"product_cat-kleidung","8":"product_cat-arbeitskleidung","10":"first","11":"instock","12":"shipping-taxable","13":"purchasable","14":"product-type-variable"},"_links":{"self":[{"href":"https:\/\/lucacastelli.com\/de\/wp-json\/wp\/v2\/product\/504008","targetHints":{"allow":["GET"]}}],"collection":[{"href":"https:\/\/lucacastelli.com\/de\/wp-json\/wp\/v2\/product"}],"about":[{"href":"https:\/\/lucacastelli.com\/de\/wp-json\/wp\/v2\/types\/product"}],"wp:featuredmedia":[{"embeddable":true,"href":"https:\/\/lucacastelli.com\/de\/wp-json\/wp\/v2\/media\/44785"}],"wp:attachment":[{"href":"https:\/\/lucacastelli.com\/de\/wp-json\/wp\/v2\/media?parent=504008"}],"wp:term":[{"taxonomy":"product_brand","embeddable":true,"href":"https:\/\/lucacastelli.com\/de\/wp-json\/wp\/v2\/product_brand?post=504008"},{"taxonomy":"product_cat","embeddable":true,"href":"https:\/\/lucacastelli.com\/de\/wp-json\/wp\/v2\/product_cat?post=504008"},{"taxonomy":"product_tag","embeddable":true,"href":"https:\/\/lucacastelli.com\/de\/wp-json\/wp\/v2\/product_tag?post=504008"}],"curies":[{"name":"wp","href":"https:\/\/api.w.org\/{rel}","templated":true}]}}