{"id":503951,"date":"2023-05-23T18:09:47","date_gmt":"2023-05-23T16:09:47","guid":{"rendered":"https:\/\/lucacastelli.com\/prodotto\/ariens-ikon-xd-52-kawasaki\/"},"modified":"2025-07-22T21:22:18","modified_gmt":"2025-07-22T19:22:18","slug":"ariens-ikon-xd-52-kawasaki","status":"publish","type":"product","link":"https:\/\/lucacastelli.com\/de\/produkt\/ariens-ikon-xd-52-kawasaki\/","title":{"rendered":"ARIENS Ikon XD 52 (Kawasaki)"},"content":{"rendered":"<p>DIE Ikone unter den NULL-REACH-M\u00e4hern.<br \/>\nMit seinem vollverschwei\u00dften Stahlrohrrahmen und 132 cm Schnittbreite ist der IKON XD 52 ideal f\u00fcr G\u00e4rten jeder Gr\u00f6\u00dfe. Bei der Ausstattung orientiert sich der IKON XD an seinen Profi-Geschwistern. Der besonders bequeme Sitz mit hoher R\u00fcckenlehne und die extra breite Bereifung sorgen f\u00fcr ein angenehmes Fahrgef\u00fchl auch \u00fcber mehrere Stunden.  <\/p>\n<p>Motor: Kawasaki 726 cm3<br \/>\nGeschwindigkeit: 11,2 km\/h vorw\u00e4rts \/ 4,8 km\/h r\u00fcckw\u00e4rts<br \/>\nSchnitth\u00f6he: 3,8 &#8211; 11,4 cm (13 Stufen)<br \/>\nAuspuff: seitlich<br \/>\nGewicht: 290 kg<br \/>\nAbmessungen LxBxH: 197 x 161 x 102 cm<\/p>\n","protected":false},"excerpt":{"rendered":"<p>DIE Ikone unter den NULL-REACH-M\u00e4hern. Mit seinem vollverschwei\u00dften Stahlrohrrahmen und 132 cm Schnittbreite ist der IKON XD 52 ideal f\u00fcr<\/p>\n","protected":false},"featured_media":56030,"template":"","meta":{"_seopress_robots_primary_cat":"","_seopress_titles_title":"","_seopress_titles_desc":"","_seopress_robots_index":""},"product_brand":[4391],"product_cat":[29,262,548],"product_tag":[],"class_list":{"0":"post-503951","1":"product","2":"type-product","3":"status-publish","4":"has-post-thumbnail","6":"product_brand-ariens","7":"product_cat-macchinari","8":"product_cat-tosaerba-e-robot","9":"product_cat-tosaerba-zero-turn","11":"first","12":"onbackorder","13":"shipping-taxable","14":"purchasable","15":"product-type-simple"},"_links":{"self":[{"href":"https:\/\/lucacastelli.com\/de\/wp-json\/wp\/v2\/product\/503951","targetHints":{"allow":["GET"]}}],"collection":[{"href":"https:\/\/lucacastelli.com\/de\/wp-json\/wp\/v2\/product"}],"about":[{"href":"https:\/\/lucacastelli.com\/de\/wp-json\/wp\/v2\/types\/product"}],"wp:featuredmedia":[{"embeddable":true,"href":"https:\/\/lucacastelli.com\/de\/wp-json\/wp\/v2\/media\/56030"}],"wp:attachment":[{"href":"https:\/\/lucacastelli.com\/de\/wp-json\/wp\/v2\/media?parent=503951"}],"wp:term":[{"taxonomy":"product_brand","embeddable":true,"href":"https:\/\/lucacastelli.com\/de\/wp-json\/wp\/v2\/product_brand?post=503951"},{"taxonomy":"product_cat","embeddable":true,"href":"https:\/\/lucacastelli.com\/de\/wp-json\/wp\/v2\/product_cat?post=503951"},{"taxonomy":"product_tag","embeddable":true,"href":"https:\/\/lucacastelli.com\/de\/wp-json\/wp\/v2\/product_tag?post=503951"}],"curies":[{"name":"wp","href":"https:\/\/api.w.org\/{rel}","templated":true}]}}