{"id":503945,"date":"2023-05-23T18:52:15","date_gmt":"2023-05-23T16:52:15","guid":{"rendered":"https:\/\/lucacastelli.com\/prodotto\/ariens-apex-48\/"},"modified":"2025-07-22T21:19:46","modified_gmt":"2025-07-22T19:19:46","slug":"ariens-apex-48","status":"publish","type":"product","link":"https:\/\/lucacastelli.com\/de\/produkt\/ariens-apex-48\/","title":{"rendered":"ARIENS Apex 48"},"content":{"rendered":"<p>MIT DEM APEX, MADE IN SERIES AT<br \/>\nDer Ariens APEX Zero-Turn-M\u00e4her hat sich schnell zu einem Ma\u00dfstab f\u00fcr professionelle Anwender entwickelt. Er bietet kompromisslose Leistung, unabh\u00e4ngig von den Einsatzbedingungen. Er wurde sorgf\u00e4ltig entwickelt, um eine au\u00dfergew\u00f6hnliche Schnittqualit\u00e4t zu bieten und gleichzeitig einfach und bequem zu bedienen zu sein. Er kann mit einem ROPS und einem Heckauswurfdeck konfiguriert werden. Der APEX ist bereit, Ihre Anforderungen zu erf\u00fcllen.   <\/p>\n<p>Motor: Kawasaki 726 cm3<br \/>\nGeschwindigkeit: 12,9 km\/h vorw\u00e4rts \/ 6,4 km\/h r\u00fcckw\u00e4rts<br \/>\nSchnitth\u00f6he: 3,8 &#8211; 12,7 cm (15 Stufen)<br \/>\nAuspuff: Seitenauspuff<br \/>\nGewicht: 375 kg<br \/>\nAbmessungen BxBxH: 201 x 160 x 120 cm<\/p>\n","protected":false},"excerpt":{"rendered":"<p>MIT DEM APEX, MADE IN SERIES AT Der Ariens APEX Zero-Turn-M\u00e4her hat sich schnell zu einem Ma\u00dfstab f\u00fcr professionelle Anwender<\/p>\n","protected":false},"featured_media":56070,"template":"","meta":{"_seopress_robots_primary_cat":"","_seopress_titles_title":"","_seopress_titles_desc":"","_seopress_robots_index":""},"product_brand":[4391],"product_cat":[29,262,548],"product_tag":[],"class_list":{"0":"post-503945","1":"product","2":"type-product","3":"status-publish","4":"has-post-thumbnail","6":"product_brand-ariens","7":"product_cat-macchinari","8":"product_cat-tosaerba-e-robot","9":"product_cat-tosaerba-zero-turn","11":"first","12":"onbackorder","13":"shipping-taxable","14":"purchasable","15":"product-type-simple"},"_links":{"self":[{"href":"https:\/\/lucacastelli.com\/de\/wp-json\/wp\/v2\/product\/503945","targetHints":{"allow":["GET"]}}],"collection":[{"href":"https:\/\/lucacastelli.com\/de\/wp-json\/wp\/v2\/product"}],"about":[{"href":"https:\/\/lucacastelli.com\/de\/wp-json\/wp\/v2\/types\/product"}],"wp:featuredmedia":[{"embeddable":true,"href":"https:\/\/lucacastelli.com\/de\/wp-json\/wp\/v2\/media\/56070"}],"wp:attachment":[{"href":"https:\/\/lucacastelli.com\/de\/wp-json\/wp\/v2\/media?parent=503945"}],"wp:term":[{"taxonomy":"product_brand","embeddable":true,"href":"https:\/\/lucacastelli.com\/de\/wp-json\/wp\/v2\/product_brand?post=503945"},{"taxonomy":"product_cat","embeddable":true,"href":"https:\/\/lucacastelli.com\/de\/wp-json\/wp\/v2\/product_cat?post=503945"},{"taxonomy":"product_tag","embeddable":true,"href":"https:\/\/lucacastelli.com\/de\/wp-json\/wp\/v2\/product_tag?post=503945"}],"curies":[{"name":"wp","href":"https:\/\/api.w.org\/{rel}","templated":true}]}}