{"id":503935,"date":"2023-05-23T13:30:17","date_gmt":"2023-05-23T11:30:17","guid":{"rendered":"https:\/\/lucacastelli.com\/prodotto\/ariens-edge-42\/"},"modified":"2025-07-22T21:19:38","modified_gmt":"2025-07-22T19:19:38","slug":"ariens-edge-42","status":"publish","type":"product","link":"https:\/\/lucacastelli.com\/de\/produkt\/ariens-edge-42\/","title":{"rendered":"ARIENS Kante 42"},"content":{"rendered":"<p>Zeit, besser zu schneiden<\/p>\n<p>Erleben Sie den Komfort und die Vielseitigkeit eines Zero-Turn-M\u00e4hers mit der Qualit\u00e4t und Leistung, die Sie von einem Ariens-M\u00e4her erwarten. Die intuitive Steuerung des EDGE erm\u00f6glicht es Ihnen, fast m\u00fchelos in, um und durch kleine G\u00e4rten zu man\u00f6vrieren und einen schnellen und sauberen Schnitt zu erzielen. Erstellen Sie mit Vergn\u00fcgen einen perfekt gepflegten Rasen und nutzen Sie die gesparte Zeit f\u00fcr andere Dinge mit der legend\u00e4ren Ariens Zero Turn Technologie.  <\/p>\n<p>Motor: Ariens 635 cm3<br \/>\nGeschwindigkeit: 9,6 km\/h im Vorw\u00e4rtsgang \/ 4,8 km\/h im R\u00fcckw\u00e4rtsgang<br \/>\nSchnitth\u00f6he: 3,8 &#8211; 11,4 cm (7 Stufen)<br \/>\nAuspuff: seitlich<br \/>\nGewicht: 203 kg<br \/>\nAbmessungen BxBxH: 173 x 140 x 103 cm<\/p>\n","protected":false},"excerpt":{"rendered":"<p>Zeit, besser zu schneiden Erleben Sie den Komfort und die Vielseitigkeit eines Zero-Turn-M\u00e4hers mit der Qualit\u00e4t und Leistung, die Sie<\/p>\n","protected":false},"featured_media":56010,"template":"","meta":{"_seopress_robots_primary_cat":"","_seopress_titles_title":"","_seopress_titles_desc":"","_seopress_robots_index":""},"product_brand":[4458],"product_cat":[169,1664,1656],"product_tag":[],"class_list":{"0":"post-503935","1":"product","2":"type-product","3":"status-publish","4":"has-post-thumbnail","6":"product_brand-ariens-de","7":"product_cat-maschinen","8":"product_cat-nullwende-rasenmaher","9":"product_cat-rasenmaher-und-roboter","11":"first","12":"onbackorder","13":"shipping-taxable","14":"purchasable","15":"product-type-simple"},"_links":{"self":[{"href":"https:\/\/lucacastelli.com\/de\/wp-json\/wp\/v2\/product\/503935","targetHints":{"allow":["GET"]}}],"collection":[{"href":"https:\/\/lucacastelli.com\/de\/wp-json\/wp\/v2\/product"}],"about":[{"href":"https:\/\/lucacastelli.com\/de\/wp-json\/wp\/v2\/types\/product"}],"wp:featuredmedia":[{"embeddable":true,"href":"https:\/\/lucacastelli.com\/de\/wp-json\/wp\/v2\/media\/56010"}],"wp:attachment":[{"href":"https:\/\/lucacastelli.com\/de\/wp-json\/wp\/v2\/media?parent=503935"}],"wp:term":[{"taxonomy":"product_brand","embeddable":true,"href":"https:\/\/lucacastelli.com\/de\/wp-json\/wp\/v2\/product_brand?post=503935"},{"taxonomy":"product_cat","embeddable":true,"href":"https:\/\/lucacastelli.com\/de\/wp-json\/wp\/v2\/product_cat?post=503935"},{"taxonomy":"product_tag","embeddable":true,"href":"https:\/\/lucacastelli.com\/de\/wp-json\/wp\/v2\/product_tag?post=503935"}],"curies":[{"name":"wp","href":"https:\/\/api.w.org\/{rel}","templated":true}]}}