{"id":503929,"date":"2022-06-13T08:05:45","date_gmt":"2022-06-13T06:05:45","guid":{"rendered":"https:\/\/lucacastelli.com\/prodotto\/vallorbe-automatischer-schaerfer-v-eiche\/"},"modified":"2025-12-06T14:39:38","modified_gmt":"2025-12-06T13:39:38","slug":"vallorbe-automatischer-schaerfer-v-eiche","status":"publish","type":"product","link":"https:\/\/lucacastelli.com\/de\/produkt\/vallorbe-automatischer-schaerfer-v-eiche\/","title":{"rendered":"VALLORBE Automatischer Sch\u00e4rfer V EICHE"},"content":{"rendered":"<p>Bestehend aus:<\/p>\n<p>1x Automatisches<br \/>\nSch\u00e4rfsteuerger\u00e4t 1x 110-240V Netzteil und 4 Netzstecker (EU, US, UK und AU)<\/p>\n<p>1x Kettenspanner 1x Satz Feilenf\u00fchrungen (ohne Rundfeilen) bestehend aus:<br \/>\n&#8211; 2 Gr\u00f6\u00dfen der F\u00fchrungen: \u00d8 1\/8&#8221; (3,2mm) \u00d8 5\/32&#8221; (4,0mm)<br \/>\n&#8211; 2 Gr\u00f6\u00dfen der Feilenf\u00fchrungen: \u00d8 11\/64&#8221; (4,5mm) \u00d8 3\/16&#8221; (4,8mm)<br \/>\n&#8211; 2 Gr\u00f6\u00dfen der F\u00fchrungen: \u00d8 13\/64&#8221; (5,2mm) \u00d8 7\/32&#8221; (5,5mm)<br \/>\n&#8211; 6 flache Reihen (auf den Feilenf\u00fchrungen installiert)<br \/>\n&#8211; Identifikationsstifte mit 12 Reihen Durchmesser<\/p>\n<p>3x Kettenantriebe f\u00fcr .404&#8243;, 1\/4&#8243; &#8211; 3\/8&#8243; &#8211; .325&#8243; und 1\/4&#8243; LP (PEAK)<br \/>\n Teilung2x Seitensicherungen<br \/>\n4x M3<br \/>\nSchrauben 4x M3<br \/>\nMuttern 1x Maulschl\u00fcssel<br \/>\n1x USB-Mini B Kabel f\u00fcr Software-Update<br \/>\n1x Schwarzer<br \/>\nMarker 1x Manuelles Set  <\/p>\n<p>Systembeschreibung:<\/p>\n<p>\u2022 Pr\u00e4zises Sch\u00e4rfen, Verwendung von runden und flachen<br \/>\n Feilen- Sch\u00e4rfen nach links\/rechts<br \/>\n&#8211; Sch\u00e4rfen des Tiefenbegrenzers parallel zum Sch\u00e4rfen der Z\u00e4hne<br \/>\n&#8211; Auswahl der Anzahl der Feilenh\u00fcbe und der aufgewendeten<br \/>\n Kraft- Sehr kurze Installationszeit (weniger als eine Minute)<br \/>\n&#8211; Einfache und intuitive<br \/>\n Programmierung- Niedrige Kosten f\u00fcr Verbrauchsmaterialien<br \/>\n&#8211; Einfache Wartung &#8211; Stromversorgung 12VDC\/24VDC oder 110VAC\/220 VAC<br \/>\n&#8211; Einzigartige und innovative Schleifl\u00f6sung von Vallorbe Swiss<\/p>\n","protected":false},"excerpt":{"rendered":"<p>Bestehend aus: 1x Automatisches Sch\u00e4rfsteuerger\u00e4t 1x 110-240V Netzteil und 4 Netzstecker (EU, US, UK und AU) 1x Kettenspanner 1x Satz<\/p>\n","protected":false},"featured_media":52255,"template":"","meta":{"_seopress_robots_primary_cat":"","_seopress_titles_title":"","_seopress_titles_desc":"","_seopress_robots_index":""},"product_brand":[4422],"product_cat":[169,1454,1464],"product_tag":[],"class_list":{"0":"post-503929","1":"product","2":"type-product","3":"status-publish","4":"has-post-thumbnail","6":"product_brand-vallorbe-de","7":"product_cat-maschinen","8":"product_cat-andere-gerate","9":"product_cat-kettensagen-scharfgerate","10":"sws-gruppo-macchinari","11":"sws-conto-ricavi-merci-rivendita-macchinari","12":"sws-gruppo-iva-iva81","14":"first","15":"onbackorder","16":"shipping-taxable","17":"purchasable","18":"product-type-simple"},"_links":{"self":[{"href":"https:\/\/lucacastelli.com\/de\/wp-json\/wp\/v2\/product\/503929","targetHints":{"allow":["GET"]}}],"collection":[{"href":"https:\/\/lucacastelli.com\/de\/wp-json\/wp\/v2\/product"}],"about":[{"href":"https:\/\/lucacastelli.com\/de\/wp-json\/wp\/v2\/types\/product"}],"wp:featuredmedia":[{"embeddable":true,"href":"https:\/\/lucacastelli.com\/de\/wp-json\/wp\/v2\/media\/52255"}],"wp:attachment":[{"href":"https:\/\/lucacastelli.com\/de\/wp-json\/wp\/v2\/media?parent=503929"}],"wp:term":[{"taxonomy":"product_brand","embeddable":true,"href":"https:\/\/lucacastelli.com\/de\/wp-json\/wp\/v2\/product_brand?post=503929"},{"taxonomy":"product_cat","embeddable":true,"href":"https:\/\/lucacastelli.com\/de\/wp-json\/wp\/v2\/product_cat?post=503929"},{"taxonomy":"product_tag","embeddable":true,"href":"https:\/\/lucacastelli.com\/de\/wp-json\/wp\/v2\/product_tag?post=503929"}],"curies":[{"name":"wp","href":"https:\/\/api.w.org\/{rel}","templated":true}]}}